{"id":87754,"date":"2016-04-05T15:52:47","date_gmt":"2016-04-05T13:52:47","guid":{"rendered":"https:\/\/www.seaflowerstore.com\/nl\/ph-balance-225g\/"},"modified":"2024-03-20T16:37:18","modified_gmt":"2024-03-20T15:37:18","slug":"ph-balance-225g","status":"publish","type":"product","link":"https:\/\/www.seaflowerstore.com\/de\/ph-balance-225g\/","title":{"rendered":"PH Balance 225g"},"content":{"rendered":"<h2>PH Balance 225g&nbsp;<span>raises both carbonate alkalinity and pH<\/span><\/h2>\n<p>Wir stellen vor: <strong>pH-Balance\u00ae<\/strong>, Ihr Puffer f\u00fcr Meerwasser- und Riffaquarien. Dieses Produkt erh\u00f6ht effektiv sowohl die Karbonat-Alkalinit\u00e4t als auch den pH-Wert, ohne zu \u00fcbersteigen, sodass Sie ganz einfach einen pH-Wert von 8,3 aufrechterhalten k\u00f6nnen.<\/p>\n<p>Der pH-Wert von Meerwasser im offenen Ozean ist dank des Karbonat-Bikarbonat-Puffersystems in der Regel stabil und liegt normalerweise zwischen 8,0 und 8,3. In Gezeitent\u00fcmpeln und Aquarien kann der pH-Wert jedoch aufgrund der Auswirkungen der Atmung und Photosynthese in diesen begrenzten R\u00e4umen st\u00e4rker schwanken. In einem Aquarium ohne Licht kommt es h\u00e4ufig vor, dass der pH-Wert aufgrund der CO2-Atmung vor\u00fcbergehend sinkt, wenn keine Photosynthese stattfindet.<\/p>\n<p>Wenn das Licht eingeschaltet wird, hilft die Photosynthese, den pH-Wert wieder zu erh\u00f6hen. Im Laufe der Zeit k\u00f6nnen durch biologische Aktivit\u00e4t verursachte Ver\u00e4nderungen der Wasserqualit\u00e4t zu einem R\u00fcckgang der Alkalit\u00e4t und niedrigeren pH-Werten f\u00fchren. Wenn die Alkalit\u00e4t niedrig ist, kann es sein, dass der pH-Wert tags\u00fcber nicht den idealen Bereich von 8,1 bis 8,4 erreicht.<\/p>\n<p>Um die Alkalit\u00e4t und den pH-Wert effektiv auf die gew\u00fcnschten Werte anzuheben, sollten Sie den <strong>pH-Balance Marine Aquarium Buffer<\/strong> verwenden. Dies hilft, die Wasserqualit\u00e4t in Ihren Meerwasser- und Riffaquarien zu stabilisieren.<\/p>\n","protected":false},"excerpt":{"rendered":"<p>Use ph-Balance Marine Aquarium Buffer to increase alkalinity and Ph to the desired levels and to stabilize water quality in marine and reef aquariums.<\/p>\n","protected":false},"featured_media":79020,"template":"","meta":[],"pwb-brand":[2231],"product_cat":[1391,515],"product_tag":[],"class_list":{"0":"post-87754","1":"product","2":"type-product","3":"status-publish","4":"has-post-thumbnail","6":"pwb-brand-two-little-fishies","7":"product_cat-ergaenzungen","8":"product_cat-additives","10":"first","11":"outofstock","12":"taxable","13":"shipping-taxable","14":"purchasable","15":"product-type-simple"},"acf":[],"brands":[{"id":2231,"name":"Two Little Fishies","slug":"two-little-fishies"}],"_links":{"self":[{"href":"https:\/\/www.seaflowerstore.com\/de\/wp-json\/wp\/v2\/product\/87754","targetHints":{"allow":["GET"]}}],"collection":[{"href":"https:\/\/www.seaflowerstore.com\/de\/wp-json\/wp\/v2\/product"}],"about":[{"href":"https:\/\/www.seaflowerstore.com\/de\/wp-json\/wp\/v2\/types\/product"}],"wp:featuredmedia":[{"embeddable":true,"href":"https:\/\/www.seaflowerstore.com\/de\/wp-json\/wp\/v2\/media\/79020"}],"wp:attachment":[{"href":"https:\/\/www.seaflowerstore.com\/de\/wp-json\/wp\/v2\/media?parent=87754"}],"wp:term":[{"taxonomy":"pwb-brand","embeddable":true,"href":"https:\/\/www.seaflowerstore.com\/de\/wp-json\/wp\/v2\/pwb-brand?post=87754"},{"taxonomy":"product_cat","embeddable":true,"href":"https:\/\/www.seaflowerstore.com\/de\/wp-json\/wp\/v2\/product_cat?post=87754"},{"taxonomy":"product_tag","embeddable":true,"href":"https:\/\/www.seaflowerstore.com\/de\/wp-json\/wp\/v2\/product_tag?post=87754"}],"curies":[{"name":"wp","href":"https:\/\/api.w.org\/{rel}","templated":true}]}}