{"id":87755,"date":"2016-04-05T15:48:15","date_gmt":"2016-04-05T13:48:15","guid":{"rendered":"https:\/\/www.seaflowerstore.com\/nl\/phytoplan-30g\/"},"modified":"2024-03-20T16:37:16","modified_gmt":"2024-03-20T15:37:16","slug":"phytoplan-30g","status":"publish","type":"product","link":"https:\/\/www.seaflowerstore.com\/de\/phytoplan-30g\/","title":{"rendered":"Phytoplan 30g"},"content":{"rendered":"<h2>PhytoPlan by Two Little Fishies is a unique spray-dried blend of several strains of phytoplankton specially formulated to maintain their nutritional value<\/h2>\n<p>PhytoPlan von Two Little Fishies ist eine ausgezeichnete Wahl f\u00fcr alle, die nahrhafte Nahrung f\u00fcr filtrierende Riff-Wirbellose suchen. Diese einzigartige spr\u00fchgetrocknete Mischung aus mehreren Phytoplanktonst\u00e4mmen wurde speziell entwickelt, um ihren N\u00e4hrstoffgehalt zu erhalten.<\/p>\n<p>Dieses Produkt ist f\u00fcr verschiedene filtrierende Wirbellose von Vorteil, wie:<\/p>\n<ul>\n<li>Weich- und Steinkorallen<\/li>\n<li>Anemonen<\/li>\n<li>Federw\u00fcrmer<\/li>\n<li>Muscheln<\/li>\n<li>Schw\u00e4mme<\/li>\n<li>Manteltiere<\/li>\n<\/ul>\n<p>PhytoPlan hilft dabei, Nahrungsnetze in geschlossenen Aquarien\u00f6kosystemen zu simulieren und unterst\u00fctzt bei t\u00e4glicher Zugabe die Entwicklung von Zooplankton. Es ist einfacher und wirtschaftlicher zu verwenden als lebendes Phytoplankton. Sie k\u00f6nnen PhytoPlan auch mit Fertiggerichten oder Tiefk\u00fchlkost mischen, um deren N\u00e4hrwert zu erh\u00f6hen.<\/p>\n<p><strong>Zutaten:<\/strong> 100 % spr\u00fchgetrocknetes Phytoplankton<\/p>\n<table border=\"0\" cellspacing=\"0\" cellpadding=\"5\" bgcolor=\"#dcdddf\">\n<tbody>\n<tr align=\"center\" bgcolor=\"#336699\">\n<td colspan=\"2\"><strong>Garantierte Analyse<\/strong><\/td>\n<\/tr>\n<tr>\n<td>Rohprotein<\/td>\n<td>min. 28,0 %<\/td>\n<\/tr>\n<tr bgcolor=\"#94c2dc\">\n<td>Rohfett<\/td>\n<td>min. 13,0 %<\/td>\n<\/tr>\n<tr>\n<td>Rohfaser<\/td>\n<td>max. 19,0 %<\/td>\n<\/tr>\n<tr bgcolor=\"#94c2dc\">\n<td>Feuchtigkeit<\/td>\n<td>max. 5,0 %<\/td>\n<\/tr>\n<\/tbody>\n<\/table>\n<p><strong>Gebrauchsanweisung:<\/strong><\/p>\n<p>F\u00fcttern Sie t\u00e4glich etwa 1\/4 Teel\u00f6ffel (L\u00f6ffel im Lieferumfang enthalten) pro 110 Liter. Mischen Sie bei Filtrierern die Tagesdosis in 1\/2 Liter Wasser und stellen Sie sicher, dass alles gut vermischt ist, bevor Sie es in das Aquarium geben. Um den N\u00e4hrwert von Trockenfischfutter zu erh\u00f6hen, lassen Sie es kurz in einer Mischung aus 1\/4 Teel\u00f6ffel PhytoPlan und zwei Essl\u00f6ffeln Wasser einweichen.<\/p>\n","protected":false},"excerpt":{"rendered":"<p>PhytoPlan by Two Little Fishies is a unique spray-dried blend of several strains of phytoplankton specially formulated to maintain their nutritional value<\/p>\n","protected":false},"featured_media":79018,"template":"","meta":[],"pwb-brand":[2231],"product_cat":[1391,1402],"product_tag":[],"class_list":{"0":"post-87755","1":"product","2":"type-product","3":"status-publish","4":"has-post-thumbnail","6":"pwb-brand-two-little-fishies","7":"product_cat-ergaenzungen","8":"product_cat-verschieden","10":"first","11":"instock","12":"taxable","13":"shipping-taxable","14":"purchasable","15":"product-type-simple"},"acf":[],"brands":[{"id":2231,"name":"Two Little Fishies","slug":"two-little-fishies"}],"_links":{"self":[{"href":"https:\/\/www.seaflowerstore.com\/de\/wp-json\/wp\/v2\/product\/87755","targetHints":{"allow":["GET"]}}],"collection":[{"href":"https:\/\/www.seaflowerstore.com\/de\/wp-json\/wp\/v2\/product"}],"about":[{"href":"https:\/\/www.seaflowerstore.com\/de\/wp-json\/wp\/v2\/types\/product"}],"wp:featuredmedia":[{"embeddable":true,"href":"https:\/\/www.seaflowerstore.com\/de\/wp-json\/wp\/v2\/media\/79018"}],"wp:attachment":[{"href":"https:\/\/www.seaflowerstore.com\/de\/wp-json\/wp\/v2\/media?parent=87755"}],"wp:term":[{"taxonomy":"pwb-brand","embeddable":true,"href":"https:\/\/www.seaflowerstore.com\/de\/wp-json\/wp\/v2\/pwb-brand?post=87755"},{"taxonomy":"product_cat","embeddable":true,"href":"https:\/\/www.seaflowerstore.com\/de\/wp-json\/wp\/v2\/product_cat?post=87755"},{"taxonomy":"product_tag","embeddable":true,"href":"https:\/\/www.seaflowerstore.com\/de\/wp-json\/wp\/v2\/product_tag?post=87755"}],"curies":[{"name":"wp","href":"https:\/\/api.w.org\/{rel}","templated":true}]}}