{"id":87756,"date":"2016-04-05T15:45:22","date_gmt":"2016-04-05T13:45:22","guid":{"rendered":"https:\/\/www.seaflowerstore.com\/nl\/zoplan-30gr\/"},"modified":"2026-04-14T20:59:50","modified_gmt":"2026-04-14T18:59:50","slug":"zoplan-30gr","status":"publish","type":"product","link":"https:\/\/www.seaflowerstore.com\/de\/zoplan-30gr\/","title":{"rendered":"ZoPlan 30gr"},"content":{"rendered":"<h2>ZoPlan 30gr<\/h2>\n<p><strong>Two Little Fishies ZoPlan<\/strong> ist das perfekte Futter f\u00fcr Meereswirbellose und Fische, die Zooplankton m\u00f6gen. Es ist vollgepackt mit lebenswichtigen N\u00e4hrstoffen und bietet eine reichhaltige Quelle an Vitaminen, Pigmenten, Aminos\u00e4uren und essentiellen Fetts\u00e4uren. Dieses nahrhafte, auf Zooplankton basierende Futter wurde entwickelt, um eine angemessene Ern\u00e4hrung Ihrer Wirbellosen zu gew\u00e4hrleisten.<\/p>\n<ul>\n<li>Ideales Futter f\u00fcr wirbellose Meerestiere und Fische, die sich von Zooplankton ern\u00e4hren<\/li>\n<li>Reichhaltige Quelle f\u00fcr Vitamine, Pigmente, Aminos\u00e4uren und essentielle Fetts\u00e4uren<\/li>\n<li>N\u00e4hrstoffreiches, auf Zooplankton basierendes Futter sorgt f\u00fcr eine angemessene Ern\u00e4hrung der Wirbellosen<\/li>\n<\/ul>\n<p style=\"font-size: 14.4px;\">Nur f\u00fcr den Gebrauch im Aquarium.<\/p>\n<p style=\"font-size: 14.4px;\">Nicht f\u00fcr die Verwendung mit Fischen oder anderen Tieren bestimmt, die f\u00fcr den menschlichen Verzehr gez\u00fcchtet werden.<\/p>\n<p>Diese Mischung aus getrockneten Krustentieren und anderen Meeresbewohnern hat die perfekte Gr\u00f6\u00dfe f\u00fcr wirbellose Rifftiere. ZoPlan Zooplankton Diet ist eine ausgezeichnete Wahl f\u00fcr verschiedene wirbellose Meerestiere, darunter Weich- und Steinkorallen, Gorgonien, Gorgonien, Anemonen, Cerianthiden, Zoanthiden, Hydrozoen, Muscheln und andere Filtrierer. Es ist auch f\u00fcr Fische geeignet, die Zooplankton fressen.<\/p>\n<p>Dieses Futter enth\u00e4lt Partikel verschiedener Gr\u00f6\u00dfen, von weniger als 10 Mikrometer bis \u00fcber 250 Mikrometer, und hat einen geringen Feuchtigkeitsgehalt, wodurch ein konzentrierter N\u00e4hrwert gew\u00e4hrleistet wird.<\/p>\n<p><strong>Zutaten:<\/strong> Getrocknete Garnelen, Ruderfu\u00dfkrebse, Fische, Krabben und andere wirbellose Meerestiere.<\/p>\n<table border=\"0\" cellspacing=\"0\" cellpadding=\"5\" bgcolor=\"#dcdddf\">\n<tbody>\n<tr align=\"center\" bgcolor=\"#336699\">\n<td colspan=\"2\">Garantierte Analyse<\/td>\n<\/tr>\n<tr>\n<td>Rohprotein<\/td>\n<td>mindestens 51,0 %<\/td>\n<\/tr>\n<tr bgcolor=\"#94c2dc\">\n<td>Roh Fett<\/td>\n<td>min 6,5 %<\/td>\n<\/tr>\n<tr>\n<td>Rohfaser<\/td>\n<td>max 5,2 %<\/td>\n<\/tr>\n<tr bgcolor=\"#94c2dc\">\n<td>Feuchtigkeit<\/td>\n<td>max 7,0 %<\/td>\n<\/tr>\n<\/tbody>\n<\/table>\n<p><strong>Gebrauchsanweisung:<\/strong> T\u00e4glich 1\/4 Teel\u00f6ffel pro 75 Liter verwenden, gemischt mit einer Tasse Wasser. Flasche fest verschlossen halten und an einem k\u00fchlen, trockenen Ort aufbewahren. Um den N\u00e4hrwert zu erhalten, nach dem \u00d6ffnen bitte im K\u00fchlschrank aufbewahren.<\/p>\n","protected":false},"excerpt":{"rendered":"<h2>Two Little Fishies ZoPlan 30gr is the ideal food for marine invertebrate<\/h2>\n","protected":false},"featured_media":79017,"template":"","meta":[],"pwb-brand":[2231],"product_cat":[1402],"product_tag":[],"class_list":{"0":"post-87756","1":"product","2":"type-product","3":"status-publish","4":"has-post-thumbnail","6":"pwb-brand-two-little-fishies","7":"product_cat-verschieden","9":"first","10":"instock","11":"taxable","12":"shipping-taxable","13":"purchasable","14":"product-type-simple"},"acf":[],"brands":[{"id":2231,"name":"Two Little Fishies","slug":"two-little-fishies"}],"_links":{"self":[{"href":"https:\/\/www.seaflowerstore.com\/de\/wp-json\/wp\/v2\/product\/87756","targetHints":{"allow":["GET"]}}],"collection":[{"href":"https:\/\/www.seaflowerstore.com\/de\/wp-json\/wp\/v2\/product"}],"about":[{"href":"https:\/\/www.seaflowerstore.com\/de\/wp-json\/wp\/v2\/types\/product"}],"wp:featuredmedia":[{"embeddable":true,"href":"https:\/\/www.seaflowerstore.com\/de\/wp-json\/wp\/v2\/media\/79017"}],"wp:attachment":[{"href":"https:\/\/www.seaflowerstore.com\/de\/wp-json\/wp\/v2\/media?parent=87756"}],"wp:term":[{"taxonomy":"pwb-brand","embeddable":true,"href":"https:\/\/www.seaflowerstore.com\/de\/wp-json\/wp\/v2\/pwb-brand?post=87756"},{"taxonomy":"product_cat","embeddable":true,"href":"https:\/\/www.seaflowerstore.com\/de\/wp-json\/wp\/v2\/product_cat?post=87756"},{"taxonomy":"product_tag","embeddable":true,"href":"https:\/\/www.seaflowerstore.com\/de\/wp-json\/wp\/v2\/product_tag?post=87756"}],"curies":[{"name":"wp","href":"https:\/\/api.w.org\/{rel}","templated":true}]}}