{"id":87757,"date":"2016-04-05T15:41:13","date_gmt":"2016-04-05T13:41:13","guid":{"rendered":"https:\/\/www.seaflowerstore.com\/nl\/seaelements-250ml\/"},"modified":"2026-03-02T22:09:04","modified_gmt":"2026-03-02T21:09:04","slug":"seaelements-250ml","status":"publish","type":"product","link":"https:\/\/www.seaflowerstore.com\/de\/seaelements-250ml\/","title":{"rendered":"SeaElements 250ml"},"content":{"rendered":"<h2>Two Little Fishies SeaElements helps maintain natural seawater levels of important trace and minor elements in aquariums<\/h2>\n<p>Two Little Fishies SeaElements wurde entwickelt, um die nat\u00fcrlichen Werte wichtiger Spuren- und Spurenelemente in Ihrem Aquarium aufrechtzuerhalten. Es behebt effektiv eventuell auftretende M\u00e4ngel und f\u00f6rdert im Gegensatz zu vielen anderen Erg\u00e4nzungsmitteln nicht die Ansammlung \u00fcbersch\u00fcssiger Elemente, die f\u00fcr Ihre Wasserumgebung sch\u00e4dlich sein k\u00f6nnen.<\/p>\n<p>Es ist wichtig zu beachten, dass sich nat\u00fcrliches Meerwasser in vielerlei Hinsicht von dem k\u00fcnstlichen Meerwasser unterscheidet, das \u00fcblicherweise in Heimaquarien zu finden ist. Einige Spurenelemente in k\u00fcnstlichem Meerwasser k\u00f6nnen die nat\u00fcrlichen Werte deutlich \u00fcberschreiten, w\u00e4hrend andere fehlen oder unzureichend vorhanden sein k\u00f6nnen. Dar\u00fcber hinaus k\u00f6nnen bestimmte Elemente in k\u00fcnstlichem Meerwasser im Aquarium schnell ersch\u00f6pft sein.<\/p>\n<p>Da sich einige Spurenelemente aufgrund von Futtereintr\u00e4gen und anderen Quellen in Aquarien ansammeln k\u00f6nnen, sollte ein ideales Erg\u00e4nzungsmittel nur die Elemente enthalten, die tats\u00e4chlich ersch\u00f6pft sind. Die Formel f\u00fcr SeaElements basiert auf einer gr\u00fcndlichen Analyse der Ver\u00e4nderungen der Meerwasserchemie, die in Aquarien auftreten, und ber\u00fccksichtigt Faktoren wie Wasseraustauschraten, F\u00fctterungspraktiken und die Arten der vorhandenen Pflanzen und Wirbellosen.<\/p>\n<p>Die Forschung zu den Auswirkungen einer w\u00f6chentlichen Erg\u00e4nzung in Aquarien mit Standardbesatz und Wasseraustausch hat zu einer Formel gef\u00fchrt, die diese wesentlichen Elemente effektiv liefert, ohne dramatische Ver\u00e4nderungen der Wasserchemie oder \u00fcberm\u00e4\u00dfige Ansammlung zu verursachen. Nat\u00fcrliche Chelatbildner sind enthalten, um die verschiedenen Elemente in L\u00f6sung zu halten, und sie sammeln sich nicht im Aquarium an, da sie leicht von nat\u00fcrlich vorkommenden Bakterien abgebaut werden.<\/p>\n<p><strong>Dosierung:<\/strong><\/p>\n<ul>\n<li>F\u00fcgen Sie w\u00f6chentlich 2 Tropfen pro Gallone in einen Bereich mit starker Wasserzirkulation hinzu. Diese Dosierung ist f\u00fcr reine Fischaquarien oder leicht mit Wirbellosen besetzte Aquarien geeignet.<\/li>\n<li>F\u00fcgen Sie f\u00fcr Riffaquarien mit dichtem Wachstum von Weich- und Steinkorallen w\u00f6chentlich 3 bis 4 Tropfen pro Gallone hinzu. Bitte nicht mehr als 4 Tropfen pro Gallone verwenden. Vor Gebrauch sch\u00fctteln.<\/li>\n<\/ul>\n<p>SeaElements enth\u00e4lt Bromid, Jod, Eisen, Mangan, Strontium und andere Elemente sowie organische Extrakte, die die Aufnahme von Spurenelementen unterst\u00fctzen. Es ist kompatibel mit Two Little Fishies C-Balance, aber bitte mischen Sie SeaElements nicht mit C-Balance oder anderen Erg\u00e4nzungsmitteln in einem Dosierbeh\u00e4lter. SeaElements kann auch zusammen mit Two Little Fishies Strontiumkonzentrat und\/oder Jodkonzentrat in Korallenzuchtanlagen oder Aquarien mit sehr dichtem Korallenwachstum verwendet werden.<\/p>\n<p>Eine w\u00f6chentliche Dosierung von SeaElements reicht aus, um die Gesundheit Ihres Aquariums zu erhalten. Die Verwendung automatischer Dosierpumpen zur t\u00e4glichen Verabreichung ist nicht notwendig, aber auch nicht sch\u00e4dlich. Achten Sie nur darauf, die empfohlenen w\u00f6chentlichen Dosierungsrichtlinien einzuhalten.<\/p>\n<p><strong>Zutaten:<\/strong> Spurenelemente, nat\u00fcrliche Chelatbildner und durch Umkehrosmose gereinigtes Wasser.<\/p>\n","protected":false},"excerpt":{"rendered":"<p>Two Little Fishies SeaElements helps maintain natural seawater levels of important trace and minor elements in aquariums<\/p>\n","protected":false},"featured_media":79015,"template":"","meta":[],"pwb-brand":[2231],"product_cat":[1391],"product_tag":[],"class_list":{"0":"post-87757","1":"product","2":"type-product","3":"status-publish","4":"has-post-thumbnail","6":"pwb-brand-two-little-fishies","7":"product_cat-ergaenzungen","9":"first","10":"instock","11":"taxable","12":"shipping-taxable","13":"purchasable","14":"product-type-simple"},"acf":[],"brands":[{"id":2231,"name":"Two Little Fishies","slug":"two-little-fishies"}],"_links":{"self":[{"href":"https:\/\/www.seaflowerstore.com\/de\/wp-json\/wp\/v2\/product\/87757","targetHints":{"allow":["GET"]}}],"collection":[{"href":"https:\/\/www.seaflowerstore.com\/de\/wp-json\/wp\/v2\/product"}],"about":[{"href":"https:\/\/www.seaflowerstore.com\/de\/wp-json\/wp\/v2\/types\/product"}],"wp:featuredmedia":[{"embeddable":true,"href":"https:\/\/www.seaflowerstore.com\/de\/wp-json\/wp\/v2\/media\/79015"}],"wp:attachment":[{"href":"https:\/\/www.seaflowerstore.com\/de\/wp-json\/wp\/v2\/media?parent=87757"}],"wp:term":[{"taxonomy":"pwb-brand","embeddable":true,"href":"https:\/\/www.seaflowerstore.com\/de\/wp-json\/wp\/v2\/pwb-brand?post=87757"},{"taxonomy":"product_cat","embeddable":true,"href":"https:\/\/www.seaflowerstore.com\/de\/wp-json\/wp\/v2\/product_cat?post=87757"},{"taxonomy":"product_tag","embeddable":true,"href":"https:\/\/www.seaflowerstore.com\/de\/wp-json\/wp\/v2\/product_tag?post=87757"}],"curies":[{"name":"wp","href":"https:\/\/api.w.org\/{rel}","templated":true}]}}