{"id":87758,"date":"2016-04-05T15:37:26","date_gmt":"2016-04-05T13:37:26","guid":{"rendered":"https:\/\/www.seaflowerstore.com\/nl\/strontium-concentrate-250ml\/"},"modified":"2024-03-20T16:37:10","modified_gmt":"2024-03-20T15:37:10","slug":"strontium-concentrate-250ml","status":"publish","type":"product","link":"https:\/\/www.seaflowerstore.com\/de\/strontium-concentrate-250ml\/","title":{"rendered":"Strontium concentrate 250ml"},"content":{"rendered":"<h2>Strontium concentrate 250ml<\/h2>\n<p><strong>Two Little Fishies Strontiumkonzentrat 250 ml<\/strong> ist ein fantastisches Produkt zur Unterst\u00fctzung riffbildender Korallen. Hier sind einige wichtige Vorteile:<\/p>\n<ul>\n<li>Bietet einen Strontiumschub, der riffbildenden Korallen zugutekommt.<\/li>\n<li>Verbessert die Ablagerung von Kalkskeletten und f\u00f6rdert so gesundes Korallenwachstum.<\/li>\n<li>Konzentriertes Strontiumpr\u00e4parat speziell f\u00fcr Meerwasseraquarien.<\/li>\n<\/ul>\n<p>Dieses von Julian Sprung entwickelte Strontiumkonzentrat von Two Little Fishies bietet Strontium in Formen, die Meereslebewesen leicht nutzen k\u00f6nnen. Es hilft, eine optimale Wasserqualit\u00e4t aufrechtzuerhalten, die f\u00fcr das Wachstum von Korallen und anderen Meeresorganismen, die Kalkskelette bilden, unerl\u00e4sslich ist. Mit dieser 250-ml-Flasche k\u00f6nnen Sie bis zu 375 Liter bis zu 50 Wochen lang behandeln.<\/p>\n<h2>Gebrauchsanweisung f\u00fcr Strontiumkonzentrat<\/h2>\n<p>Bei lebenden Riffaquarien geben Sie w\u00f6chentlich eine Verschlusskappe pro 375 Liter hinzu. Wenn Sie mit Korallenkultursystemen oder Aquarien arbeiten, die eine dichte Population schnell wachsender Korallen und Kalkalgen aufweisen, k\u00f6nnen Sie die Dosierung auf maximal eine Verschlusskappe pro 190 Liter pro Woche erh\u00f6hen.<\/p>\n<p><strong>Zutaten:<\/strong> Durch Umkehrosmose gereinigtes Wasser und Strontiumchlorid.<\/p>\n","protected":false},"excerpt":{"rendered":"<p>Two Little Fishies Strontium concentrate 250ml<\/p>\n","protected":false},"featured_media":79014,"template":"","meta":[],"pwb-brand":[2231],"product_cat":[1391,515],"product_tag":[],"class_list":{"0":"post-87758","1":"product","2":"type-product","3":"status-publish","4":"has-post-thumbnail","6":"pwb-brand-two-little-fishies","7":"product_cat-ergaenzungen","8":"product_cat-additives","10":"first","11":"instock","12":"taxable","13":"shipping-taxable","14":"purchasable","15":"product-type-simple"},"acf":[],"brands":[{"id":2231,"name":"Two Little Fishies","slug":"two-little-fishies"}],"_links":{"self":[{"href":"https:\/\/www.seaflowerstore.com\/de\/wp-json\/wp\/v2\/product\/87758","targetHints":{"allow":["GET"]}}],"collection":[{"href":"https:\/\/www.seaflowerstore.com\/de\/wp-json\/wp\/v2\/product"}],"about":[{"href":"https:\/\/www.seaflowerstore.com\/de\/wp-json\/wp\/v2\/types\/product"}],"wp:featuredmedia":[{"embeddable":true,"href":"https:\/\/www.seaflowerstore.com\/de\/wp-json\/wp\/v2\/media\/79014"}],"wp:attachment":[{"href":"https:\/\/www.seaflowerstore.com\/de\/wp-json\/wp\/v2\/media?parent=87758"}],"wp:term":[{"taxonomy":"pwb-brand","embeddable":true,"href":"https:\/\/www.seaflowerstore.com\/de\/wp-json\/wp\/v2\/pwb-brand?post=87758"},{"taxonomy":"product_cat","embeddable":true,"href":"https:\/\/www.seaflowerstore.com\/de\/wp-json\/wp\/v2\/product_cat?post=87758"},{"taxonomy":"product_tag","embeddable":true,"href":"https:\/\/www.seaflowerstore.com\/de\/wp-json\/wp\/v2\/product_tag?post=87758"}],"curies":[{"name":"wp","href":"https:\/\/api.w.org\/{rel}","templated":true}]}}