{"id":87759,"date":"2016-04-05T15:30:51","date_gmt":"2016-04-05T13:30:51","guid":{"rendered":"https:\/\/www.seaflowerstore.com\/nl\/potassium-concentrate-500ml\/"},"modified":"2026-03-02T22:09:04","modified_gmt":"2026-03-02T21:09:04","slug":"potassium-concentrate-500ml","status":"publish","type":"product","link":"https:\/\/www.seaflowerstore.com\/de\/potassium-concentrate-500ml\/","title":{"rendered":"Potassium Concentrate 500ml"},"content":{"rendered":"<h2>Potassium Concentrate 500ml<\/h2>\n<p><strong>Two Little Fishies Kaliumkonzentrat 500 ml<\/strong> wurde entwickelt, um die Kaliumkonzentration in Ihrem Aquarium zu erh\u00f6hen. Dieses Produkt basiert auf Julian Sprungs Reef Formula.<\/p>\n<p>In nat\u00fcrlichem Meerwasser ist Kalium normalerweise in einer Konzentration von etwa 400 mg\/l enthalten. Es spielt eine entscheidende Rolle bei den Stoffwechselfunktionen aller lebenden Zellen. Manchmal fehlt es k\u00fcnstlichen Meerwassermischungen jedoch an ausreichend Kalium, und in vielen Riffaquarien kann der Kaliumspiegel aufgrund von Filtermethoden und der Extraktion von Kalium durch Meereslebewesen mit der Zeit sinken.<\/p>\n<p>Wenn Korallen unter Kaliummangel leiden, k\u00f6nnen Sie einen Farbverlust, langsames Wachstum oder sogar Gewebeverlust feststellen, insbesondere bei kleinpolypigen Steinkorallen. Es ist wichtig, <strong>Two Little Fishies Kaliumkonzentrat<\/strong> zu verwenden, um die Kaliumkonzentration in Ihrem Aquarium zu erh\u00f6hen, wenn sie unter 400 mg\/l f\u00e4llt.<\/p>\n<p>Die Erg\u00e4nzung mit Kalium ist besonders in n\u00e4hrstoffarmen Riffaquarien vorteilhaft, da es bekannterma\u00dfen die Entwicklung leuchtender Pigmente bei verschiedenen Korallenarten f\u00f6rdert, darunter:<\/p>\n<ul>\n<li>Montipora<\/li>\n<li>Acropora<\/li>\n<li>Stylophora<\/li>\n<li>Pocillopora<\/li>\n<li>Seriatopora<\/li>\n<\/ul>\n","protected":false},"excerpt":{"rendered":"<p>Two Little Fishies Potassium Concentrate 500ml to raise the potassium concentration in the aquarium<\/p>\n","protected":false},"featured_media":79013,"template":"","meta":[],"pwb-brand":[2231],"product_cat":[1391],"product_tag":[],"class_list":{"0":"post-87759","1":"product","2":"type-product","3":"status-publish","4":"has-post-thumbnail","6":"pwb-brand-two-little-fishies","7":"product_cat-ergaenzungen","9":"first","10":"instock","11":"taxable","12":"shipping-taxable","13":"purchasable","14":"product-type-simple"},"acf":[],"brands":[{"id":2231,"name":"Two Little Fishies","slug":"two-little-fishies"}],"_links":{"self":[{"href":"https:\/\/www.seaflowerstore.com\/de\/wp-json\/wp\/v2\/product\/87759","targetHints":{"allow":["GET"]}}],"collection":[{"href":"https:\/\/www.seaflowerstore.com\/de\/wp-json\/wp\/v2\/product"}],"about":[{"href":"https:\/\/www.seaflowerstore.com\/de\/wp-json\/wp\/v2\/types\/product"}],"wp:featuredmedia":[{"embeddable":true,"href":"https:\/\/www.seaflowerstore.com\/de\/wp-json\/wp\/v2\/media\/79013"}],"wp:attachment":[{"href":"https:\/\/www.seaflowerstore.com\/de\/wp-json\/wp\/v2\/media?parent=87759"}],"wp:term":[{"taxonomy":"pwb-brand","embeddable":true,"href":"https:\/\/www.seaflowerstore.com\/de\/wp-json\/wp\/v2\/pwb-brand?post=87759"},{"taxonomy":"product_cat","embeddable":true,"href":"https:\/\/www.seaflowerstore.com\/de\/wp-json\/wp\/v2\/product_cat?post=87759"},{"taxonomy":"product_tag","embeddable":true,"href":"https:\/\/www.seaflowerstore.com\/de\/wp-json\/wp\/v2\/product_tag?post=87759"}],"curies":[{"name":"wp","href":"https:\/\/api.w.org\/{rel}","templated":true}]}}