{"id":87760,"date":"2016-04-05T15:29:13","date_gmt":"2016-04-05T13:29:13","guid":{"rendered":"https:\/\/www.seaflowerstore.com\/nl\/phosban-454g\/"},"modified":"2025-05-15T13:05:06","modified_gmt":"2025-05-15T11:05:06","slug":"phosban-454g","status":"publish","type":"product","link":"https:\/\/www.seaflowerstore.com\/de\/phosban-454g\/","title":{"rendered":"PhosBan 454g"},"content":{"rendered":"<h2>PhosBan 454g<\/h2>\n<p><strong>Two Little Fishies PhosBan 454 g<\/strong> ist ein phosphatentfernendes Filtermedium, das Phosphat dauerhaft eliminiert.<\/p>\n<ul>\n<li>Ideal f\u00fcr Salz- und S\u00fc\u00dfwasseraquarien.<\/li>\n<li>Ungiftiges Filtermedium, das in typischen Aquarien mehrere Monate h\u00e4lt.<\/li>\n<li>Entfernt dauerhaft Phosphat aus Ihrem Aquarium.<\/li>\n<li>150-Gramm-Glas, inklusive Filterbeutel, behandelt bis zu 565 Liter.<\/li>\n<\/ul>\n<p>PhosBan von Two Little Fishies ist eine beliebte Wahl f\u00fcr chemische Filtermedien, da es keine Substanzen zur\u00fcck in Ihr Aquarium auslaugt. Es hat die gr\u00f6\u00dfte Adsorptionskapazit\u00e4t aller erh\u00e4ltlichen Phosphatfiltermedien. Die auf Eisenoxidhydroxid basierenden Granulate absorbieren auch organische Stoffe und andere Schadstoffe. Sie k\u00f6nnen es wie Aktivkohle verwenden, und ein Filterbeutel ist im Lieferumfang enthalten. Es ist ungiftig und h\u00e4lt in typischen Aquarien mehrere Monate, sodass es sowohl f\u00fcr Salz- als auch f\u00fcr S\u00fc\u00dfwasserumgebungen geeignet ist.<\/p>\n<p><strong>Anwendung:<\/strong> Sie k\u00f6nnen PhosBan vor der Verwendung kurz aussp\u00fclen, vermeiden Sie jedoch das Umr\u00fchren der K\u00f6rnchen, da diese br\u00f6ckelig sind und pulverisiert werden k\u00f6nnten. Legen Sie PhosBan in einen dicht gepackten Medienbeutel oder zwischen zwei Lagen feiner Filterwatte in einen Durchflussfilter oder eine Filterkammer und stellen Sie sicher, dass das Wasser gleichm\u00e4\u00dfig hindurchflie\u00dft. PhosBan funktioniert am besten in einem Aufw\u00e4rtsstromfilter wie dem PhosBan Reactor, stellen Sie jedoch sicher, dass der Durchfluss ausreichend reduziert ist, um ein Herumwirbeln der K\u00f6rnchen zu verhindern, das sie zu Pulver zermahlen w\u00fcrde.<\/p>\n<p><strong>Empfohlene Verwendung:<\/strong> Verwenden Sie 50 Gramm pro 200 Liter Salzwasser und 50 Gramm pro 400 Liter S\u00fc\u00dfwasser. PhosBan kann unbedenklich in mehr als der f\u00fcnffachen empfohlenen Menge verwendet werden; Bei hohen Dosierungen kann es jedoch zu einem Abfall der Alkalinit\u00e4t kommen. Es ist ratsam, die Alkalinit\u00e4tswerte zu \u00fcberwachen und bei Bedarf mit Puffer oder anderen Alkalinit\u00e4tszus\u00e4tzen anzupassen. Die Nutzungsdauer von PhosBan h\u00e4ngt von der Phosphatkonzentration in Ihrem Aquarium ab und kann mehrere Monate lang wirksam sein, bevor es ersetzt werden muss. Ersetzen Sie PhosBan, wenn der Phosphatgehalt zu steigen beginnt.<\/p>\n<p><strong>Inhalt:<\/strong> Synthetisches Eisenoxidhydroxid.<\/p>\n<p><strong>Lagerung:<\/strong> Bewahren Sie PhosBan in einem dicht verschlossenen Beh\u00e4lter auf. Bei ordnungsgem\u00e4\u00dfer Lagerung ist es mindestens drei Jahre haltbar.<\/p>\n<p><strong>Allgemeine Informationen:<\/strong> PhosBan ist ein synthetisches Eisenoxidhydroxid in Granulatform, das sich ideal f\u00fcr den Einsatz in Aquarienfiltern eignet. Seine por\u00f6se Struktur weist eine gro\u00dfe Oberfl\u00e4che mit vielen Adsorptionsstellen auf, um erhebliche Mengen Phosphat zu binden. PhosBan absorbiert auch Silikat, Arsen und wasserf\u00e4rbende organische Verbindungen. Weder Phosphat noch andere Stoffe werden wieder ins Wasser abgegeben, auch nicht nach vollst\u00e4ndiger S\u00e4ttigung. PhosBan kann sicher in S\u00fc\u00dfwasser- und Salzwasseraquarien und Teichen dauerhaft verwendet werden. Um Probleme mit Phosphatansammlungen zu vermeiden, ist es ratsam, die Phosphatkonzentration unter 0,015 ppm als P zu halten. Dieses Ziel kann durch die kontinuierliche Verwendung von PhosBan leicht erreicht werden. Es wird empfohlen, PhosBan sofort bei der Einrichtung eines neuen Aquariums zu verwenden, um sicherzustellen, dass die PO4-Konzentrationen nicht ansteigen. Mit PhosBan k\u00f6nnen Sie gro\u00dfe Fischpopulationen pflegen, ohne dass sich PO4 ansammelt. In Riffaquarien hilft PhosBan dabei, die niedrigen Phosphatwerte aufrechtzuerhalten, die f\u00fcr das schnelle Wachstum von Hart- und Weichkorallen erforderlich sind.<\/p>\n<p><strong>Warnung:<\/strong> Bitte vermeiden Sie den Kontakt mit Haut, Augen und Kleidung. Nicht einnehmen. Von Lebensmitteln fernhalten und keinen Staub einatmen. Es ist ratsam, beim Umgang eine Staubmaske zu tragen. Bei Kontakt mit der Haut gr\u00fcndlich mit Seife und viel Wasser waschen. Bei Kontakt mit den Augen mit viel Wasser sp\u00fclen und einen Arzt aufsuchen. Nur f\u00fcr Aquarien. Au\u00dferhalb der Reichweite von Kindern aufbewahren.<\/p>\n","protected":false},"excerpt":{"rendered":"<p>Two Little Fishies PhosBan 454g phosphate removing filter media permanently removes phosphate<\/p>\n","protected":false},"featured_media":79012,"template":"","meta":[],"pwb-brand":[2231],"product_cat":[1453,1493],"product_tag":[],"class_list":{"0":"post-87760","1":"product","2":"type-product","3":"status-publish","4":"has-post-thumbnail","6":"pwb-brand-two-little-fishies","7":"product_cat-nitrat-und-phosphatentferner","8":"product_cat-vulling-de","10":"first","11":"instock","12":"taxable","13":"shipping-taxable","14":"purchasable","15":"product-type-simple"},"acf":[],"brands":[{"id":2231,"name":"Two Little Fishies","slug":"two-little-fishies"}],"_links":{"self":[{"href":"https:\/\/www.seaflowerstore.com\/de\/wp-json\/wp\/v2\/product\/87760","targetHints":{"allow":["GET"]}}],"collection":[{"href":"https:\/\/www.seaflowerstore.com\/de\/wp-json\/wp\/v2\/product"}],"about":[{"href":"https:\/\/www.seaflowerstore.com\/de\/wp-json\/wp\/v2\/types\/product"}],"wp:featuredmedia":[{"embeddable":true,"href":"https:\/\/www.seaflowerstore.com\/de\/wp-json\/wp\/v2\/media\/79012"}],"wp:attachment":[{"href":"https:\/\/www.seaflowerstore.com\/de\/wp-json\/wp\/v2\/media?parent=87760"}],"wp:term":[{"taxonomy":"pwb-brand","embeddable":true,"href":"https:\/\/www.seaflowerstore.com\/de\/wp-json\/wp\/v2\/pwb-brand?post=87760"},{"taxonomy":"product_cat","embeddable":true,"href":"https:\/\/www.seaflowerstore.com\/de\/wp-json\/wp\/v2\/product_cat?post=87760"},{"taxonomy":"product_tag","embeddable":true,"href":"https:\/\/www.seaflowerstore.com\/de\/wp-json\/wp\/v2\/product_tag?post=87760"}],"curies":[{"name":"wp","href":"https:\/\/api.w.org\/{rel}","templated":true}]}}