{"id":87761,"date":"2016-04-05T15:25:22","date_gmt":"2016-04-05T13:25:22","guid":{"rendered":"https:\/\/www.seaflowerstore.com\/nl\/phosban-150g\/"},"modified":"2026-01-03T22:45:45","modified_gmt":"2026-01-03T21:45:45","slug":"phosban-150g","status":"publish","type":"product","link":"https:\/\/www.seaflowerstore.com\/de\/phosban-150g\/","title":{"rendered":"PhosBan 150g"},"content":{"rendered":"<h2>Two Little Fishies PhosBan 150g phosphate removing filter media permanently removes phosphate<\/h2>\n<p><strong>PhosBan<\/strong> von Two Little Fishies ist ein hoch angesehenes chemisches Filtermedium, das Phosphat effektiv entfernt, ohne dass Substanzen in Ihr Aquarium gelangen. Es verf\u00fcgt \u00fcber die gr\u00f6\u00dfte Adsorptionskapazit\u00e4t aller Phosphatfiltermedien. Es besteht aus Granulaten auf Eisenoxidhydroxidbasis und absorbiert auch organische Stoffe und andere Schadstoffe.<\/p>\n<p>Dieses Produkt ist wie Aktivkohle einfach zu verwenden und wird mit einem Filterbeutel geliefert. Es ist ungiftig und h\u00e4lt in typischen Aquarien mehrere Monate, sodass es sowohl f\u00fcr Salz- als auch f\u00fcr S\u00fc\u00dfwasserumgebungen geeignet ist.<\/p>\n<h3>Hauptmerkmale:<\/h3>\n<ul>\n<li>Ideal f\u00fcr Salz- und S\u00fc\u00dfwasseraquarien<\/li>\n<li>Ungiftiges Filtermedium, das mehrere Monate h\u00e4lt<\/li>\n<li>Entfernt dauerhaft Phosphat<\/li>\n<li>150-Gramm-Glas enth\u00e4lt einen Filterbeutel und behandelt bis zu 565 Liter<\/li>\n<\/ul>\n<h3>Gebrauchsanweisung:<\/h3>\n<p>Vor der Verwendung k\u00f6nnen Sie PhosBan kurz aussp\u00fclen. R\u00fchren Sie die Granulate jedoch bitte nicht um, da sie zerbrechlich sind und pulverisiert werden k\u00f6nnen. Platzieren Sie PhosBan in einem dicht gepackten Medienbeutel oder zwischen zwei Lagen feiner Filterwatte in einem Durchflussfilter oder einer Filterkammer und stellen Sie sicher, dass das Wasser gleichm\u00e4\u00dfig hindurchflie\u00dft.<\/p>\n<p>F\u00fcr optimale Ergebnisse funktioniert PhosBan am besten in einem Aufw\u00e4rtsstromfilter wie dem PhosBan Reactor. Achten Sie nur darauf, den Durchfluss ausreichend zu reduzieren, um zu verhindern, dass die Granulate herumwirbeln, was sie zu Pulver zermahlen k\u00f6nnte.<\/p>\n<h3>Empfohlene Verwendung:<\/h3>\n<p>Verwenden Sie 50 Gramm pro 200 Liter Salzwasser oder 50 Gramm pro 400 Liter S\u00fc\u00dfwasser. PhosBan kann sicher in mehr als der f\u00fcnffachen empfohlenen Menge verwendet werden. Bei hohen Dosierungen kann es jedoch zu einem Abfall der Alkalinit\u00e4t f\u00fchren, daher ist es wichtig, den Alkalinit\u00e4tsgrad zu \u00fcberwachen und bei Bedarf mit einem Puffer oder anderen Erg\u00e4nzungsmitteln anzupassen. Die Wirksamkeit von PhosBan kann je nach Phosphatkonzentration in Ihrem Aquarium mehrere Monate anhalten. Ersetzen Sie es, wenn der Phosphatgehalt zu steigen beginnt.<\/p>\n<h3>Inhalt:<\/h3>\n<p>Synthetisches Eisenoxidhydroxid.<\/p>\n<h3>Lagerung:<\/h3>\n<p>Bewahren Sie PhosBan in einem dicht verschlossenen Beh\u00e4lter auf. Bei sachgem\u00e4\u00dfer Lagerung ist es mindestens drei Jahre haltbar.<\/p>\n<h3>Allgemeine Informationen:<\/h3>\n<p>PhosBan ist ein synthetisches Eisenoxidhydroxid in Granulatform, das speziell f\u00fcr Aquarienfilter entwickelt wurde. Seine por\u00f6se Struktur bietet eine gro\u00dfe Oberfl\u00e4che mit zahlreichen Adsorptionsstellen, sodass es gro\u00dfe Mengen Phosphat binden kann. Dar\u00fcber hinaus kann PhosBan Silikat, Arsen und wasserf\u00e4rbende organische Verbindungen adsorbieren, ohne Substanzen wieder ins Wasser abzugeben, selbst nach Erreichen der vollst\u00e4ndigen S\u00e4ttigung. Es ist sicher f\u00fcr den Dauergebrauch in S\u00fc\u00dfwasser- und Salzwasseraquarien und Teichen.<\/p>\n<p>Um Probleme im Zusammenhang mit Phosphatansammlungen zu vermeiden, sollten Sie versuchen, den Phosphatgehalt unter 0,015 ppm als P zu halten. Dies l\u00e4sst sich leicht durch die dauerhafte Verwendung von PhosBan erreichen. Es ist ratsam, PhosBan gleich zu Beginn bei der Einrichtung eines neuen Aquariums zu verwenden, da dies dazu beitr\u00e4gt, dass die PO4-Konzentrationen zun\u00e4chst nicht ansteigen. Mit PhosBan k\u00f6nnen Sie gr\u00f6\u00dfere Fischpopulationen ohne das Risiko einer PO4-Ansammlung pflegen. In Riffaquarien hilft es, den niedrigen Phosphatgehalt aufrechtzuerhalten, der f\u00fcr das schnelle Wachstum von Hart- und Weichkorallen erforderlich ist.<\/p>\n<h3>Warnung:<\/h3>\n<p>Kontakt mit Haut, Augen und Kleidung vermeiden. Nicht einnehmen. Von Lebensmitteln fernhalten und keinen Staub einatmen. Es wird empfohlen, beim Umgang mit dem Produkt eine Staubmaske zu tragen. Bei Hautkontakt mit Seife und viel Wasser waschen. Bei Augenkontakt mit viel Wasser aussp\u00fclen und einen Arzt aufsuchen. Dieses Produkt ist nur f\u00fcr die Verwendung im Aquarium bestimmt und sollte au\u00dferhalb der Reichweite von Kindern aufbewahrt werden.<\/p>\n","protected":false},"excerpt":{"rendered":"<p>Two Little Fishies PhosBan 150g phosphate removing filter media permanently removes phosphate<\/p>\n","protected":false},"featured_media":79011,"template":"","meta":[],"pwb-brand":[2231],"product_cat":[1453,1493],"product_tag":[],"class_list":{"0":"post-87761","1":"product","2":"type-product","3":"status-publish","4":"has-post-thumbnail","6":"pwb-brand-two-little-fishies","7":"product_cat-nitrat-und-phosphatentferner","8":"product_cat-vulling-de","10":"first","11":"instock","12":"taxable","13":"shipping-taxable","14":"purchasable","15":"product-type-simple"},"acf":[],"brands":[{"id":2231,"name":"Two Little Fishies","slug":"two-little-fishies"}],"_links":{"self":[{"href":"https:\/\/www.seaflowerstore.com\/de\/wp-json\/wp\/v2\/product\/87761","targetHints":{"allow":["GET"]}}],"collection":[{"href":"https:\/\/www.seaflowerstore.com\/de\/wp-json\/wp\/v2\/product"}],"about":[{"href":"https:\/\/www.seaflowerstore.com\/de\/wp-json\/wp\/v2\/types\/product"}],"wp:featuredmedia":[{"embeddable":true,"href":"https:\/\/www.seaflowerstore.com\/de\/wp-json\/wp\/v2\/media\/79011"}],"wp:attachment":[{"href":"https:\/\/www.seaflowerstore.com\/de\/wp-json\/wp\/v2\/media?parent=87761"}],"wp:term":[{"taxonomy":"pwb-brand","embeddable":true,"href":"https:\/\/www.seaflowerstore.com\/de\/wp-json\/wp\/v2\/pwb-brand?post=87761"},{"taxonomy":"product_cat","embeddable":true,"href":"https:\/\/www.seaflowerstore.com\/de\/wp-json\/wp\/v2\/product_cat?post=87761"},{"taxonomy":"product_tag","embeddable":true,"href":"https:\/\/www.seaflowerstore.com\/de\/wp-json\/wp\/v2\/product_tag?post=87761"}],"curies":[{"name":"wp","href":"https:\/\/api.w.org\/{rel}","templated":true}]}}