{"id":87763,"date":"2016-04-05T15:08:03","date_gmt":"2016-04-05T13:08:03","guid":{"rendered":"https:\/\/www.seaflowerstore.com\/nl\/veggiemag\/"},"modified":"2024-03-20T16:37:04","modified_gmt":"2024-03-20T15:37:04","slug":"veggiemag","status":"publish","type":"product","link":"https:\/\/www.seaflowerstore.com\/de\/veggiemag\/","title":{"rendered":"VeggieMag"},"content":{"rendered":"<h2>VeggieMag to hold seaweed, spinach or other vegetable food items to provide proper nutrition for aquarium herbivores<\/h2>\n<p>Der <strong>VeggieMag<\/strong> ist eine innovative L\u00f6sung, um eine Vielzahl von Aquarienfutter m\u00fchelos zu befestigen. Hier sind einige seiner wichtigsten Funktionen:<\/p>\n<ul>\n<li>Klemmen Sie m\u00fchelos Algenbl\u00e4tter und anderes Futter f\u00fcr Aquarienpflanzenfresser an.<\/li>\n<li>Leistungsstarke Magnete sorgen f\u00fcr eine bequeme Platzierung in Ihrem Aquarium.<\/li>\n<\/ul>\n<p>Das Futterangebot f\u00fcr Ihre Aquarienbewohner zu diversifizieren war noch nie so einfach \u2013 ohne die Sauerei! Der <strong>Two Little Fishies VeggieMag<\/strong> macht das F\u00fcttern \u00fcberfl\u00fcssig, indem er leistungsstarke Magnete verwendet, die ihn an bis zu 19 mm dickem Glas befestigen. Dieser magnetisch gekoppelte F\u00fctterungsclip erm\u00f6glicht ein einfaches Anbringen und Entfernen, im Gegensatz zu herk\u00f6mmlichen Aquarienfutterclips, f\u00fcr die Sie oft ins Wasser greifen m\u00fcssen.<\/p>\n<p>Die schwimmende Clip-Baugruppe sorgt f\u00fcr eine bequeme Entnahme, falls sie sich l\u00f6st. Sie k\u00f6nnen den <strong>VeggieMag<\/strong> verwenden, um Seetang, Spinat oder andere pflanzliche Nahrungsmittel zu halten und so die Pflanzenfresser in Ihrem Aquarium mit der richtigen Ern\u00e4hrung zu versorgen. Dieser Clip ist aus robustem Kunststoff gefertigt und eignet sich daher sowohl f\u00fcr S\u00fc\u00dfwasser- als auch f\u00fcr Meerwasseraquarien. Der VeggieMag ist etwa 60 mm lang und 25 mm breit und der Magnet selbst hat einen Durchmesser von 38 mm.<\/p>\n<p>Der <strong>Two Little Fishies VeggieMag<\/strong> ist als leistungsstarker, magnetisch gekoppelter Clip zum Halten von Seetang oder anderen Nahrungsmitteln an Aquarienw\u00e4nden konzipiert. Er kann auf jeder beliebigen H\u00f6he positioniert und aus dem Aquarium entfernt werden, ohne dass Sie sich die H\u00e4nde nass machen m\u00fcssen. Wenn sich der Clip l\u00f6st, schwimmt die Baugruppe, und der \u00e4u\u00dfere Magnet verf\u00fcgt \u00fcber ein spezielles \u201eGriff- und Freigabe\u201c-Polymer, das ihn sicher an der Wand h\u00e4lt. Er ist sicher f\u00fcr Glas, aber seien Sie vorsichtig und vermeiden Sie, Sand oder Kies aufzuheben, da dies das Aquarium zerkratzen k\u00f6nnte.<\/p>\n<p><strong>Achtung:<\/strong> Kleine Teile k\u00f6nnen Erstickungsgefahr darstellen. Bitte au\u00dferhalb der Reichweite von Kindern aufbewahren. Die Magnete sind stark; halten Sie sie daher von Computern, Monitoren, Kreditkarten und Uhren fern.<\/p>\n","protected":false},"excerpt":{"rendered":"<p>VeggieMag to hold seaweed, spinach or other vegetable food items to provide proper nutrition for aquarium herbivores<\/p>\n","protected":false},"featured_media":79008,"template":"","meta":[],"pwb-brand":[2231],"product_cat":[1402],"product_tag":[],"class_list":{"0":"post-87763","1":"product","2":"type-product","3":"status-publish","4":"has-post-thumbnail","6":"pwb-brand-two-little-fishies","7":"product_cat-verschieden","9":"first","10":"instock","11":"taxable","12":"shipping-taxable","13":"purchasable","14":"product-type-simple"},"acf":[],"brands":[{"id":2231,"name":"Two Little Fishies","slug":"two-little-fishies"}],"_links":{"self":[{"href":"https:\/\/www.seaflowerstore.com\/de\/wp-json\/wp\/v2\/product\/87763","targetHints":{"allow":["GET"]}}],"collection":[{"href":"https:\/\/www.seaflowerstore.com\/de\/wp-json\/wp\/v2\/product"}],"about":[{"href":"https:\/\/www.seaflowerstore.com\/de\/wp-json\/wp\/v2\/types\/product"}],"wp:featuredmedia":[{"embeddable":true,"href":"https:\/\/www.seaflowerstore.com\/de\/wp-json\/wp\/v2\/media\/79008"}],"wp:attachment":[{"href":"https:\/\/www.seaflowerstore.com\/de\/wp-json\/wp\/v2\/media?parent=87763"}],"wp:term":[{"taxonomy":"pwb-brand","embeddable":true,"href":"https:\/\/www.seaflowerstore.com\/de\/wp-json\/wp\/v2\/pwb-brand?post=87763"},{"taxonomy":"product_cat","embeddable":true,"href":"https:\/\/www.seaflowerstore.com\/de\/wp-json\/wp\/v2\/product_cat?post=87763"},{"taxonomy":"product_tag","embeddable":true,"href":"https:\/\/www.seaflowerstore.com\/de\/wp-json\/wp\/v2\/product_tag?post=87763"}],"curies":[{"name":"wp","href":"https:\/\/api.w.org\/{rel}","templated":true}]}}