{"id":87765,"date":"2016-04-05T14:57:25","date_gmt":"2016-04-05T12:57:25","guid":{"rendered":"https:\/\/www.seaflowerstore.com\/nl\/nanomag\/"},"modified":"2026-01-03T22:45:45","modified_gmt":"2026-01-03T21:45:45","slug":"nanomag","status":"publish","type":"product","link":"https:\/\/www.seaflowerstore.com\/de\/nanomag\/","title":{"rendered":"Nanomag"},"content":{"rendered":"<h2>Nanomag<\/h2>\n<p><strong>Miniatur-Algenschrubber zum Sauberhalten von Nanoaquarien<\/strong><\/p>\n<ul>\n<li><strong>Magnetisch gekoppelter Schrubber entfernt effektiv Algenfilm<\/strong><\/li>\n<li><strong>Extrem d\u00fcnnes Schrubberpad passt sogar in enge Aquarienr\u00e4ume<\/strong><\/li>\n<\/ul>\n<p><img loading=\"lazy\" decoding=\"async\" src=\"https:\/\/www.seaflowerstore.com\/nl\/wp-content\/uploads\/content\/logo_2fishies_2.gif\" alt=\"Two Little Fishies\" width=\"72\" height=\"42\" hspace=\"2\" vspace=\"2\" border=\"0\" align=\"right\" title=\"Two Little Fishies\">Der NanoMag ist ein kompakter Algenschrubber, der Ihre Nanoaquarien makellos sauber h\u00e4lt. Mit starken Magneten h\u00e4lt er das algenbek\u00e4mpfende Schrubberpad sicher an Glasoberfl\u00e4chen mit einer Dicke von bis zu 10 mm. Sein innovatives, zum Patent angemeldetes Design zeichnet sich durch ein flexibles Schrubberpad aus, das nur 3 mm dick ist. Dieses unglaublich schlanke Profil erm\u00f6glicht es dem NanoMag, m\u00fchelos durch enge R\u00e4ume und sogar gekr\u00fcmmte Oberfl\u00e4chen zu navigieren und gleichzeitig sicherzustellen, dass Ihre Dekorationen und Wasserlebewesen ungest\u00f6rt bleiben. Die Abmessungen des NanoMag-Scheuerpads betragen 25 mm x 25 mm x 3 mm und der externe Magnet hat einen Durchmesser von 38 mm.<\/p>\n","protected":false},"excerpt":{"rendered":"<p>Nanomag has a flexible scrubber pad that is only 3 mm thick<\/p>\n","protected":false},"featured_media":79004,"template":"","meta":[],"pwb-brand":[2231],"product_cat":[1428],"product_tag":[],"class_list":{"0":"post-87765","1":"product","2":"type-product","3":"status-publish","4":"has-post-thumbnail","6":"pwb-brand-two-little-fishies","7":"product_cat-algenmagnet","9":"first","10":"instock","11":"taxable","12":"shipping-taxable","13":"purchasable","14":"product-type-simple"},"acf":[],"brands":[{"id":2231,"name":"Two Little Fishies","slug":"two-little-fishies"}],"_links":{"self":[{"href":"https:\/\/www.seaflowerstore.com\/de\/wp-json\/wp\/v2\/product\/87765","targetHints":{"allow":["GET"]}}],"collection":[{"href":"https:\/\/www.seaflowerstore.com\/de\/wp-json\/wp\/v2\/product"}],"about":[{"href":"https:\/\/www.seaflowerstore.com\/de\/wp-json\/wp\/v2\/types\/product"}],"wp:featuredmedia":[{"embeddable":true,"href":"https:\/\/www.seaflowerstore.com\/de\/wp-json\/wp\/v2\/media\/79004"}],"wp:attachment":[{"href":"https:\/\/www.seaflowerstore.com\/de\/wp-json\/wp\/v2\/media?parent=87765"}],"wp:term":[{"taxonomy":"pwb-brand","embeddable":true,"href":"https:\/\/www.seaflowerstore.com\/de\/wp-json\/wp\/v2\/pwb-brand?post=87765"},{"taxonomy":"product_cat","embeddable":true,"href":"https:\/\/www.seaflowerstore.com\/de\/wp-json\/wp\/v2\/product_cat?post=87765"},{"taxonomy":"product_tag","embeddable":true,"href":"https:\/\/www.seaflowerstore.com\/de\/wp-json\/wp\/v2\/product_tag?post=87765"}],"curies":[{"name":"wp","href":"https:\/\/api.w.org\/{rel}","templated":true}]}}