{"id":87766,"date":"2016-04-05T14:42:37","date_gmt":"2016-04-05T12:42:37","guid":{"rendered":"https:\/\/www.seaflowerstore.com\/nl\/magfox-magnetic-hose-cleaning-brush\/"},"modified":"2024-03-20T16:36:58","modified_gmt":"2024-03-20T15:36:58","slug":"magfox-magnetic-hose-cleaning-brush","status":"publish","type":"product","link":"https:\/\/www.seaflowerstore.com\/de\/magfox-magnetic-hose-cleaning-brush\/","title":{"rendered":"MagFox Magnetic Hose Cleaning Brush"},"content":{"rendered":"<h2>MagFox Magnetic Hose Cleaning Brush<\/h2>\n<p><strong>Magnetische Schlauchreinigungsb\u00fcrste von MagFox<\/strong><\/p>\n<ul>\n<li><strong>Die clevere magnetische \u201eB\u00fcrste\u201c erleichtert die Wartung von Aquarienschl\u00e4uchen.<\/strong><\/li>\n<li><strong>Reinigt Aquarienschl\u00e4uche besser als herk\u00f6mmliche Fuchsschwanzb\u00fcrsten.<\/strong><\/li>\n<li><strong>Entfernt Ablagerungen in Aquarienfilterschl\u00e4uchen, um die Durchflussrate wiederherzustellen.<\/strong><\/li>\n<\/ul>\n<p><img loading=\"lazy\" decoding=\"async\" src=\"https:\/\/www.seaflowerstore.com\/nl\/wp-content\/uploads\/content\/logo_2fishies_2.gif\" alt=\"Two Little Fishies\" width=\"72\" height=\"42\" hspace=\"2\" vspace=\"2\" border=\"0\" align=\"right\" title=\"Two Little Fishies\">Optimieren Sie die Wartung, damit Ihre Aquarienausr\u00fcstung optimal funktioniert. Der MagFox Aquarium-Schlauchreiniger von Two Little Fishies macht die Wartung Ihrer Aquarienschl\u00e4uche zum Kinderspiel. Diese \u00e4u\u00dferst wendige magnetische Miniaturb\u00fcrste entfernt effektiv Ablagerungen, die herk\u00f6mmliche Fuchsschwanzb\u00fcrsten nicht erreichen k\u00f6nnen. Eine einfache Hin- und Herbewegung entfernt mechanisch Algen und organische Stoffe von den W\u00e4nden Ihrer Schl\u00e4uche und verbessert so die Gesamtleistung der Ausr\u00fcstung.<\/p>\n<p>Erleben Sie eine bequemere und gr\u00fcndlichere Wartungsroutine, die sowohl die Leistung der Ausr\u00fcstung als auch die Optik Ihres Aquariums verbessert, ohne dass teure und umst\u00e4ndliche Schl\u00e4uche ausgetauscht werden m\u00fcssen. Der MagFox kann problemlos in Aquarienschl\u00e4uche und -schl\u00e4uche mit einem Durchmesser von 10 mm oder mehr eingesetzt und entfernt werden, ohne dass Sie sich die H\u00e4nde nass machen m\u00fcssen. Der Two Little Fishies MagFox Aquarium-Schlauchreiniger misst ungef\u00e4hr 13 mm x 6,4 mm und ist nur 3 mm dick, w\u00e4hrend der externe Magnet einen Durchmesser von 38 mm hat.<\/p>\n","protected":false},"excerpt":{"rendered":"<p>.<\/p>\n","protected":false},"featured_media":79002,"template":"","meta":[],"pwb-brand":[2231],"product_cat":[1488],"product_tag":[],"class_list":{"0":"post-87766","1":"product","2":"type-product","3":"status-publish","4":"has-post-thumbnail","6":"pwb-brand-two-little-fishies","7":"product_cat-pflege","9":"first","10":"instock","11":"taxable","12":"shipping-taxable","13":"purchasable","14":"product-type-simple"},"acf":[],"brands":[{"id":2231,"name":"Two Little Fishies","slug":"two-little-fishies"}],"_links":{"self":[{"href":"https:\/\/www.seaflowerstore.com\/de\/wp-json\/wp\/v2\/product\/87766","targetHints":{"allow":["GET"]}}],"collection":[{"href":"https:\/\/www.seaflowerstore.com\/de\/wp-json\/wp\/v2\/product"}],"about":[{"href":"https:\/\/www.seaflowerstore.com\/de\/wp-json\/wp\/v2\/types\/product"}],"wp:featuredmedia":[{"embeddable":true,"href":"https:\/\/www.seaflowerstore.com\/de\/wp-json\/wp\/v2\/media\/79002"}],"wp:attachment":[{"href":"https:\/\/www.seaflowerstore.com\/de\/wp-json\/wp\/v2\/media?parent=87766"}],"wp:term":[{"taxonomy":"pwb-brand","embeddable":true,"href":"https:\/\/www.seaflowerstore.com\/de\/wp-json\/wp\/v2\/pwb-brand?post=87766"},{"taxonomy":"product_cat","embeddable":true,"href":"https:\/\/www.seaflowerstore.com\/de\/wp-json\/wp\/v2\/product_cat?post=87766"},{"taxonomy":"product_tag","embeddable":true,"href":"https:\/\/www.seaflowerstore.com\/de\/wp-json\/wp\/v2\/product_tag?post=87766"}],"curies":[{"name":"wp","href":"https:\/\/api.w.org\/{rel}","templated":true}]}}