{"id":87767,"date":"2016-04-05T14:00:41","date_gmt":"2016-04-05T12:00:41","guid":{"rendered":"https:\/\/www.seaflowerstore.com\/nl\/magnesium-pronto-500g\/"},"modified":"2026-04-08T08:26:49","modified_gmt":"2026-04-08T06:26:49","slug":"magnesium-pronto-500g","status":"publish","type":"product","link":"https:\/\/www.seaflowerstore.com\/de\/magnesium-pronto-500g\/","title":{"rendered":"Magnesium Pronto 500g"},"content":{"rendered":"<h2>Two Little Fishies Magnesium Pronto 500g magnesium chloride &#038; magnesium sulfate<\/h2>\n<ul>\n<li>Mischung aus reinem wasserfreiem Magnesiumchlorid und Magnesiumsulfat<\/li>\n<li>Erh\u00f6ht schnell die Magnesiumionenkonzentration in Meerwasseraquarien<\/li>\n<li>Kosteng\u00fcnstige Methode zur Aufrechterhaltung des Magnesiumspiegels f\u00fcr die Gesundheit der Korallen<\/li>\n<\/ul>\n<p>Die konzentrierte Pulvermischung bietet eine wirksame L\u00f6sung zur Aufrechterhaltung des richtigen Magnesiumspiegels in Ihrem Aquarium. <strong>Two Little Fishies Magnesium Pronto<\/strong> ist eine schnell aufl\u00f6sende Mischung aus reinem wasserfreiem Magnesiumchlorid und Magnesiumsulfat. Diese Mischung erh\u00f6ht schnell die Magnesiumionenkonzentration, was f\u00fcr Riffaquarien mit Korallen, Muscheln, Schnecken, R\u00f6hrenw\u00fcrmern und Kalkalgen unerl\u00e4sslich ist.<\/p>\n<p>Zur Zubereitung l\u00f6sen Sie <strong>Two Little Fishies Magnesium Pronto<\/strong> in gereinigtem S\u00fc\u00dfwasser auf, um eine Stamml\u00f6sung herzustellen. Wenn Sie beispielsweise 5 ml (1 Teel\u00f6ffel) dieser Stamml\u00f6sung zu 3.785 Litern Wasser hinzuf\u00fcgen, erh\u00f6ht sich die Magnesiumkonzentration um 12,5 ppm.<\/p>\n<p><strong>Anleitung<\/strong><\/p>\n<p>Um eine Stamml\u00f6sung herzustellen, l\u00f6sen Sie 10 Gramm (etwa 2 Teel\u00f6ffel) Magnesium Pronto in 8 oz (250 ml) gereinigtem Wasser auf. Wenn Sie 5 ml (1 Teel\u00f6ffel) dieser Stamml\u00f6sung zu einer Gallone Wasser hinzuf\u00fcgen, erh\u00f6ht sich die Magnesiumkonzentration um 12,5 ppm. F\u00fcr optimale Ergebnisse f\u00fcgen Sie t\u00e4glich 5 ml pro 10 US-Gallonen hinzu, um eine Magnesiumkonzentration von 1.300 ppm zu erreichen. Nach Erreichen dieses Niveaus dosieren Sie weiterhin w\u00f6chentlich nach Bedarf.<\/p>\n<p><strong>Inhalt:<\/strong> Wasserfreies Magnesiumchlorid und Magnesiumsulfat.<\/p>\n<p><strong>Garantierte Analyse:<\/strong> Magnesium 43,0 % min<\/p>\n<p><strong>Warnung:<\/strong><\/p>\n<p>Bitte au\u00dferhalb der Reichweite von Kindern aufbewahren. Magnesium Pronto erzeugt W\u00e4rme, wenn es mit Wasser vermischt wird. Geben Sie es daher nicht direkt in das Aquarium, ohne es vorher in Wasser aufzul\u00f6sen. Es ist ratsam, es mit Gummihandschuhen zu handhaben, das Einatmen des Staubs zu vermeiden und den Kontakt mit Haut, Augen und Kleidung zu vermeiden. Bei Kontakt die Haut mit viel Wasser absp\u00fclen. Bei Augenkontakt mindestens 15 Minuten lang gr\u00fcndlich mit Wasser aussp\u00fclen und einen Arzt aufsuchen. Dieses Produkt ist nicht f\u00fcr den menschlichen Verzehr bestimmt und nur f\u00fcr den Gebrauch im Aquarium bestimmt. Es sollte nicht bei Fischen verwendet werden, die f\u00fcr den menschlichen Verzehr gez\u00fcchtet werden. Halten Sie den Deckel immer fest geschlossen, um ihn vor Feuchtigkeit zu sch\u00fctzen.<\/p>\n<p><strong>Allgemeine Informationen<\/strong><\/p>\n<p>F\u00fcr Riffaquarien ist h\u00e4ufig eine zus\u00e4tzliche Magnesiumzufuhr erforderlich, da Korallen, Muscheln, Schnecken, R\u00f6hrenw\u00fcrmer und Kalkalgen es aus dem Wasser extrahieren. Es ist wichtig, ein Magnesium-Testkit zu verwenden, um die Magnesiumkonzentration zu \u00fcberwachen. Der empfohlene Bereich liegt zwischen 1.280 und 1.350 ppm bei einer Meerwasserdichte von 1,025.<\/p>\n","protected":false},"excerpt":{"rendered":"<p>Two Little Fishies Magnesium Pronto 500g magnesium chloride &amp; magnesium sulfate<\/p>\n","protected":false},"featured_media":83448,"template":"","meta":[],"pwb-brand":[2231],"product_cat":[1391],"product_tag":[],"class_list":{"0":"post-87767","1":"product","2":"type-product","3":"status-publish","4":"has-post-thumbnail","6":"pwb-brand-two-little-fishies","7":"product_cat-ergaenzungen","9":"first","10":"outofstock","11":"taxable","12":"shipping-taxable","13":"purchasable","14":"product-type-simple"},"acf":[],"brands":[{"id":2231,"name":"Two Little Fishies","slug":"two-little-fishies"}],"_links":{"self":[{"href":"https:\/\/www.seaflowerstore.com\/de\/wp-json\/wp\/v2\/product\/87767","targetHints":{"allow":["GET"]}}],"collection":[{"href":"https:\/\/www.seaflowerstore.com\/de\/wp-json\/wp\/v2\/product"}],"about":[{"href":"https:\/\/www.seaflowerstore.com\/de\/wp-json\/wp\/v2\/types\/product"}],"wp:featuredmedia":[{"embeddable":true,"href":"https:\/\/www.seaflowerstore.com\/de\/wp-json\/wp\/v2\/media\/83448"}],"wp:attachment":[{"href":"https:\/\/www.seaflowerstore.com\/de\/wp-json\/wp\/v2\/media?parent=87767"}],"wp:term":[{"taxonomy":"pwb-brand","embeddable":true,"href":"https:\/\/www.seaflowerstore.com\/de\/wp-json\/wp\/v2\/pwb-brand?post=87767"},{"taxonomy":"product_cat","embeddable":true,"href":"https:\/\/www.seaflowerstore.com\/de\/wp-json\/wp\/v2\/product_cat?post=87767"},{"taxonomy":"product_tag","embeddable":true,"href":"https:\/\/www.seaflowerstore.com\/de\/wp-json\/wp\/v2\/product_tag?post=87767"}],"curies":[{"name":"wp","href":"https:\/\/api.w.org\/{rel}","templated":true}]}}