{"id":87768,"date":"2016-04-05T13:59:35","date_gmt":"2016-04-05T11:59:35","guid":{"rendered":"https:\/\/www.seaflowerstore.com\/nl\/magnesium-pronto-250g\/"},"modified":"2024-03-20T16:36:56","modified_gmt":"2024-03-20T15:36:56","slug":"magnesium-pronto-250g","status":"publish","type":"product","link":"https:\/\/www.seaflowerstore.com\/de\/magnesium-pronto-250g\/","title":{"rendered":"Magnesium Pronto 250g"},"content":{"rendered":"<h2>Magnesium Pronto 250g<\/h2>\n<p><strong>Two Little Fishies Magnesium Pronto 250 g<\/strong> ist eine fantastische Mischung aus Magnesiumchlorid und Magnesiumsulfat, die speziell f\u00fcr Meerwasseraquarien entwickelt wurde.<\/p>\n<ul>\n<li>Es enth\u00e4lt eine Mischung aus reinem wasserfreiem Magnesiumchlorid und Magnesiumsulfat.<\/li>\n<li>Dieses Produkt erh\u00f6ht die Magnesiumionenkonzentration in Ihrem Riffaquarium schnell.<\/li>\n<li>Es ist eine kosteng\u00fcnstige L\u00f6sung, um den f\u00fcr die Gesundheit der Korallen wichtigen Magnesiumspiegel aufrechtzuerhalten.<\/li>\n<\/ul>\n<p>Diese konzentrierte Pulvermischung bietet eine kosteng\u00fcnstige M\u00f6glichkeit, den Magnesiumspiegel Ihres Aquariums genau richtig zu halten. Magnesium Pronto l\u00f6st sich schnell auf und ist entscheidend f\u00fcr die Aufrechterhaltung einer gesunden Umgebung f\u00fcr Korallen, Muscheln, Schnecken, R\u00f6hrenw\u00fcrmer und Kalkalgen.<\/p>\n<p>Zur Verwendung l\u00f6sen Sie <strong>Two Little Fishies Magnesium Pronto<\/strong> in gereinigtem S\u00fc\u00dfwasser auf, um eine Stamml\u00f6sung herzustellen. Als Referenz: Wenn Sie 5 ml (1 Teel\u00f6ffel) dieser Stamml\u00f6sung zu 3.785 Litern Wasser hinzuf\u00fcgen, erh\u00f6ht sich die Magnesiumkonzentration um 12,5 ppm.<\/p>\n<p><strong>Anleitung:<\/strong><\/p>\n<p>Um Ihre Stamml\u00f6sung herzustellen, l\u00f6sen Sie einfach 10 Gramm (etwa 2 Teel\u00f6ffel) Magnesium Pronto in 8 oz (250 ml) gereinigtem Wasser auf. Wenn Sie dann 5 ml (1 Teel\u00f6ffel) der Stamml\u00f6sung zu einer Gallone Wasser hinzuf\u00fcgen, erh\u00f6ht sich die Magnesiumkonzentration um 12,5 ppm. F\u00fcr optimale Ergebnisse f\u00fcgen Sie t\u00e4glich 5 ml pro 10 US-Gallonen hinzu, um eine Magnesiumkonzentration von 1.300 ppm zu erreichen. Nach Erreichen dieses Niveaus k\u00f6nnen Sie die Dosierung nach Bedarf auf w\u00f6chentlich anpassen.<\/p>\n<p><strong>Inhalt:<\/strong> Wasserfreies Magnesiumchlorid und Magnesiumsulfat.<\/p>\n<p><strong>Garantierte Analyse:<\/strong> Magnesium 43,0 % min<\/p>\n<p><strong>Warnung:<\/strong><\/p>\n<p>Bitte bewahren Sie dieses Produkt au\u00dferhalb der Reichweite von Kindern auf. Magnesium Pronto erzeugt W\u00e4rme, wenn es mit Wasser vermischt wird, daher ist es wichtig, es nicht direkt in das Aquarium zu geben, ohne es vorher aufzul\u00f6sen. Tragen Sie immer Gummihandschuhe, vermeiden Sie das Einatmen von Staub und lassen Sie es nicht mit Haut, Augen oder Kleidung in Kontakt kommen. Bei Kontakt sp\u00fclen Sie die Haut mit reichlich Wasser ab. Bei Augenkontakt mindestens 15 Minuten lang gr\u00fcndlich mit Wasser sp\u00fclen und bei Bedarf einen Arzt aufsuchen.<\/p>\n<p>Dieses Produkt ist nicht f\u00fcr den menschlichen Verzehr bestimmt und nur f\u00fcr den Einsatz im Aquarium vorgesehen. Es ist nicht f\u00fcr Fische geeignet, die f\u00fcr den menschlichen Verzehr gez\u00fcchtet werden. Achten Sie darauf, den Deckel fest verschlossen zu halten, damit keine Feuchtigkeit eindringen kann.<\/p>\n<p><strong>Allgemeine Informationen:<\/strong><\/p>\n<p>F\u00fcr Riffaquarien ist h\u00e4ufig eine zus\u00e4tzliche Magnesiumzufuhr erforderlich, da Korallen, Muscheln, Schnecken, R\u00f6hrenw\u00fcrmer und Kalkalgen es aus dem Wasser aufnehmen. Um den richtigen Magnesiumspiegel aufrechtzuerhalten, verwenden Sie ein Magnesium-Testkit, um die Konzentration in Ihrem Aquarium zu messen. Idealerweise sollte sie bei einer Meerwasserdichte von 1,025 zwischen 1.280 und 1.350 ppm liegen.<\/p>\n","protected":false},"excerpt":{"rendered":"<p>Two Little Fishies Magnesium Pronto 250g magnesium chloride &amp; magnesium sulfate<\/p>\n","protected":false},"featured_media":83448,"template":"","meta":[],"pwb-brand":[2231],"product_cat":[1391,515],"product_tag":[],"class_list":{"0":"post-87768","1":"product","2":"type-product","3":"status-publish","4":"has-post-thumbnail","6":"pwb-brand-two-little-fishies","7":"product_cat-ergaenzungen","8":"product_cat-additives","10":"first","11":"outofstock","12":"taxable","13":"shipping-taxable","14":"purchasable","15":"product-type-simple"},"acf":[],"brands":[{"id":2231,"name":"Two Little Fishies","slug":"two-little-fishies"}],"_links":{"self":[{"href":"https:\/\/www.seaflowerstore.com\/de\/wp-json\/wp\/v2\/product\/87768","targetHints":{"allow":["GET"]}}],"collection":[{"href":"https:\/\/www.seaflowerstore.com\/de\/wp-json\/wp\/v2\/product"}],"about":[{"href":"https:\/\/www.seaflowerstore.com\/de\/wp-json\/wp\/v2\/types\/product"}],"wp:featuredmedia":[{"embeddable":true,"href":"https:\/\/www.seaflowerstore.com\/de\/wp-json\/wp\/v2\/media\/83448"}],"wp:attachment":[{"href":"https:\/\/www.seaflowerstore.com\/de\/wp-json\/wp\/v2\/media?parent=87768"}],"wp:term":[{"taxonomy":"pwb-brand","embeddable":true,"href":"https:\/\/www.seaflowerstore.com\/de\/wp-json\/wp\/v2\/pwb-brand?post=87768"},{"taxonomy":"product_cat","embeddable":true,"href":"https:\/\/www.seaflowerstore.com\/de\/wp-json\/wp\/v2\/product_cat?post=87768"},{"taxonomy":"product_tag","embeddable":true,"href":"https:\/\/www.seaflowerstore.com\/de\/wp-json\/wp\/v2\/product_tag?post=87768"}],"curies":[{"name":"wp","href":"https:\/\/api.w.org\/{rel}","templated":true}]}}