{"id":87769,"date":"2016-04-05T13:54:39","date_gmt":"2016-04-05T11:54:39","guid":{"rendered":"https:\/\/www.seaflowerstore.com\/nl\/magnesium-pronto-1000g\/"},"modified":"2024-03-20T16:36:55","modified_gmt":"2024-03-20T15:36:55","slug":"magnesium-pronto-1000g","status":"publish","type":"product","link":"https:\/\/www.seaflowerstore.com\/de\/magnesium-pronto-1000g\/","title":{"rendered":"Magnesium Pronto 1000g"},"content":{"rendered":"<h2>Magnesium Pronto 1000g<\/h2>\n<p><strong>Two Little Fishies Magnesium Pronto 1000 g<\/strong> ist eine fantastische Mischung aus Magnesiumchlorid und Magnesiumsulfat, die Ihr Meerwasseraquarium zu sch\u00e4tzen wissen wird. Hier sind einige wichtige Vorteile:<\/p>\n<ul>\n<li>Mischung aus reinem wasserfreiem Magnesiumchlorid und Magnesiumsulfat<\/li>\n<li>Erh\u00f6ht schnell die Magnesiumionenkonzentration in Meerwasseraquarien<\/li>\n<li>Kosteng\u00fcnstige M\u00f6glichkeit, den Magnesiumspiegel f\u00fcr die Gesundheit der Korallen aufrechtzuerhalten<\/li>\n<\/ul>\n<p>Diese konzentrierte Pulvermischung bietet eine wirksame L\u00f6sung zur Aufrechterhaltung des richtigen Magnesiumspiegels. Magnesium Pronto ist so konzipiert, dass es sich schnell aufl\u00f6st und die Magnesiumionenkonzentration erh\u00f6ht, die f\u00fcr Riffaquarien mit Korallen, Muscheln, Schnecken, R\u00f6hrenw\u00fcrmern und Kalkalgen entscheidend ist.<\/p>\n<p>Zur Verwendung l\u00f6sen Sie Magnesium Pronto in gereinigtem S\u00fc\u00dfwasser auf, um eine Stamml\u00f6sung herzustellen. Wenn Sie beispielsweise 5 ml (1 Teel\u00f6ffel) dieser L\u00f6sung zu 3.785 Litern Wasser hinzuf\u00fcgen, erh\u00f6ht sich die Magnesiumkonzentration um 12,5 ppm.<\/p>\n<p><strong>Anleitung:<\/strong><\/p>\n<ul>\n<li>Erstellen Sie eine Stamml\u00f6sung, indem Sie 10 Gramm (etwa 2 Teel\u00f6ffel) Magnesium Pronto in 8 oz (250 ml) gereinigtem Wasser aufl\u00f6sen.<\/li>\n<li>Wenn Sie 5 ml (1 Teel\u00f6ffel) der Stamml\u00f6sung zu einer Gallone Wasser hinzuf\u00fcgen, erh\u00f6ht sich die Magnesiumkonzentration um 12,5 ppm.<\/li>\n<li>F\u00fcr optimale Ergebnisse f\u00fcgen Sie t\u00e4glich 5 ml pro 10 US-Gallonen hinzu, um eine Magnesiumkonzentration von 1.300 ppm zu erreichen. Danach k\u00f6nnen Sie w\u00f6chentlich nach Bedarf dosieren.<\/li>\n<\/ul>\n<p><strong>Inhalt:<\/strong> Wasserfreies Magnesiumchlorid und Magnesiumsulfat.<\/p>\n<p><strong>Garantierte Analyse:<\/strong> Magnesium 43,0 % mindestens.<\/p>\n<p><strong>Warnung:<\/strong> Au\u00dferhalb der Reichweite von Kindern aufbewahren. Magnesium Pronto erzeugt W\u00e4rme, wenn es mit Wasser vermischt wird. Geben Sie es daher nicht direkt in das Aquarium, ohne es vorher in Wasser aufzul\u00f6sen. Es wird empfohlen, es mit Gummihandschuhen zu handhaben, das Einatmen des Staubs zu vermeiden und den Kontakt mit Haut, Augen und Kleidung zu vermeiden. Bei Kontakt die Haut mit reichlich Wasser absp\u00fclen. Bei Augen mindestens 15 Minuten lang gr\u00fcndlich mit Wasser sp\u00fclen und bei Bedarf einen Arzt aufsuchen. Dieses Produkt ist nicht f\u00fcr den menschlichen Verzehr bestimmt und nur f\u00fcr den Einsatz im Aquarium vorgesehen. Es sollte nicht bei Fischen verwendet werden, die f\u00fcr den menschlichen Verzehr gez\u00fcchtet werden. Halten Sie den Deckel immer fest verschlossen, um ihn vor Feuchtigkeit zu sch\u00fctzen.<\/p>\n<p><strong>Allgemeine Informationen:<\/strong> Magnesium-Zusatz ist f\u00fcr Riffaquarien oft notwendig, da Korallen, Muscheln, Schnecken, R\u00f6hrenw\u00fcrmer und Kalkalgen es aus dem Wasser ziehen. Es wird empfohlen, ein Magnesium-Testkit zu verwenden, um die Magnesiumkonzentration zu messen, die bei einer Meerwasserdichte von 1,025 zwischen 1.280 und 1.350 ppm gehalten werden sollte.<\/p>\n","protected":false},"excerpt":{"rendered":"<p>Two Little Fishies Magnesium Pronto 1000g magnesium chloride &amp; magnesium sulfate<\/p>\n","protected":false},"featured_media":83448,"template":"","meta":[],"pwb-brand":[2231],"product_cat":[1391,515],"product_tag":[],"class_list":{"0":"post-87769","1":"product","2":"type-product","3":"status-publish","4":"has-post-thumbnail","6":"pwb-brand-two-little-fishies","7":"product_cat-ergaenzungen","8":"product_cat-additives","10":"first","11":"instock","12":"taxable","13":"shipping-taxable","14":"purchasable","15":"product-type-simple"},"acf":[],"brands":[{"id":2231,"name":"Two Little Fishies","slug":"two-little-fishies"}],"_links":{"self":[{"href":"https:\/\/www.seaflowerstore.com\/de\/wp-json\/wp\/v2\/product\/87769","targetHints":{"allow":["GET"]}}],"collection":[{"href":"https:\/\/www.seaflowerstore.com\/de\/wp-json\/wp\/v2\/product"}],"about":[{"href":"https:\/\/www.seaflowerstore.com\/de\/wp-json\/wp\/v2\/types\/product"}],"wp:featuredmedia":[{"embeddable":true,"href":"https:\/\/www.seaflowerstore.com\/de\/wp-json\/wp\/v2\/media\/83448"}],"wp:attachment":[{"href":"https:\/\/www.seaflowerstore.com\/de\/wp-json\/wp\/v2\/media?parent=87769"}],"wp:term":[{"taxonomy":"pwb-brand","embeddable":true,"href":"https:\/\/www.seaflowerstore.com\/de\/wp-json\/wp\/v2\/pwb-brand?post=87769"},{"taxonomy":"product_cat","embeddable":true,"href":"https:\/\/www.seaflowerstore.com\/de\/wp-json\/wp\/v2\/product_cat?post=87769"},{"taxonomy":"product_tag","embeddable":true,"href":"https:\/\/www.seaflowerstore.com\/de\/wp-json\/wp\/v2\/product_tag?post=87769"}],"curies":[{"name":"wp","href":"https:\/\/api.w.org\/{rel}","templated":true}]}}