{"id":87770,"date":"2016-04-05T13:45:20","date_gmt":"2016-04-05T11:45:20","guid":{"rendered":"https:\/\/www.seaflowerstore.com\/nl\/magnesium-concentrate-500ml\/"},"modified":"2026-03-02T22:09:04","modified_gmt":"2026-03-02T21:09:04","slug":"magnesium-concentrate-500ml","status":"publish","type":"product","link":"https:\/\/www.seaflowerstore.com\/de\/magnesium-concentrate-500ml\/","title":{"rendered":"Magnesium Concentrate 500ml"},"content":{"rendered":"<h2>Magnesium Concentrate 500ml<\/h2>\n<p><strong>Magnesiumpr\u00e4parat f\u00fcllt den Magnesiumspiegel wieder auf, um ein gesundes Korallenwachstum zu gew\u00e4hrleisten.<\/strong><\/p>\n<p><img loading=\"lazy\" decoding=\"async\" src=\"https:\/\/www.seaflowerstore.com\/nl\/wp-content\/uploads\/content\/logo_2fishies_2.gif\" alt=\"Two Little Fishies\" width=\"72\" height=\"42\" hspace=\"2\" vspace=\"2\" border=\"0\" align=\"right\" title=\"Two Little Fishies\"><strong>Magnesiumkonzentrat<\/strong><br \/>Julian Sprungs Reef Formula Magnesiumkonzentrat von Two Little Fishies wurde f\u00fcr gesunde Korallen entwickelt. Dieses Produkt f\u00fcllt die Magnesiumkonzentration wieder auf, was entscheidend ist, um einen stabilen pH-Wert aufrechtzuerhalten und eine ordnungsgem\u00e4\u00dfe Kalziumablagerung in Korallen sicherzustellen. Magnesiumkonzentrat hilft, eine ausgezeichnete Wasserqualit\u00e4t f\u00fcr Korallen, Korallenalgen, Makroalgen, Seegr\u00e4ser und Mangroven aufrechtzuerhalten. F\u00fcgen Sie einfach eine Verschlusskappe pro 37,85 Liter hinzu, um die Magnesiumkonzentration um 5 mg\/l zu erh\u00f6hen. Es empfiehlt sich, den Magnesiumgehalt in Ihrem Aquarienwasser mit einem Magnesium-Testkit zu \u00fcberpr\u00fcfen.<\/p>\n<p><strong>Dosierung:<\/strong> Verwenden Sie ein Magnesium-Testkit, um die Magnesiumkonzentration in Ihrem Aquarienwasser zu messen. F\u00fcgen Sie eine Verschlusskappe (5 ml = 1 Teel\u00f6ffel) pro 38 Liter oder 10 Gallonen hinzu, um die Magnesiumkonzentration um 5 mg\/l zu erh\u00f6hen. Verwenden Sie es nach Bedarf, um den Magnesiumgehalt bei einer Dichte von 1,025 bei etwa 1.350 mg\/l zu halten. Wenn die Dichte niedriger ist, beachten Sie bitte, dass die Magnesiumkonzentration entsprechend niedriger ist.<\/p>\n<p><strong>Zutaten:<\/strong> Durch Umkehrosmose gereinigtes Wasser, Magnesiumchlorid und Magnesiumsulfat.<\/p>\n<p>Dieses Produkt enth\u00e4lt kein Ammoniak, Phosphat oder Silikat.<\/p>\n<p><strong>Allgemeine Informationen:<\/strong><br \/>Two Little Fishies Magnesium Concentrate ist eine L\u00f6sung, die essentielles Magnesium liefert, ein Schl\u00fcsselelement zur Stabilisierung des pH-Werts im Meerwasserpuffersystem. Magnesium ist f\u00fcr die Funktion verschiedener Zellenzyme lebenswichtig und ein wichtiger Bestandteil von Chlorophyll, das f\u00fcr die Photosynthese in Pflanzen unverzichtbar ist. Dieses Produkt f\u00fcllt den Magnesiumspiegel mit einem Meerwasserverh\u00e4ltnis von Magnesiumchlorid und Magnesiumsulfat wieder auf und sorgt so f\u00fcr optimale Wasserqualit\u00e4t f\u00fcr Korallen, Kalkalgen, Makroalgen, Seegr\u00e4ser und Mangroven.<\/p>\n<p>Bitte nicht \u00fcberdosieren. \u00dcberm\u00e4\u00dfige Magnesiumwerte oder gro\u00dfe Einzeldosen k\u00f6nnen zu einer Verringerung der Karbonatalkalit\u00e4t f\u00fchren. Vermeiden Sie eine Erh\u00f6hung der Magnesiumkonzentration um mehr als 25 mg\/l an einem einzigen Tag.<\/p>\n<p><strong>Achtung:<\/strong> Geben Sie das Erg\u00e4nzungsmittel in einen starken Str\u00f6mungskanal, damit es sich schnell im Wasser verteilt. Warten Sie mindestens 30 Minuten, bevor Sie Puffer in das Aquarium geben. Es ist wichtig, es nicht mit anderen Erg\u00e4nzungsmitteln in einem Dosierbeh\u00e4lter zu mischen. Lagern Sie es bei Raumtemperatur und beachten Sie, dass die Haltbarkeit f\u00fcnf Jahre betr\u00e4gt.<\/p>\n","protected":false},"excerpt":{"rendered":"<p>.<\/p>\n","protected":false},"featured_media":78996,"template":"","meta":[],"pwb-brand":[2231],"product_cat":[1391,515],"product_tag":[],"class_list":{"0":"post-87770","1":"product","2":"type-product","3":"status-publish","4":"has-post-thumbnail","6":"pwb-brand-two-little-fishies","7":"product_cat-ergaenzungen","8":"product_cat-additives","10":"first","11":"instock","12":"taxable","13":"shipping-taxable","14":"purchasable","15":"product-type-simple"},"acf":[],"brands":[{"id":2231,"name":"Two Little Fishies","slug":"two-little-fishies"}],"_links":{"self":[{"href":"https:\/\/www.seaflowerstore.com\/de\/wp-json\/wp\/v2\/product\/87770","targetHints":{"allow":["GET"]}}],"collection":[{"href":"https:\/\/www.seaflowerstore.com\/de\/wp-json\/wp\/v2\/product"}],"about":[{"href":"https:\/\/www.seaflowerstore.com\/de\/wp-json\/wp\/v2\/types\/product"}],"wp:featuredmedia":[{"embeddable":true,"href":"https:\/\/www.seaflowerstore.com\/de\/wp-json\/wp\/v2\/media\/78996"}],"wp:attachment":[{"href":"https:\/\/www.seaflowerstore.com\/de\/wp-json\/wp\/v2\/media?parent=87770"}],"wp:term":[{"taxonomy":"pwb-brand","embeddable":true,"href":"https:\/\/www.seaflowerstore.com\/de\/wp-json\/wp\/v2\/pwb-brand?post=87770"},{"taxonomy":"product_cat","embeddable":true,"href":"https:\/\/www.seaflowerstore.com\/de\/wp-json\/wp\/v2\/product_cat?post=87770"},{"taxonomy":"product_tag","embeddable":true,"href":"https:\/\/www.seaflowerstore.com\/de\/wp-json\/wp\/v2\/product_tag?post=87770"}],"curies":[{"name":"wp","href":"https:\/\/api.w.org\/{rel}","templated":true}]}}