{"id":87771,"date":"2016-04-05T13:42:46","date_gmt":"2016-04-05T11:42:46","guid":{"rendered":"https:\/\/www.seaflowerstore.com\/nl\/live-aragonite-15lbs-68kg\/"},"modified":"2024-03-20T16:36:51","modified_gmt":"2024-03-20T15:36:51","slug":"live-aragonite-15lbs-68kg","status":"publish","type":"product","link":"https:\/\/www.seaflowerstore.com\/de\/live-aragonite-15lbs-68kg\/","title":{"rendered":"Live Aragonite (15lbs) 6,8kg"},"content":{"rendered":"<h2>2 Little Fishies Live Aragonite (15lbs) 6,8kg<\/h2>\n<p><strong>Nachhaltig geerntet<\/strong> an verschiedenen nat\u00fcrlichen Standorten im Westpazifik erm\u00f6glicht Ihnen der Live Aragonite Sand von Outsanding Selections, schnell ein n\u00fctzliches nat\u00fcrliches Sandbett in Ihrem Meerwasser- oder Riffaquarium zu schaffen.<\/p>\n<p>Kein Aussp\u00fclen erforderlich; Sie m\u00fcssen lediglich den Beutel \u00f6ffnen und Live Aragonite Sand direkt in Ihr Aquarium geben!<\/p>\n<p>Au\u00dferdem enth\u00e4lt der Live Aragonite Sand von Outsanding Selections lebende, nat\u00fcrlich vorkommende n\u00fctzliche nitrifizierende Bakterien. Diese Bakterien helfen, die biologische Filterung Ihres Aquariums aufzubauen und sch\u00e4dliche Nitrate in Ihrem Sandbett zu reduzieren.<\/p>\n<p>Dieses attraktive, feink\u00f6rnige hellbraune Substrat erg\u00e4nzt garantiert jedes Aquarium.<\/p>\n<ul>\n<li>Erstellen Sie schnell ein n\u00fctzliches, nat\u00fcrliches Aragonitsandbett in Ihrem Meerwasser- oder Riffaquarium.<\/li>\n<li>Verpackt mit lebenden, nat\u00fcrlich vorkommenden nitrifizierenden n\u00fctzlichen Bakterien.<\/li>\n<li>Kein Sp\u00fclen erforderlich \u2013 geben Sie einfach lebenden Aragonitsand in Ihr Aquarium.<\/li>\n<\/ul>\n","protected":false},"excerpt":{"rendered":"<p>.<\/p>\n","protected":false},"featured_media":78994,"template":"","meta":[],"pwb-brand":[2231],"product_cat":[1473],"product_tag":[],"class_list":{"0":"post-87771","1":"product","2":"type-product","3":"status-publish","4":"has-post-thumbnail","6":"pwb-brand-two-little-fishies","7":"product_cat-korallensand-kies-brueche","9":"first","10":"outofstock","11":"taxable","12":"shipping-taxable","13":"purchasable","14":"product-type-simple"},"acf":[],"brands":[{"id":2231,"name":"Two Little Fishies","slug":"two-little-fishies"}],"_links":{"self":[{"href":"https:\/\/www.seaflowerstore.com\/de\/wp-json\/wp\/v2\/product\/87771","targetHints":{"allow":["GET"]}}],"collection":[{"href":"https:\/\/www.seaflowerstore.com\/de\/wp-json\/wp\/v2\/product"}],"about":[{"href":"https:\/\/www.seaflowerstore.com\/de\/wp-json\/wp\/v2\/types\/product"}],"wp:featuredmedia":[{"embeddable":true,"href":"https:\/\/www.seaflowerstore.com\/de\/wp-json\/wp\/v2\/media\/78994"}],"wp:attachment":[{"href":"https:\/\/www.seaflowerstore.com\/de\/wp-json\/wp\/v2\/media?parent=87771"}],"wp:term":[{"taxonomy":"pwb-brand","embeddable":true,"href":"https:\/\/www.seaflowerstore.com\/de\/wp-json\/wp\/v2\/pwb-brand?post=87771"},{"taxonomy":"product_cat","embeddable":true,"href":"https:\/\/www.seaflowerstore.com\/de\/wp-json\/wp\/v2\/product_cat?post=87771"},{"taxonomy":"product_tag","embeddable":true,"href":"https:\/\/www.seaflowerstore.com\/de\/wp-json\/wp\/v2\/product_tag?post=87771"}],"curies":[{"name":"wp","href":"https:\/\/api.w.org\/{rel}","templated":true}]}}