{"id":87772,"date":"2016-04-05T13:12:56","date_gmt":"2016-04-05T11:12:56","guid":{"rendered":"https:\/\/www.seaflowerstore.com\/nl\/kh-power-450g\/"},"modified":"2024-03-20T16:36:50","modified_gmt":"2024-03-20T15:36:50","slug":"kh-power-450g","status":"publish","type":"product","link":"https:\/\/www.seaflowerstore.com\/de\/kh-power-450g\/","title":{"rendered":"KH Power 450g"},"content":{"rendered":"<h2>KH Power 450g<\/h2>\n<p><strong>KH Power 450 g<\/strong><\/p>\n<ul>\n<li><strong>Schnell aufl\u00f6sende Pulvermischung aus Karbonat, Bikarbonat und Boratsalz<\/strong><\/li>\n<li><strong>Erh\u00f6ht die Alkalinit\u00e4t im Meerwasseraquarium und erreicht einen stabilen pH-Wert von 8,3<\/strong><\/li>\n<li><strong>Konzentrierte Formel hilft, den Alkalinit\u00e4tsgrad f\u00fcr die Gesundheit der Korallen aufrechtzuerhalten<\/strong><\/li>\n<\/ul>\n<p style=\"font-size: 12px;font-family: Arial, Helvetica, sans-serif;line-height: normal\">\n<img loading=\"lazy\" decoding=\"async\" src=\"https:\/\/www.seaflowerstore.com\/nl\/wp-content\/uploads\/content\/logo_2fishies.jpg\" alt=\"\" width=\"144\" height=\"84\" hspace=\"3\" vspace=\"3\" border=\"0\" align=\"right\" title=\"\"><br \/>\nDie konzentrierte Pulvermischung bietet eine kosteng\u00fcnstige L\u00f6sung zur Aufrechterhaltung der richtigen Alkalinit\u00e4tsniveaus. Two Little Fishies KH Power ist eine schnell aufl\u00f6sende Mischung aus Karbonat-, Bikarbonat- und Boratsalzen, die speziell daf\u00fcr entwickelt wurde, die Alkalinit\u00e4t zu erh\u00f6hen und einen stabilen pH-Wert zu erreichen. Sobald ein pH-Wert von 8,3 erreicht ist, erh\u00f6ht zus\u00e4tzliches KH Power die Alkalinit\u00e4t nur noch weiter.\n<\/p>\n<p style=\"font-size: 12px;font-family: Arial, Helvetica, sans-serif;line-height: normal\">\nUm eine Stamml\u00f6sung herzustellen, l\u00f6sen Sie Two Little Fishies KH Power einfach in gereinigtem S\u00fc\u00dfwasser auf.\n<\/p>\n<p style=\"font-size: 12px;font-family: Arial, Helvetica, sans-serif;line-height: normal\">\nDurch Zugabe von 5 ml (oder 1 Teel\u00f6ffel) der Stamml\u00f6sung zu 3.875 Litern Wasser wird die Alkalinit\u00e4t um 1,25 dKH (0,45 meq\/L) erh\u00f6ht.<\/p>\n","protected":false},"excerpt":{"rendered":"<p>.<\/p>\n","protected":false},"featured_media":78992,"template":"","meta":[],"pwb-brand":[2231],"product_cat":[1391,515],"product_tag":[],"class_list":{"0":"post-87772","1":"product","2":"type-product","3":"status-publish","4":"has-post-thumbnail","6":"pwb-brand-two-little-fishies","7":"product_cat-ergaenzungen","8":"product_cat-additives","10":"first","11":"instock","12":"taxable","13":"shipping-taxable","14":"purchasable","15":"product-type-simple"},"acf":[],"brands":[{"id":2231,"name":"Two Little Fishies","slug":"two-little-fishies"}],"_links":{"self":[{"href":"https:\/\/www.seaflowerstore.com\/de\/wp-json\/wp\/v2\/product\/87772","targetHints":{"allow":["GET"]}}],"collection":[{"href":"https:\/\/www.seaflowerstore.com\/de\/wp-json\/wp\/v2\/product"}],"about":[{"href":"https:\/\/www.seaflowerstore.com\/de\/wp-json\/wp\/v2\/types\/product"}],"wp:featuredmedia":[{"embeddable":true,"href":"https:\/\/www.seaflowerstore.com\/de\/wp-json\/wp\/v2\/media\/78992"}],"wp:attachment":[{"href":"https:\/\/www.seaflowerstore.com\/de\/wp-json\/wp\/v2\/media?parent=87772"}],"wp:term":[{"taxonomy":"pwb-brand","embeddable":true,"href":"https:\/\/www.seaflowerstore.com\/de\/wp-json\/wp\/v2\/pwb-brand?post=87772"},{"taxonomy":"product_cat","embeddable":true,"href":"https:\/\/www.seaflowerstore.com\/de\/wp-json\/wp\/v2\/product_cat?post=87772"},{"taxonomy":"product_tag","embeddable":true,"href":"https:\/\/www.seaflowerstore.com\/de\/wp-json\/wp\/v2\/product_tag?post=87772"}],"curies":[{"name":"wp","href":"https:\/\/api.w.org\/{rel}","templated":true}]}}