{"id":87773,"date":"2016-04-05T13:10:25","date_gmt":"2016-04-05T11:10:25","guid":{"rendered":"https:\/\/www.seaflowerstore.com\/nl\/kh-power-225g\/"},"modified":"2024-03-20T16:36:47","modified_gmt":"2024-03-20T15:36:47","slug":"kh-power-225g","status":"publish","type":"product","link":"https:\/\/www.seaflowerstore.com\/de\/kh-power-225g\/","title":{"rendered":"KH Power 225g"},"content":{"rendered":"<h2>Two Little Fishies KH Power 225g raises marine aquarium alkalinity<\/h2>\n<p><strong>Two Little Fishies KH Power<\/strong> ist ein fantastisches Produkt, das die Alkalinit\u00e4t Ihres Meerwasseraquariums verbessern soll. Hier sind einige wichtige Vorteile:<\/p>\n<ul>\n<li>Schnell aufl\u00f6sende Pulvermischung aus Karbonat-, Bikarbonat- und Boratsalzen<\/li>\n<li>Hilft, die Alkalinit\u00e4t zu erh\u00f6hen und gleichzeitig den pH-Wert bei 8,3 zu stabilisieren<\/li>\n<li>Konzentrierte Formel unterst\u00fctzt gesunde Alkalinit\u00e4tswerte, die f\u00fcr die Gesundheit der Korallen unerl\u00e4sslich sind<\/li>\n<\/ul>\n<p>Diese konzentrierte Pulvermischung ist eine kosteng\u00fcnstige Wahl, um die idealen Alkalinit\u00e4tswerte in Ihrem Aquarium aufrechtzuerhalten. Die schnell aufl\u00f6sende Formel erh\u00f6ht die Alkalinit\u00e4t effizient und erreicht diesen stabilen pH-Wert. Sobald Sie einen pH-Wert von 8,3 erreicht haben, erh\u00f6hen zus\u00e4tzliche Dosen KH Power die Alkalinit\u00e4t weiter, ohne den pH-Wert zu beeinflussen.<\/p>\n<p>Zur Verwendung l\u00f6sen Sie <strong>Two Little Fishies KH Power<\/strong> in gereinigtem S\u00fc\u00dfwasser auf, um eine Stamml\u00f6sung herzustellen. Durch Zugabe von 5 ml (1 Teel\u00f6ffel) dieser Stamml\u00f6sung zu 3.875 Litern Wasser erh\u00f6ht sich die Alkalit\u00e4t um 1,25 dKH (0,45 meq\/L).<\/p>\n","protected":false},"excerpt":{"rendered":"<p>Two Little Fishies KH Power 225g raises marine aquarium alkalinity<\/p>\n","protected":false},"featured_media":78990,"template":"","meta":[],"pwb-brand":[2231],"product_cat":[1391,515],"product_tag":[],"class_list":{"0":"post-87773","1":"product","2":"type-product","3":"status-publish","4":"has-post-thumbnail","6":"pwb-brand-two-little-fishies","7":"product_cat-ergaenzungen","8":"product_cat-additives","10":"first","11":"instock","12":"taxable","13":"shipping-taxable","14":"purchasable","15":"product-type-simple"},"acf":[],"brands":[{"id":2231,"name":"Two Little Fishies","slug":"two-little-fishies"}],"_links":{"self":[{"href":"https:\/\/www.seaflowerstore.com\/de\/wp-json\/wp\/v2\/product\/87773","targetHints":{"allow":["GET"]}}],"collection":[{"href":"https:\/\/www.seaflowerstore.com\/de\/wp-json\/wp\/v2\/product"}],"about":[{"href":"https:\/\/www.seaflowerstore.com\/de\/wp-json\/wp\/v2\/types\/product"}],"wp:featuredmedia":[{"embeddable":true,"href":"https:\/\/www.seaflowerstore.com\/de\/wp-json\/wp\/v2\/media\/78990"}],"wp:attachment":[{"href":"https:\/\/www.seaflowerstore.com\/de\/wp-json\/wp\/v2\/media?parent=87773"}],"wp:term":[{"taxonomy":"pwb-brand","embeddable":true,"href":"https:\/\/www.seaflowerstore.com\/de\/wp-json\/wp\/v2\/pwb-brand?post=87773"},{"taxonomy":"product_cat","embeddable":true,"href":"https:\/\/www.seaflowerstore.com\/de\/wp-json\/wp\/v2\/product_cat?post=87773"},{"taxonomy":"product_tag","embeddable":true,"href":"https:\/\/www.seaflowerstore.com\/de\/wp-json\/wp\/v2\/product_tag?post=87773"}],"curies":[{"name":"wp","href":"https:\/\/api.w.org\/{rel}","templated":true}]}}