{"id":87774,"date":"2016-04-05T13:02:31","date_gmt":"2016-04-05T11:02:31","guid":{"rendered":"https:\/\/www.seaflowerstore.com\/nl\/kalkwasser-500g\/"},"modified":"2026-01-04T14:45:49","modified_gmt":"2026-01-04T13:45:49","slug":"kalkwasser-500g","status":"publish","type":"product","link":"https:\/\/www.seaflowerstore.com\/de\/kalkwasser-500g\/","title":{"rendered":"Kalkwasser 500g"},"content":{"rendered":"<h2>Kalkwasser 500g<\/h2>\n<p><strong>Two Little Fishies Kalkwasser<\/strong> ist ein hochwertiges Kalziumpr\u00e4parat, das speziell f\u00fcr Riffaquarien entwickelt wurde. Es ist eine Kalziumhydroxidmischung, die nicht nur den Kalziumspiegel auff\u00fcllt, sondern auch die Alkalinit\u00e4t in Ihrem Aquarium aufrechterh\u00e4lt.<\/p>\n<p>Dieses Pr\u00e4parat ist f\u00fcr das gesunde Wachstum von Korallen, Muscheln und Kalkalgen unerl\u00e4sslich. Durch die Verwendung dieses Produkts k\u00f6nnen Sie eine sauberere und ges\u00fcndere Umgebung f\u00fcr Ihr Wasserleben schaffen, da es Phosphat effektiv aus dem Wasser ausf\u00e4llt.<\/p>\n<p>Ein Pfund dieser Kalziumhydroxidmischung kann bis zu 225 Gallonen Wasser behandeln. F\u00fcr optimale Ergebnisse sollten Sie ein Tropfsystem oder eine Dosierpumpe verwenden.<\/p>\n<p><strong>Anleitung:<\/strong> Mischen Sie in einem separaten Beh\u00e4lter 2 Teel\u00f6ffel Kalkwasser Calcium Supplement mit 3.875 Litern kaltem S\u00fc\u00dfwasser. Gut umr\u00fchren. Die ideale Dosierungsmethode ist die Verwendung eines Tropfsystems oder einer Dosierpumpe.<\/p>\n<p><strong>Hinweis:<\/strong> Bitte \u00fcberschreiten Sie nicht 450 Milliliter der L\u00f6sung pro Stunde und 190 Liter Wasser. Eine \u00dcberdosierung oder eine zu schnelle Dosierung kann f\u00fcr Ihre Fische und Wirbellosen sch\u00e4dlich oder sogar t\u00f6dlich sein.<\/p>\n","protected":false},"excerpt":{"rendered":"<p>Two Little Fishies Kalkwasser 500g High-quality Calcium hydroxide mix for reef aquariums<\/p>\n","protected":false},"featured_media":78989,"template":"","meta":[],"pwb-brand":[2231],"product_cat":[1391],"product_tag":[],"class_list":{"0":"post-87774","1":"product","2":"type-product","3":"status-publish","4":"has-post-thumbnail","6":"pwb-brand-two-little-fishies","7":"product_cat-ergaenzungen","9":"first","10":"instock","11":"taxable","12":"shipping-taxable","13":"purchasable","14":"product-type-simple"},"acf":[],"brands":[{"id":2231,"name":"Two Little Fishies","slug":"two-little-fishies"}],"_links":{"self":[{"href":"https:\/\/www.seaflowerstore.com\/de\/wp-json\/wp\/v2\/product\/87774","targetHints":{"allow":["GET"]}}],"collection":[{"href":"https:\/\/www.seaflowerstore.com\/de\/wp-json\/wp\/v2\/product"}],"about":[{"href":"https:\/\/www.seaflowerstore.com\/de\/wp-json\/wp\/v2\/types\/product"}],"wp:featuredmedia":[{"embeddable":true,"href":"https:\/\/www.seaflowerstore.com\/de\/wp-json\/wp\/v2\/media\/78989"}],"wp:attachment":[{"href":"https:\/\/www.seaflowerstore.com\/de\/wp-json\/wp\/v2\/media?parent=87774"}],"wp:term":[{"taxonomy":"pwb-brand","embeddable":true,"href":"https:\/\/www.seaflowerstore.com\/de\/wp-json\/wp\/v2\/pwb-brand?post=87774"},{"taxonomy":"product_cat","embeddable":true,"href":"https:\/\/www.seaflowerstore.com\/de\/wp-json\/wp\/v2\/product_cat?post=87774"},{"taxonomy":"product_tag","embeddable":true,"href":"https:\/\/www.seaflowerstore.com\/de\/wp-json\/wp\/v2\/product_tag?post=87774"}],"curies":[{"name":"wp","href":"https:\/\/api.w.org\/{rel}","templated":true}]}}