{"id":87775,"date":"2016-04-05T09:02:57","date_gmt":"2016-04-05T07:02:57","guid":{"rendered":"https:\/\/www.seaflowerstore.com\/nl\/replacement-tips-for-julians-thing\/"},"modified":"2024-03-20T16:36:45","modified_gmt":"2024-03-20T15:36:45","slug":"replacement-tips-for-julians-thing","status":"publish","type":"product","link":"https:\/\/www.seaflowerstore.com\/de\/replacement-tips-for-julians-thing\/","title":{"rendered":"Replacement tips for Julian&#8217;s Thing"},"content":{"rendered":"<h2>Replacement tips for Julian&#8217;s Thing<\/h2>\n<p><strong>Hier sind einige hilfreiche Tipps<\/strong> zum Ersetzen von Julians Ding, die Sie vielleicht n\u00fctzlich finden:<\/p>\n<ul>\n<li><em>Bewerten Sie die aktuelle Situation:<\/em> Sehen Sie sich genau an, was ersetzt werden muss und warum dies notwendig ist.<\/li>\n<li><em>Ziehen Sie Ihre Optionen in Betracht:<\/em> Sehen Sie sich die verschiedenen verf\u00fcgbaren Alternativen an, um die beste L\u00f6sung f\u00fcr Ihre Anforderungen zu finden.<\/li>\n<li><em>Effizientes Budgetieren:<\/em> Es ist wichtig, ein Budget festzulegen, das einen hochwertigen Ersatz ohne \u00dcberausgaben erm\u00f6glicht.<\/li>\n<li><em>Holen Sie sich Empfehlungen ein:<\/em> Z\u00f6gern Sie nicht, Freunde oder Kollegen nach ihren Einsichten und Vorschl\u00e4gen zu fragen.<\/li>\n<li><em>Testen Sie, bevor Sie sich festlegen:<\/em> Probieren Sie, wenn m\u00f6glich, die Optionen aus, die Sie in Betracht ziehen, bevor Sie eine endg\u00fcltige Entscheidung treffen.<\/li>\n<\/ul>\n<p><strong>Viel Gl\u00fcck<\/strong> bei Ihrem Ersatzprozess und wenden Sie sich gerne an uns, wenn Sie Fragen haben oder weitere Unterst\u00fctzung ben\u00f6tigen!<\/p>\n","protected":false},"excerpt":{"rendered":"<p>Reserve tips voor de Julian&#8217;s Thing<\/p>\n","protected":false},"featured_media":78988,"template":"","meta":[],"pwb-brand":[2231],"product_cat":[1402],"product_tag":[],"class_list":{"0":"post-87775","1":"product","2":"type-product","3":"status-publish","4":"has-post-thumbnail","6":"pwb-brand-two-little-fishies","7":"product_cat-verschieden","9":"first","10":"outofstock","11":"taxable","12":"shipping-taxable","13":"purchasable","14":"product-type-simple"},"acf":[],"brands":[{"id":2231,"name":"Two Little Fishies","slug":"two-little-fishies"}],"_links":{"self":[{"href":"https:\/\/www.seaflowerstore.com\/de\/wp-json\/wp\/v2\/product\/87775","targetHints":{"allow":["GET"]}}],"collection":[{"href":"https:\/\/www.seaflowerstore.com\/de\/wp-json\/wp\/v2\/product"}],"about":[{"href":"https:\/\/www.seaflowerstore.com\/de\/wp-json\/wp\/v2\/types\/product"}],"wp:featuredmedia":[{"embeddable":true,"href":"https:\/\/www.seaflowerstore.com\/de\/wp-json\/wp\/v2\/media\/78988"}],"wp:attachment":[{"href":"https:\/\/www.seaflowerstore.com\/de\/wp-json\/wp\/v2\/media?parent=87775"}],"wp:term":[{"taxonomy":"pwb-brand","embeddable":true,"href":"https:\/\/www.seaflowerstore.com\/de\/wp-json\/wp\/v2\/pwb-brand?post=87775"},{"taxonomy":"product_cat","embeddable":true,"href":"https:\/\/www.seaflowerstore.com\/de\/wp-json\/wp\/v2\/product_cat?post=87775"},{"taxonomy":"product_tag","embeddable":true,"href":"https:\/\/www.seaflowerstore.com\/de\/wp-json\/wp\/v2\/product_tag?post=87775"}],"curies":[{"name":"wp","href":"https:\/\/api.w.org\/{rel}","templated":true}]}}