{"id":87776,"date":"2016-04-05T08:54:38","date_gmt":"2016-04-05T06:54:38","guid":{"rendered":"https:\/\/www.seaflowerstore.com\/nl\/iodine-concentrate-250ml\/"},"modified":"2026-03-02T22:09:04","modified_gmt":"2026-03-02T21:09:04","slug":"iodine-concentrate-250ml","status":"publish","type":"product","link":"https:\/\/www.seaflowerstore.com\/de\/iodine-concentrate-250ml\/","title":{"rendered":"Iodine Concentrate 250ml"},"content":{"rendered":"<h2>Iodine Concentrate 250ml<\/h2>\n<h2 style=\"margin-top: 12px;margin-bottom: 12px;font-family: Open Sans, sans-serif;color: #666666\">Two Little Fishies Jodkonzentrat f\u00fcllt die Jodkonzentration im Salzwasseraquarium sicher wieder auf<\/h2>\n<p style=\"margin-bottom: 12px;font-size: 12px;color: #333333;font-family: Helvetica Neue, Helvetica, Arial, sans-serif;line-height: 24px\">\n<p><strong>Performance Jodkonzentrat<\/strong> <span style=\"font-size: 10.5px;line-height: 0;vertical-align: baseline\">TM<\/span> von Two Little Fishies ist eine L\u00f6sung, die Jod in einer Form bietet, die Meereslebewesen leicht nutzen k\u00f6nnen.\n<\/p>\n<p style=\"margin-bottom: 12px;font-size: 12px;color: #333333;font-family: Helvetica Neue, Helvetica, Arial, sans-serif;line-height: 24px\">\nBiologische Prozesse, Filterung und Niederschlag k\u00f6nnen den Jodgehalt im Aquarienwasser schnell verringern. <strong>Two Little Fishies Performance Iodine Concentrate<\/strong> f\u00fcllt den Jodgehalt effektiv wieder auf, was h\u00e4utenden Krebstieren zugutekommt und leuchtende Farben und Vitalit\u00e4t bei Korallen, Anemonen und Muscheln der Gattung Tridacna f\u00f6rdert.\n<\/p>\n<p style=\"margin-bottom: 12px;font-size: 12px;color: #333333;font-family: Helvetica Neue, Helvetica, Arial, sans-serif;line-height: 24px\">\nDieses Produkt hilft, das Ausbleichen von Korallen zu verhindern und ist besonders n\u00fctzlich f\u00fcr die Kultivierung von Xenia und anderen empfindlichen Weichkorallen. F\u00fcr optimale Ergebnisse sollten Sie es zusammen mit Peter Wilkens CombiSan verwenden, das Jod und andere Spurenelemente auff\u00fcllt, und Kalkwasser, einer Formel, die Wilkens vor \u00fcber 20 Jahren zur Aufrechterhaltung von Kalzium und Alkalinit\u00e4t entwickelt hat.\n<\/p>\n<p style=\"margin-bottom: 12px;font-size: 12px;color: #333333;font-family: Helvetica Neue, Helvetica, Arial, sans-serif;line-height: 24px\">\nUm den Kalzium- und Alkalinit\u00e4tsgehalt schnell zu erh\u00f6hen, k\u00f6nnen Sie <strong>Two Little Fishies C-Balance<\/strong> verwenden, das auch Magnesium und Strontium in den richtigen Verh\u00e4ltnissen f\u00fcr Korallen, Muscheln und Kalkalgen liefert, die Skelette, Schalen und Krusten aus Kalziumkarbonat bilden.\n<\/p>\n<p style=\"margin-bottom: 12px;font-size: 12px;color: #333333;font-family: Helvetica Neue, Helvetica, Arial, sans-serif;line-height: 24px\">\nBitte bewahren Sie dieses Produkt au\u00dferhalb der Reichweite von Kindern auf. Es ist nicht f\u00fcr den menschlichen Verzehr bestimmt und nur f\u00fcr die Verwendung im Aquarium vorgesehen. Dar\u00fcber hinaus ist es nicht f\u00fcr die Verwendung bei Fischen geeignet, die f\u00fcr den menschlichen Verzehr gez\u00fcchtet werden. Jede Flasche enth\u00e4lt 250 ml, mit einer empfohlenen Dosierung von 5 ml pro 378 l w\u00f6chentlich.<\/p>\n","protected":false},"excerpt":{"rendered":"<p style=\"margin-top: 12px;margin-bottom: 12px;font-family: 'Open Sans', sans-serif;color: #666666\">Two Little Fishies Iodine Concentrate safely replenishes the iodine concentration in the saltwater aquarium<\/p>\n","protected":false},"featured_media":78986,"template":"","meta":[],"pwb-brand":[2231],"product_cat":[1391],"product_tag":[],"class_list":{"0":"post-87776","1":"product","2":"type-product","3":"status-publish","4":"has-post-thumbnail","6":"pwb-brand-two-little-fishies","7":"product_cat-ergaenzungen","9":"first","10":"instock","11":"taxable","12":"shipping-taxable","13":"purchasable","14":"product-type-simple"},"acf":[],"brands":[{"id":2231,"name":"Two Little Fishies","slug":"two-little-fishies"}],"_links":{"self":[{"href":"https:\/\/www.seaflowerstore.com\/de\/wp-json\/wp\/v2\/product\/87776","targetHints":{"allow":["GET"]}}],"collection":[{"href":"https:\/\/www.seaflowerstore.com\/de\/wp-json\/wp\/v2\/product"}],"about":[{"href":"https:\/\/www.seaflowerstore.com\/de\/wp-json\/wp\/v2\/types\/product"}],"wp:featuredmedia":[{"embeddable":true,"href":"https:\/\/www.seaflowerstore.com\/de\/wp-json\/wp\/v2\/media\/78986"}],"wp:attachment":[{"href":"https:\/\/www.seaflowerstore.com\/de\/wp-json\/wp\/v2\/media?parent=87776"}],"wp:term":[{"taxonomy":"pwb-brand","embeddable":true,"href":"https:\/\/www.seaflowerstore.com\/de\/wp-json\/wp\/v2\/pwb-brand?post=87776"},{"taxonomy":"product_cat","embeddable":true,"href":"https:\/\/www.seaflowerstore.com\/de\/wp-json\/wp\/v2\/product_cat?post=87776"},{"taxonomy":"product_tag","embeddable":true,"href":"https:\/\/www.seaflowerstore.com\/de\/wp-json\/wp\/v2\/product_tag?post=87776"}],"curies":[{"name":"wp","href":"https:\/\/api.w.org\/{rel}","templated":true}]}}