{"id":87777,"date":"2016-04-05T08:40:09","date_gmt":"2016-04-05T06:40:09","guid":{"rendered":"https:\/\/www.seaflowerstore.com\/nl\/goniopower-30gr\/"},"modified":"2026-04-14T20:59:49","modified_gmt":"2026-04-14T18:59:49","slug":"goniopower-30gr","status":"publish","type":"product","link":"https:\/\/www.seaflowerstore.com\/de\/goniopower-30gr\/","title":{"rendered":"Goniopower 30gr"},"content":{"rendered":"<h2>GonioPower top food for corals and filter feeders<\/h2>\n<p>Two Little Fishies GonioPower Coral Food ist eine konzentrierte Mischung verschiedener Arten von Zooplankton. Diese einzigartige Formel versorgt Ihre Aquarienkorallen mit den lebenswichtigen Vitaminen, Pigmenten, Aminos\u00e4uren und Fetts\u00e4uren, die sie ben\u00f6tigen, um gesund und lebendig zu bleiben. GonioPower Coral Food wurde vom Korallenriffexperten Justin Credable entwickelt und ist die perfekte Wahl f\u00fcr die Aufzucht und Pflege von Goniopora- und Alveopora-Arten.<\/p>\n<p>Dar\u00fcber hinaus ist GonioPower eine ausgezeichnete Nahrungsoption f\u00fcr alle filtrierenden Wirbellosen, darunter Weich- und Steinkorallen, Anemonen, Federw\u00fcrmer, Muscheln, Schw\u00e4mme und Manteltiere. Zur Verwendung mischen Sie dieses k\u00f6stliche Korallenfutterpulver einfach mit Salzwasser und f\u00fcttern es gezielt mit einer Bratenspritze oder Julians Thing\u00ae.<\/p>\n<ul>\n<li><strong>Konzentrierte Mischung aus Zooplanktonarten<\/strong> versorgt Ihre Aquarienkorallen mit Vitaminen, Pigmenten, Aminos\u00e4uren und essentiellen Fetts\u00e4uren.<\/li>\n<li><strong>Entwickelt vom Korallenriffexperten Justin Credable<\/strong> als ideales Futter f\u00fcr die Aufzucht und Pflege von Goniopora- und Alveopora-Arten.<\/li>\n<li><strong>Auch ein ausgezeichnetes Futter f\u00fcr<\/strong> Weich- und Steinkorallen, Anemonen, Federw\u00fcrmer, Muscheln, Schw\u00e4mme und Manteltiere.<\/li>\n<\/ul>\n","protected":false},"excerpt":{"rendered":"<p>Two Little Fishies GonioPower Coral Food, a concentrated blend of several varieties of zooplankton, gives your aquarium corals the vitamins, pigments, amino acids, and essential fatty acids they need to stay healthy and vibrant.<\/p>\n","protected":false},"featured_media":78984,"template":"","meta":[],"pwb-brand":[2231],"product_cat":[1436],"product_tag":[],"class_list":{"0":"post-87777","1":"product","2":"type-product","3":"status-publish","4":"has-post-thumbnail","6":"pwb-brand-two-little-fishies","7":"product_cat-korallenfutter","9":"first","10":"instock","11":"taxable","12":"shipping-taxable","13":"purchasable","14":"product-type-simple"},"acf":[],"brands":[{"id":2231,"name":"Two Little Fishies","slug":"two-little-fishies"}],"_links":{"self":[{"href":"https:\/\/www.seaflowerstore.com\/de\/wp-json\/wp\/v2\/product\/87777","targetHints":{"allow":["GET"]}}],"collection":[{"href":"https:\/\/www.seaflowerstore.com\/de\/wp-json\/wp\/v2\/product"}],"about":[{"href":"https:\/\/www.seaflowerstore.com\/de\/wp-json\/wp\/v2\/types\/product"}],"wp:featuredmedia":[{"embeddable":true,"href":"https:\/\/www.seaflowerstore.com\/de\/wp-json\/wp\/v2\/media\/78984"}],"wp:attachment":[{"href":"https:\/\/www.seaflowerstore.com\/de\/wp-json\/wp\/v2\/media?parent=87777"}],"wp:term":[{"taxonomy":"pwb-brand","embeddable":true,"href":"https:\/\/www.seaflowerstore.com\/de\/wp-json\/wp\/v2\/pwb-brand?post=87777"},{"taxonomy":"product_cat","embeddable":true,"href":"https:\/\/www.seaflowerstore.com\/de\/wp-json\/wp\/v2\/product_cat?post=87777"},{"taxonomy":"product_tag","embeddable":true,"href":"https:\/\/www.seaflowerstore.com\/de\/wp-json\/wp\/v2\/product_tag?post=87777"}],"curies":[{"name":"wp","href":"https:\/\/api.w.org\/{rel}","templated":true}]}}