{"id":87778,"date":"2016-04-05T08:31:34","date_gmt":"2016-04-05T06:31:34","guid":{"rendered":"https:\/\/www.seaflowerstore.com\/nl\/bettamag-magnetic-window-cleaning-device\/"},"modified":"2024-03-20T16:36:38","modified_gmt":"2024-03-20T15:36:38","slug":"bettamag-magnetic-window-cleaning-device","status":"publish","type":"product","link":"https:\/\/www.seaflowerstore.com\/de\/bettamag-magnetic-window-cleaning-device\/","title":{"rendered":"BettaMag Magnetic Window Cleaning Device"},"content":{"rendered":"<h2>BettaMag Magnetic Window Cleaning Device<\/h2>\n<p>Der BettaMag von Two Little Fishies ist ein kompaktes Fensterreinigungsger\u00e4t, das sogar noch kleiner ist als der NanoMag. Es wurde speziell f\u00fcr die Verwendung mit Betta- und Goldfischgl\u00e4sern oder Pico-Aquarien entwickelt. In diesen kleineren Umgebungen kann der NanoMag so leistungsstark sein, dass er tats\u00e4chlich das gesamte Becken bewegt, wenn Sie versuchen, die Fenster zu reinigen. Der BettaMag l\u00f6st dieses Problem, indem er die perfekte Gr\u00f6\u00dfe f\u00fcr diese Aufgabe hat.<\/p>\n<p>Er ist ideal f\u00fcr Glasst\u00e4rken von <strong>3,2 mm bis 6,3 mm<\/strong>.<\/p>\n<p><strong>Die Abmessungen<\/strong> des Teils, der ins Wasser geht, betragen 20 mm x 12 mm. Dieses einzigartige Design wurde von Julian Sprung patentiert.<\/p>\n","protected":false},"excerpt":{"rendered":"<p>Two Little Fishies BettaMag is an even smaller algae magnet than the NanoMag,<\/p>\n","protected":false},"featured_media":78983,"template":"","meta":[],"pwb-brand":[2231],"product_cat":[1428],"product_tag":[],"class_list":{"0":"post-87778","1":"product","2":"type-product","3":"status-publish","4":"has-post-thumbnail","6":"pwb-brand-two-little-fishies","7":"product_cat-algenmagnet","9":"first","10":"instock","11":"taxable","12":"shipping-taxable","13":"purchasable","14":"product-type-simple"},"acf":[],"brands":[{"id":2231,"name":"Two Little Fishies","slug":"two-little-fishies"}],"_links":{"self":[{"href":"https:\/\/www.seaflowerstore.com\/de\/wp-json\/wp\/v2\/product\/87778","targetHints":{"allow":["GET"]}}],"collection":[{"href":"https:\/\/www.seaflowerstore.com\/de\/wp-json\/wp\/v2\/product"}],"about":[{"href":"https:\/\/www.seaflowerstore.com\/de\/wp-json\/wp\/v2\/types\/product"}],"wp:featuredmedia":[{"embeddable":true,"href":"https:\/\/www.seaflowerstore.com\/de\/wp-json\/wp\/v2\/media\/78983"}],"wp:attachment":[{"href":"https:\/\/www.seaflowerstore.com\/de\/wp-json\/wp\/v2\/media?parent=87778"}],"wp:term":[{"taxonomy":"pwb-brand","embeddable":true,"href":"https:\/\/www.seaflowerstore.com\/de\/wp-json\/wp\/v2\/pwb-brand?post=87778"},{"taxonomy":"product_cat","embeddable":true,"href":"https:\/\/www.seaflowerstore.com\/de\/wp-json\/wp\/v2\/product_cat?post=87778"},{"taxonomy":"product_tag","embeddable":true,"href":"https:\/\/www.seaflowerstore.com\/de\/wp-json\/wp\/v2\/product_tag?post=87778"}],"curies":[{"name":"wp","href":"https:\/\/api.w.org\/{rel}","templated":true}]}}