{"id":87779,"date":"2016-04-05T08:30:03","date_gmt":"2016-04-05T06:30:03","guid":{"rendered":"https:\/\/www.seaflowerstore.com\/nl\/biopronto-marine-250ml\/"},"modified":"2026-01-03T22:45:44","modified_gmt":"2026-01-03T21:45:44","slug":"biopronto-marine-250ml","status":"publish","type":"product","link":"https:\/\/www.seaflowerstore.com\/de\/biopronto-marine-250ml\/","title":{"rendered":"Biopronto Marine 250ml"},"content":{"rendered":"<h2>Biopronto Marine 250ml<\/h2>\n<p><strong>Zum Einrichten neuer Aquarien<\/strong><\/p>\n<p>Two Little Fishies BioPronto Marine ist vollgepackt mit kultivierten, nat\u00fcrlich vorkommenden Mikroben, die den biologischen Filterprozess in Gang setzen. Dieses Produkt eignet sich perfekt zum Einleiten des Nitrifikationszyklus in neuen Aquarien oder zur Verbesserung der Nitrifikation und Denitrifikation in stark besetzten Aquarien.<\/p>\n<ul>\n<li><strong>Gez\u00fcchtete, nat\u00fcrlich vorkommende Mikroben f\u00fcr alle Salzwasseraquarien.<\/strong><\/li>\n<li><strong>Startet schnell den biologischen Filterprozess in Meerwasseraquarien.<\/strong><\/li>\n<li><strong>Verbessert die Nitrifikation und Denitrifikation in stark besetzten Aquarien.<\/strong><\/li>\n<\/ul>\n<p><img loading=\"lazy\" decoding=\"async\" align=\"right\" alt=\"Two Little Fishies\" border=\"0\" height=\"42\" hspace=\"2\" src=\"https:\/\/www.seaflowerstore.com\/nl\/wp-content\/uploads\/content\/logo_2fishies_2.gif\" title=\"Two Little Fishies\" vspace=\"2\" width=\"72\">Bauen Sie mit Two Little Fishies BioPronto einen gesunden und aktiven biologischen Filter in Ihrem Meerwasseraquarium auf oder erhalten Sie ihn aufrecht Marine. Dieses Produkt baut giftiges Ammoniak effektiv ab und tr\u00e4gt so zur Verbesserung der Qualit\u00e4t Ihres Aquarienwassers bei.<\/p>\n<p>Mit den gesamten 250 ml BioPronto Marine k\u00f6nnen bei der Erstdosierung bis zu <span style=\"font-size: 13px;line-height: 16px\">378,5 Liter<\/span> und bei der Erhaltung bis zu 1250 Liter behandelt werden.<\/p>\n","protected":false},"excerpt":{"rendered":"<p>.<\/p>\n","protected":false},"featured_media":78981,"template":"","meta":[],"pwb-brand":[2231],"product_cat":[1484,1391],"product_tag":[],"class_list":{"0":"post-87779","1":"product","2":"type-product","3":"status-publish","4":"has-post-thumbnail","6":"pwb-brand-two-little-fishies","7":"product_cat-bakterien","8":"product_cat-ergaenzungen","10":"first","11":"instock","12":"taxable","13":"shipping-taxable","14":"purchasable","15":"product-type-simple"},"acf":[],"brands":[{"id":2231,"name":"Two Little Fishies","slug":"two-little-fishies"}],"_links":{"self":[{"href":"https:\/\/www.seaflowerstore.com\/de\/wp-json\/wp\/v2\/product\/87779","targetHints":{"allow":["GET"]}}],"collection":[{"href":"https:\/\/www.seaflowerstore.com\/de\/wp-json\/wp\/v2\/product"}],"about":[{"href":"https:\/\/www.seaflowerstore.com\/de\/wp-json\/wp\/v2\/types\/product"}],"wp:featuredmedia":[{"embeddable":true,"href":"https:\/\/www.seaflowerstore.com\/de\/wp-json\/wp\/v2\/media\/78981"}],"wp:attachment":[{"href":"https:\/\/www.seaflowerstore.com\/de\/wp-json\/wp\/v2\/media?parent=87779"}],"wp:term":[{"taxonomy":"pwb-brand","embeddable":true,"href":"https:\/\/www.seaflowerstore.com\/de\/wp-json\/wp\/v2\/pwb-brand?post=87779"},{"taxonomy":"product_cat","embeddable":true,"href":"https:\/\/www.seaflowerstore.com\/de\/wp-json\/wp\/v2\/product_cat?post=87779"},{"taxonomy":"product_tag","embeddable":true,"href":"https:\/\/www.seaflowerstore.com\/de\/wp-json\/wp\/v2\/product_tag?post=87779"}],"curies":[{"name":"wp","href":"https:\/\/api.w.org\/{rel}","templated":true}]}}