{"id":87780,"date":"2016-04-05T08:26:48","date_gmt":"2016-04-05T06:26:48","guid":{"rendered":"https:\/\/www.seaflowerstore.com\/nl\/biopronto-marine-500ml\/"},"modified":"2026-04-08T08:26:49","modified_gmt":"2026-04-08T06:26:49","slug":"biopronto-marine-500ml","status":"publish","type":"product","link":"https:\/\/www.seaflowerstore.com\/de\/biopronto-marine-500ml\/","title":{"rendered":"Biopronto Marine 500ml"},"content":{"rendered":"<h2>Biopronto Marine 500ml<\/h2>\n<p><strong>Zum Einrichten neuer Aquarien<\/strong><\/p>\n<p>Two Little Fishies BioPronto Marine enth\u00e4lt kultivierte, nat\u00fcrlich vorkommende Mikroben, die den biologischen Filterprozess in Gang setzen. Es eignet sich perfekt zum Einleiten des Nitrifikationszyklus in neuen Aquarien sowie zur Verbesserung der Nitrifikation und Denitrifikation in stark besetzten Aquarien.<\/p>\n<ul>\n<li><strong>Gez\u00fcchtete, nat\u00fcrlich vorkommende Mikroben f\u00fcr alle Salzwasseraquarien<\/strong><\/li>\n<li><strong>Startet schnell den biologischen Filterprozess in Meerwasseraquarien<\/strong><\/li>\n<li><strong>Verbessert die Nitrifikation und Denitrifikation in stark besetzten Aquarien<\/strong><\/li>\n<\/ul>\n<p><img loading=\"lazy\" decoding=\"async\" align=\"right\" alt=\"Two Little Fishies\" border=\"0\" height=\"42\" hspace=\"2\" src=\"https:\/\/www.seaflowerstore.com\/nl\/wp-content\/uploads\/content\/logo_2fishies_2.gif\" title=\"Two Little Fishies\" vspace=\"2\" width=\"72\">Dieses Produkt hilft beim Aufbau oder Erhalt eines gesunden und aktiven biologischen Filters in Meerwasseraquarien. Mit Two Little Fishies BioPronto Marine k\u00f6nnen Sie den biologischen Filterprozess schnell starten und so die Gesundheit Ihrer Wasserumgebung einfacher verwalten. Es baut giftiges Ammoniak effektiv ab und verbessert so die allgemeine Wasserqualit\u00e4t in Ihrem Aquarium.<\/p>\n<p>Der gesamte Inhalt von 250 ml BioPronto Marine behandelt ungef\u00e4hr <span style=\"font-size: 13px;line-height: 16px\">378,5 Liter<\/span> bei der Erstdosierung und bis zu 1250 Liter bei der Wartung.<\/p>\n","protected":false},"excerpt":{"rendered":"<p>.<\/p>\n","protected":false},"featured_media":78979,"template":"","meta":[],"pwb-brand":[2231],"product_cat":[1484,1391],"product_tag":[],"class_list":{"0":"post-87780","1":"product","2":"type-product","3":"status-publish","4":"has-post-thumbnail","6":"pwb-brand-two-little-fishies","7":"product_cat-bakterien","8":"product_cat-ergaenzungen","10":"first","11":"instock","12":"taxable","13":"shipping-taxable","14":"purchasable","15":"product-type-simple"},"acf":[],"brands":[{"id":2231,"name":"Two Little Fishies","slug":"two-little-fishies"}],"_links":{"self":[{"href":"https:\/\/www.seaflowerstore.com\/de\/wp-json\/wp\/v2\/product\/87780","targetHints":{"allow":["GET"]}}],"collection":[{"href":"https:\/\/www.seaflowerstore.com\/de\/wp-json\/wp\/v2\/product"}],"about":[{"href":"https:\/\/www.seaflowerstore.com\/de\/wp-json\/wp\/v2\/types\/product"}],"wp:featuredmedia":[{"embeddable":true,"href":"https:\/\/www.seaflowerstore.com\/de\/wp-json\/wp\/v2\/media\/78979"}],"wp:attachment":[{"href":"https:\/\/www.seaflowerstore.com\/de\/wp-json\/wp\/v2\/media?parent=87780"}],"wp:term":[{"taxonomy":"pwb-brand","embeddable":true,"href":"https:\/\/www.seaflowerstore.com\/de\/wp-json\/wp\/v2\/pwb-brand?post=87780"},{"taxonomy":"product_cat","embeddable":true,"href":"https:\/\/www.seaflowerstore.com\/de\/wp-json\/wp\/v2\/product_cat?post=87780"},{"taxonomy":"product_tag","embeddable":true,"href":"https:\/\/www.seaflowerstore.com\/de\/wp-json\/wp\/v2\/product_tag?post=87780"}],"curies":[{"name":"wp","href":"https:\/\/api.w.org\/{rel}","templated":true}]}}