{"id":87781,"date":"2016-04-05T08:21:47","date_gmt":"2016-04-05T06:21:47","guid":{"rendered":"https:\/\/www.seaflowerstore.com\/nl\/bactiv8-npx-250ml\/"},"modified":"2024-03-20T16:36:31","modified_gmt":"2024-03-20T15:36:31","slug":"bactiv8-npx-250ml","status":"publish","type":"product","link":"https:\/\/www.seaflowerstore.com\/de\/bactiv8-npx-250ml\/","title":{"rendered":"Bactiv8 NPX 250ml"},"content":{"rendered":"<h2>Bactiv8 NPX 250ml increases the nitrification and denitrification in your tank<\/h2>\n<p>Bactiv8 NPX ist ein spannender neuer Bakterienzusatz von Two Little Fishies, der die Menge und Vielfalt heterotropher Bakterien in Riffaquarien erh\u00f6hen soll. Dieses Produkt enth\u00e4lt aktive Meeresbakterien, die Nitrifikations- und Denitrifikationsprozesse unterst\u00fctzen und gleichzeitig den Abbau organischer Abf\u00e4lle in Meerwasser- und Riffaquarien f\u00f6rdern.<\/p>\n<p>Au\u00dferdem kann Bactiv8 NPX zusammen mit NPX Bioplastics verwendet werden, um die Aufnahme von Nitrat und Phosphat zu verbessern, was zu einem verbesserten Export aus dem Aquarienwasser durch Eiwei\u00dfabsch\u00e4umung f\u00fchrt.<\/p>\n<p>Weitere Informationen finden Sie unter diesem <a href=\"http:\/\/reefbuilders.com\/2011\/03\/15\/bactiv8-npx\/#ixzz1s0nB73h4\" target=\"_blank\" rel=\"noopener nofollow\">Link<\/a>.<\/p>\n","protected":false},"excerpt":{"rendered":"<p>Bactiv8 NPX 250ml increases the nitrification and denitrificationing your tank<\/p>\n","protected":false},"featured_media":92269,"template":"","meta":[],"pwb-brand":[2231],"product_cat":[1484],"product_tag":[],"class_list":{"0":"post-87781","1":"product","2":"type-product","3":"status-publish","4":"has-post-thumbnail","6":"pwb-brand-two-little-fishies","7":"product_cat-bakterien","9":"first","10":"outofstock","11":"taxable","12":"shipping-taxable","13":"purchasable","14":"product-type-simple"},"acf":[],"brands":[{"id":2231,"name":"Two Little Fishies","slug":"two-little-fishies"}],"_links":{"self":[{"href":"https:\/\/www.seaflowerstore.com\/de\/wp-json\/wp\/v2\/product\/87781","targetHints":{"allow":["GET"]}}],"collection":[{"href":"https:\/\/www.seaflowerstore.com\/de\/wp-json\/wp\/v2\/product"}],"about":[{"href":"https:\/\/www.seaflowerstore.com\/de\/wp-json\/wp\/v2\/types\/product"}],"wp:featuredmedia":[{"embeddable":true,"href":"https:\/\/www.seaflowerstore.com\/de\/wp-json\/wp\/v2\/media\/92269"}],"wp:attachment":[{"href":"https:\/\/www.seaflowerstore.com\/de\/wp-json\/wp\/v2\/media?parent=87781"}],"wp:term":[{"taxonomy":"pwb-brand","embeddable":true,"href":"https:\/\/www.seaflowerstore.com\/de\/wp-json\/wp\/v2\/pwb-brand?post=87781"},{"taxonomy":"product_cat","embeddable":true,"href":"https:\/\/www.seaflowerstore.com\/de\/wp-json\/wp\/v2\/product_cat?post=87781"},{"taxonomy":"product_tag","embeddable":true,"href":"https:\/\/www.seaflowerstore.com\/de\/wp-json\/wp\/v2\/product_tag?post=87781"}],"curies":[{"name":"wp","href":"https:\/\/api.w.org\/{rel}","templated":true}]}}