{"id":87782,"date":"2016-04-05T08:14:59","date_gmt":"2016-04-05T06:14:59","guid":{"rendered":"https:\/\/www.seaflowerstore.com\/nl\/magfeeder-ring\/"},"modified":"2024-03-20T16:36:29","modified_gmt":"2024-03-20T15:36:29","slug":"magfeeder-ring","status":"publish","type":"product","link":"https:\/\/www.seaflowerstore.com\/de\/magfeeder-ring\/","title":{"rendered":"Magfeeder ring"},"content":{"rendered":"<h2>Two Little Fishies Magfeeder<\/h2>\n<p style=\"margin-bottom: 12px; color: #333333; font-family: Helvetica Neue, Helvetica, Arial, sans-serif; font-size: 12px; line-height: 24px;\">\n<strong>MagFeeder<\/strong>\u2122 und sein Zubeh\u00f6r machen das F\u00fcttern Ihrer Fische sowohl effektiv als auch unterhaltsam. Der MagFeeder enth\u00e4lt einen schwimmenden Futterring, der Flockenfutter, Pellets, pulverisiertes Wirbellosenfutter oder jedes andere Futter, das Sie Ihrem Aquarium hinzuf\u00fcgen m\u00f6chten, h\u00e4lt, ohne dass es direkt \u00fcber den \u00dcberlauf flie\u00dft.\n<\/p>\n<p style=\"margin-bottom: 12px; color: #333333; font-family: Helvetica Neue, Helvetica, Arial, sans-serif; font-size: 12px; line-height: 24px;\">\nUnser neues F\u00fctterungsger\u00e4t, der MagFeeder, wurde entwickelt, um Ihr Erlebnis beim F\u00fcttern Ihrer Fische zu verbessern. Der schwimmende Futterring h\u00e4lt alle Futtersorten an Ort und Stelle und verhindert, dass sie \u00fcber den Rand fallen. Dank der magnetischen Kupplung k\u00f6nnen Sie den Ring einfach positionieren, ohne nasse H\u00e4nde zu bekommen, und die Gelenkverbindung erm\u00f6glicht einfache Anpassungen von der Aquarienwand aus. Dar\u00fcber hinaus passt der Two Little Fishies-Knopf in den Pilzkopf des Futterspenders und h\u00e4lt alle ringf\u00f6rmigen Futtersorten, wie z. B. den Grazer\u2122 von New Era. Das patentierte Design von Julian Sprung sorgt f\u00fcr Komfort ohne Unordnung.\n<\/p>\n<p style=\"margin-bottom: 12px; color: #333333; font-family: Helvetica Neue, Helvetica, Arial, sans-serif; font-size: 12px; line-height: 24px;\">\nZusammengefasst bietet der MagFeeder:\n<\/p>\n<ul style=\"margin-bottom: 12px; color: #333333; font-family: Helvetica Neue, Helvetica, Arial, sans-serif; font-size: 12px; line-height: 24px;\">\n<li>Einfache Positionierung ohne nasse H\u00e4nde.<\/li>\n<li>Einstellbarer Abstand zur Aquarienwand.<\/li>\n<li>Kompatibilit\u00e4t mit ringf\u00f6rmigen Futtern.<\/li>\n<\/ul>\n<p style=\"margin-bottom: 12px; color: #333333; font-family: Helvetica Neue, Helvetica, Arial, serifenlos; Schriftgr\u00f6\u00dfe: 12px; Zeilenh\u00f6he: 24px;\">\nDer MagFeeder ist ein fantastisches Werkzeug, das das F\u00fcttern von Fischen zum Kinderspiel macht!<\/p>\n","protected":false},"excerpt":{"rendered":"<p>Two Little fishies Magfeeder prevents food from floating on the water surface<\/p>\n","protected":false},"featured_media":78974,"template":"","meta":[],"pwb-brand":[2231],"product_cat":[1402],"product_tag":[],"class_list":{"0":"post-87782","1":"product","2":"type-product","3":"status-publish","4":"has-post-thumbnail","6":"pwb-brand-two-little-fishies","7":"product_cat-verschieden","9":"first","10":"instock","11":"taxable","12":"shipping-taxable","13":"purchasable","14":"product-type-simple"},"acf":[],"brands":[{"id":2231,"name":"Two Little Fishies","slug":"two-little-fishies"}],"_links":{"self":[{"href":"https:\/\/www.seaflowerstore.com\/de\/wp-json\/wp\/v2\/product\/87782","targetHints":{"allow":["GET"]}}],"collection":[{"href":"https:\/\/www.seaflowerstore.com\/de\/wp-json\/wp\/v2\/product"}],"about":[{"href":"https:\/\/www.seaflowerstore.com\/de\/wp-json\/wp\/v2\/types\/product"}],"wp:featuredmedia":[{"embeddable":true,"href":"https:\/\/www.seaflowerstore.com\/de\/wp-json\/wp\/v2\/media\/78974"}],"wp:attachment":[{"href":"https:\/\/www.seaflowerstore.com\/de\/wp-json\/wp\/v2\/media?parent=87782"}],"wp:term":[{"taxonomy":"pwb-brand","embeddable":true,"href":"https:\/\/www.seaflowerstore.com\/de\/wp-json\/wp\/v2\/pwb-brand?post=87782"},{"taxonomy":"product_cat","embeddable":true,"href":"https:\/\/www.seaflowerstore.com\/de\/wp-json\/wp\/v2\/product_cat?post=87782"},{"taxonomy":"product_tag","embeddable":true,"href":"https:\/\/www.seaflowerstore.com\/de\/wp-json\/wp\/v2\/product_tag?post=87782"}],"curies":[{"name":"wp","href":"https:\/\/api.w.org\/{rel}","templated":true}]}}