{"id":87784,"date":"2016-04-05T08:04:07","date_gmt":"2016-04-05T06:04:07","guid":{"rendered":"https:\/\/www.seaflowerstore.com\/nl\/calcium-pronto-200g\/"},"modified":"2024-03-20T16:36:27","modified_gmt":"2024-03-20T15:36:27","slug":"calcium-pronto-200g","status":"publish","type":"product","link":"https:\/\/www.seaflowerstore.com\/de\/calcium-pronto-200g\/","title":{"rendered":"Calcium Pronto 200g"},"content":{"rendered":"<h2>Calcium Pronto 200g<\/h2>\n<p><strong>Calcium Pronto<\/strong> ist ein schnell aufl\u00f6sendes, reines, trockenes Calciumchlorid, mit dem Sie die Calciumionenkonzentration in Ihrem Aquarium auf einfache und kosteng\u00fcnstige Weise schnell erh\u00f6hen k\u00f6nnen.<\/p>\n<p>Zus\u00e4tzliches Calcium ist f\u00fcr Riffaquarien unerl\u00e4sslich, da Korallen, Muscheln, Schnecken, R\u00f6hrenw\u00fcrmer und Kalkalgen Calciumcarbonat aus dem Wasser aufnehmen.<\/p>\n<p>Um sicherzustellen, dass der Calciumgehalt Ihres Aquariums genau richtig ist, verwenden Sie ein Calciumtestkit. Die Calciumkonzentration sollte idealerweise zwischen <strong>380 und 450 ppm<\/strong> liegen.<\/p>\n<p><strong>Anleitung:<\/strong> Erstellen Sie eine Stamml\u00f6sung, indem Sie 10 Gramm (ungef\u00e4hr 2 Teel\u00f6ffel) Calcium Pronto in 250 ml gereinigtem S\u00fc\u00dfwasser aufl\u00f6sen. Wenn Sie 5 ml (1 Teel\u00f6ffel) dieser Stamml\u00f6sung zu einer Gallone (3,875 Liter) Wasser hinzuf\u00fcgen, erh\u00f6ht sich die Kalziumkonzentration um <strong>12,5 ppm<\/strong>.<\/p>\n<p>F\u00fcgen Sie t\u00e4glich 5 ml pro 37,8 L hinzu, um eine Kalziumkonzentration von <strong>400 &#8211; 450 ppm<\/strong> zu erreichen. Nachdem Sie diesen Wert erreicht haben, k\u00f6nnen Sie Ihre Dosierung nach Bedarf auf w\u00f6chentlich anpassen oder Kalkwasser oder C-Balance verwenden, um sowohl den Kalzium- als auch den Alkalinit\u00e4tsgehalt aufrechtzuerhalten. Bitte beachten Sie, dass die Zugabe von Calciumchlorid die Alkalinit\u00e4t senken kann. Daher sollten Sie die Alkalinit\u00e4t m\u00f6glicherweise mit Two Little Fishies KH Power anpassen.<\/p>\n<p><strong>Inhalt:<\/strong> Reines wasserfreies Calciumchlorid<\/p>\n<p><strong>\u00dcberblick:<\/strong><\/p>\n<p>Calcium Pronto ist eine zuverl\u00e4ssige L\u00f6sung zur Erh\u00f6hung des Kalziumgehalts in Aquarien. Es ist einfach zu verwenden und sehr effektiv und stellt sicher, dass Ihre Wasserumgebung f\u00fcr alle Bewohner gesund bleibt.<\/p>\n","protected":false},"excerpt":{"rendered":"<p>.<\/p>\n","protected":false},"featured_media":78970,"template":"","meta":[],"pwb-brand":[2231],"product_cat":[1391,515],"product_tag":[],"class_list":{"0":"post-87784","1":"product","2":"type-product","3":"status-publish","4":"has-post-thumbnail","6":"pwb-brand-two-little-fishies","7":"product_cat-ergaenzungen","8":"product_cat-additives","10":"first","11":"outofstock","12":"taxable","13":"shipping-taxable","14":"purchasable","15":"product-type-simple"},"acf":[],"brands":[{"id":2231,"name":"Two Little Fishies","slug":"two-little-fishies"}],"_links":{"self":[{"href":"https:\/\/www.seaflowerstore.com\/de\/wp-json\/wp\/v2\/product\/87784","targetHints":{"allow":["GET"]}}],"collection":[{"href":"https:\/\/www.seaflowerstore.com\/de\/wp-json\/wp\/v2\/product"}],"about":[{"href":"https:\/\/www.seaflowerstore.com\/de\/wp-json\/wp\/v2\/types\/product"}],"wp:featuredmedia":[{"embeddable":true,"href":"https:\/\/www.seaflowerstore.com\/de\/wp-json\/wp\/v2\/media\/78970"}],"wp:attachment":[{"href":"https:\/\/www.seaflowerstore.com\/de\/wp-json\/wp\/v2\/media?parent=87784"}],"wp:term":[{"taxonomy":"pwb-brand","embeddable":true,"href":"https:\/\/www.seaflowerstore.com\/de\/wp-json\/wp\/v2\/pwb-brand?post=87784"},{"taxonomy":"product_cat","embeddable":true,"href":"https:\/\/www.seaflowerstore.com\/de\/wp-json\/wp\/v2\/product_cat?post=87784"},{"taxonomy":"product_tag","embeddable":true,"href":"https:\/\/www.seaflowerstore.com\/de\/wp-json\/wp\/v2\/product_tag?post=87784"}],"curies":[{"name":"wp","href":"https:\/\/api.w.org\/{rel}","templated":true}]}}