{"id":87785,"date":"2016-04-05T07:56:07","date_gmt":"2016-04-05T05:56:07","guid":{"rendered":"https:\/\/www.seaflowerstore.com\/nl\/calcium-concentrate-500ml\/"},"modified":"2024-03-20T16:36:26","modified_gmt":"2024-03-20T15:36:26","slug":"calcium-concentrate-500ml","status":"publish","type":"product","link":"https:\/\/www.seaflowerstore.com\/de\/calcium-concentrate-500ml\/","title":{"rendered":"Calcium Concentrate 500ml"},"content":{"rendered":"<h2>Calcium Concentrate 500ml<\/h2>\n<p><strong>Julian Sprungs Riffformel<\/strong><\/p>\n<p>Two Little Fishies Calciumkonzentrat vereinfacht die schnelle Anpassung des Calciumspiegels in Ihrem Aquarium. F\u00fcr eine langfristige Erhaltung wird die Verwendung eines ausgewogenen Ionenpr\u00e4parats wie Kalkwasser oder Two Little Fishies C-Balance\u00ae empfohlen. Diese Produkte helfen, die Alkalinit\u00e4t aufrechtzuerhalten und gleichzeitig den Calciumspiegel stabil zu halten. Wenn Sie feststellen, dass Ihre Alkalinit\u00e4t bereits hoch ist, k\u00f6nnen Sie Calciumkonzentrat verwenden, um die Calciumkonzentration zu erh\u00f6hen. Dies tr\u00e4gt auch dazu bei, den Alkalinit\u00e4tsgrad zu senken und beide Parameter n\u00e4her an das nat\u00fcrliche Meerwasserverh\u00e4ltnis heranzuf\u00fchren.<\/p>\n<p>Sobald Ihr Calcium- und Alkalinit\u00e4tsspiegel ausgeglichen sind, sollten Sie die Verwendung von Calciumkonzentrat einstellen und auf ein ausgewogenes Pr\u00e4parat wie C-Balance umsteigen. Dadurch stellen Sie sicher, dass Sie Karbonate, Bikarbonate, Calcium, Magnesium und Strontium in den richtigen Verh\u00e4ltnissen bereitstellen.<\/p>\n","protected":false},"excerpt":{"rendered":"<p>.<\/p>\n","protected":false},"featured_media":78968,"template":"","meta":[],"pwb-brand":[2231],"product_cat":[1391,515],"product_tag":[],"class_list":{"0":"post-87785","1":"product","2":"type-product","3":"status-publish","4":"has-post-thumbnail","6":"pwb-brand-two-little-fishies","7":"product_cat-ergaenzungen","8":"product_cat-additives","10":"first","11":"instock","12":"taxable","13":"shipping-taxable","14":"purchasable","15":"product-type-simple"},"acf":[],"brands":[{"id":2231,"name":"Two Little Fishies","slug":"two-little-fishies"}],"_links":{"self":[{"href":"https:\/\/www.seaflowerstore.com\/de\/wp-json\/wp\/v2\/product\/87785","targetHints":{"allow":["GET"]}}],"collection":[{"href":"https:\/\/www.seaflowerstore.com\/de\/wp-json\/wp\/v2\/product"}],"about":[{"href":"https:\/\/www.seaflowerstore.com\/de\/wp-json\/wp\/v2\/types\/product"}],"wp:featuredmedia":[{"embeddable":true,"href":"https:\/\/www.seaflowerstore.com\/de\/wp-json\/wp\/v2\/media\/78968"}],"wp:attachment":[{"href":"https:\/\/www.seaflowerstore.com\/de\/wp-json\/wp\/v2\/media?parent=87785"}],"wp:term":[{"taxonomy":"pwb-brand","embeddable":true,"href":"https:\/\/www.seaflowerstore.com\/de\/wp-json\/wp\/v2\/pwb-brand?post=87785"},{"taxonomy":"product_cat","embeddable":true,"href":"https:\/\/www.seaflowerstore.com\/de\/wp-json\/wp\/v2\/product_cat?post=87785"},{"taxonomy":"product_tag","embeddable":true,"href":"https:\/\/www.seaflowerstore.com\/de\/wp-json\/wp\/v2\/product_tag?post=87785"}],"curies":[{"name":"wp","href":"https:\/\/api.w.org\/{rel}","templated":true}]}}