{"id":87787,"date":"2016-04-05T07:45:02","date_gmt":"2016-04-05T05:45:02","guid":{"rendered":"https:\/\/www.seaflowerstore.com\/nl\/seawater-reference-calibration-solution\/"},"modified":"2025-12-15T18:26:11","modified_gmt":"2025-12-15T17:26:11","slug":"seawater-reference-calibration-solution","status":"publish","type":"product","link":"https:\/\/www.seaflowerstore.com\/de\/seawater-reference-calibration-solution\/","title":{"rendered":"Seawater Reference Calibration solution"},"content":{"rendered":"<h2>AccuraSea Seawater Reference Calibration solution 250ml<\/h2>\n<ul>\n<li>Standardisierte Referenzl\u00f6sung f\u00fcr Testger\u00e4te f\u00fcr Meerwasseraquarien<\/li>\n<li>Nat\u00fcrliches Meerwasser bei 53,0 mS (S 35) bietet einen genauen Referenzpunkt<\/li>\n<li>Best\u00e4tigen Sie die Genauigkeit von Hydrometern, Refraktometern und mehr f\u00fcr Aquarien<\/li>\n<\/ul>\n<p>Verbessern Sie die Genauigkeit Ihrer Salzwassertestger\u00e4te, indem Sie sie mit einer standardisierten Referenzl\u00f6sung vergleichen, die die Eigenschaften von nat\u00fcrlichem Meerwasser nachahmt. Die AccuraSea-Meerwasser-Referenzkalibrierungsl\u00f6sung von Two Little Fishies ist reines nat\u00fcrliches Meerwasser, standardisiert auf 53,0 mS (S 35) und bietet eine zuverl\u00e4ssige Referenz f\u00fcr Ihre Salzwassertestger\u00e4te.<\/p>\n<p>Diese einzigartige L\u00f6sung wird mikrometergefiltert und UV-sterilisiert und dann mit Umkehrosmosewasser angepasst, um sie an den Standard S 35 oder 53 mS\/cm bei 25 \u00b0C (77 \u00b0F) anzupassen. Da die L\u00f6sung vollst\u00e4ndig aus nat\u00fcrlichem Meerwasser hergestellt wird, \u00e4ndert sich ihre Dichte mit der Temperatur, genau wie bei echtem Meerwasser.<\/p>\n<p>Verwenden Sie die AccuraSea-Meerwasser-Referenzkalibrierungsl\u00f6sung mit Refraktometern, Hydrometern und anderen Dichte-, Salzgehalt- oder Leitf\u00e4higkeitsmessger\u00e4ten, um die Dichte von k\u00fcnstlichem und nat\u00fcrlichem Meerwasser zu pr\u00fcfen.<\/p>\n<p><strong>Alternative Verwendung:<\/strong> Sie k\u00f6nnen die AccuraSea-Meerwasser-Referenzkalibrierungsl\u00f6sung auch als Referenz f\u00fcr Testkits zur Messung verschiedener Meerwasserkomponenten verwenden, da sie die korrekten und bekannten Konzentrationen aller gel\u00f6sten Salze enth\u00e4lt.<\/p>\n<h3>Gebrauchsanweisung<\/h3>\n<p><strong>Zur Refraktometerkalibrierung:<\/strong> Wischen und trocknen Sie zun\u00e4chst die Oberfl\u00e4chen des Prismenobjekttr\u00e4gers mit einem weichen, sauberen Tuch und reinem S\u00fc\u00dfwasser ab. Geben Sie einige Tropfen AccuraSea SRCS auf den Prismenobjekttr\u00e4ger und befolgen Sie die Anweisungen des Herstellers zum Ablesen und Kalibrieren. Stellen Sie die Kalibrierung auf 35 ppt ein. Reinigen und trocknen Sie den Prismenobjekttr\u00e4ger anschlie\u00dfend erneut. Geben Sie nun ein paar Tropfen des Wassers hinzu, das Sie testen m\u00f6chten, und lesen Sie die Dichte Ihrer Probe ab. Denken Sie daran, den Prismenschieber noch einmal zu reinigen und zu trocknen, bevor Sie das Refraktometer verstauen.<\/p>\n<p><strong>Zur Kalibrierung des Schwenkarm-Hydrometers:<\/strong> Sp\u00fclen Sie das Hydrometer mit Umkehrosmosewasser ab, um alle Salze zu entfernen, und lassen Sie es dann \u00fcber Nacht trocknen. Gie\u00dfen Sie AccuraSea SRCS vorsichtig in das Hydrometer und achten Sie darauf, dass sich keine Blasen am Schwenkarm bilden. Wenn sich Blasen bilden, klopfen Sie diese vorsichtig mit einem Plastikr\u00fchrer weg. Ein auf 25 \u00b0C kalibriertes Hydrometer (die meisten Aquarien-Hydrometer), das mit AccuraSea SRCS bei einer Temperatur von 75\u201377 \u00b0F gef\u00fcllt ist, sollte eine Dichte von 1,026 anzeigen. Bei Hydrometern, die auf 20 \u00b0C kalibriert sind, zeigt das AccuraSea SRCS bei 25 \u00b0C (77 \u00b0F) 1,025 an, und bei Hydrometern, die auf 15 \u00b0C (59 \u00b0F) kalibriert sind, betr\u00e4gt der Messwert 1,024.<\/p>\n<p><strong>Zutaten:<\/strong> Reines nat\u00fcrliches Meerwasser bei 53,0 mS (S 35)<\/p>\n<h3>Allgemeine Informationen<\/h3>\n<p>Verwenden Sie die AccuraSea-Meerwasser-Referenzkalibrierungsl\u00f6sung von Two Little Fishies, um Refraktometer, Hydrometer und andere Dichte-, Salzgehalt- oder Leitf\u00e4higkeitsmessger\u00e4te zur Bestimmung der Dichte von k\u00fcnstlichem und nat\u00fcrlichem Meerwasser genau zu kalibrieren. Diese L\u00f6sung ist einzigartig, da sie vollst\u00e4ndig aus nat\u00fcrlichem Meerwasser besteht. Dadurch variiert ihre Dichte mit der Temperatur, genau wie bei echtem Meerwasser, was eine perfekte \u00dcbereinstimmung mit dem Brechungsindex garantiert.<\/p>\n<p><strong>Hinweise:<\/strong> Die Verwendung von Umkehrosmosewasser zur Kalibrierung von Refraktometern kann bei Meerwassertests zu ungenauen Ergebnissen f\u00fchren. Um optimale Ergebnisse zu erzielen, kalibrieren Sie Ihr Pr\u00e4zisionstestger\u00e4t direkt vor der Verwendung. AccuraSea SRCS ist lange haltbar und kann jahrelang verwendet werden, sofern es unverunreinigt bleibt und in einem geschlossenen Beh\u00e4lter gelagert wird.<\/p>\n","protected":false},"excerpt":{"rendered":"<p>Two Little Fishies AccuraSea <span style=\"color: #333333\">Standardized reference solution for marine aquarium testing devices like refracto checkers<\/span><\/p>\n","protected":false},"featured_media":78965,"template":"","meta":[],"pwb-brand":[2231],"product_cat":[1500,1399],"product_tag":[],"class_list":{"0":"post-87787","1":"product","2":"type-product","3":"status-publish","4":"has-post-thumbnail","6":"pwb-brand-two-little-fishies","7":"product_cat-referenzfluessigkeiten","8":"product_cat-referenz-fluessigkeiten","10":"first","11":"outofstock","12":"taxable","13":"shipping-taxable","14":"purchasable","15":"product-type-simple"},"acf":[],"brands":[{"id":2231,"name":"Two Little Fishies","slug":"two-little-fishies"}],"_links":{"self":[{"href":"https:\/\/www.seaflowerstore.com\/de\/wp-json\/wp\/v2\/product\/87787","targetHints":{"allow":["GET"]}}],"collection":[{"href":"https:\/\/www.seaflowerstore.com\/de\/wp-json\/wp\/v2\/product"}],"about":[{"href":"https:\/\/www.seaflowerstore.com\/de\/wp-json\/wp\/v2\/types\/product"}],"wp:featuredmedia":[{"embeddable":true,"href":"https:\/\/www.seaflowerstore.com\/de\/wp-json\/wp\/v2\/media\/78965"}],"wp:attachment":[{"href":"https:\/\/www.seaflowerstore.com\/de\/wp-json\/wp\/v2\/media?parent=87787"}],"wp:term":[{"taxonomy":"pwb-brand","embeddable":true,"href":"https:\/\/www.seaflowerstore.com\/de\/wp-json\/wp\/v2\/pwb-brand?post=87787"},{"taxonomy":"product_cat","embeddable":true,"href":"https:\/\/www.seaflowerstore.com\/de\/wp-json\/wp\/v2\/product_cat?post=87787"},{"taxonomy":"product_tag","embeddable":true,"href":"https:\/\/www.seaflowerstore.com\/de\/wp-json\/wp\/v2\/product_tag?post=87787"}],"curies":[{"name":"wp","href":"https:\/\/api.w.org\/{rel}","templated":true}]}}