{"id":87789,"date":"2016-04-03T16:33:04","date_gmt":"2016-04-03T14:33:04","guid":{"rendered":"https:\/\/www.seaflowerstore.com\/nl\/invertebrates-a-quick-reference-guide\/"},"modified":"2024-03-20T16:36:21","modified_gmt":"2024-03-20T15:36:21","slug":"invertebrates-a-quick-reference-guide","status":"publish","type":"product","link":"https:\/\/www.seaflowerstore.com\/de\/invertebrates-a-quick-reference-guide\/","title":{"rendered":"Invertebrates: A Quick Reference Guide"},"content":{"rendered":"<h2>Invertebrates: A Quick Reference Guide<\/h2>\n<div class=\"vi_tab_panel\" style=\"font-size: 12px; float: left; width: 810px; max-width: 810px;\">\n<div class=\"vi_title\" style=\"float: left; width: 630px; max-width: 810px;\">\n<h2 style=\"font-family: Arial, Helvetica, sans-serif; font-weight: 700; line-height: normal; margin: 0; font-size: 13px; padding: 0; background-color: transparent;\">\n<span style=\"font-size: 12px; font-weight: normal;\"><\/p>\n<p><strong>Ein sch\u00f6nes und umfassendes Nachschlagewerk f\u00fcr Aquarianer, Taucher und Naturforscher<\/strong> mit \u00fcber 650 Farbfotos, die mehr als 500 Arten wirbelloser Meerestiere identifizieren. Dieses Buch dient als unverzichtbarer Leitfaden f\u00fcr alle Aquarianer, die fundierte Entscheidungen treffen m\u00f6chten, wenn sie ein Aquarium mit Wirbellosen besetzen oder Wirbellose f\u00fcr ein Riffaquarium kaufen. Es umfasst 240 Seiten und ist als Hardcover erh\u00e4ltlich.<\/p>\n<p><\/span><br \/>\n<\/h2>\n<\/div>\n<\/div>\n","protected":false},"excerpt":{"rendered":"<p>Een mooie en uitgebreide referentie voor aquarianen, duikers en natuuronderzoekers, met meer dan 650 kleurenfoto&#8217;s die meer dan 500 soorten ongewervelde zeedieren identificeren<\/p>\n","protected":false},"featured_media":78962,"template":"","meta":[],"pwb-brand":[2231],"product_cat":[1582],"product_tag":[],"class_list":{"0":"post-87789","1":"product","2":"type-product","3":"status-publish","4":"has-post-thumbnail","6":"pwb-brand-two-little-fishies","7":"product_cat-buecher","9":"first","10":"instock","11":"taxable","12":"shipping-taxable","13":"purchasable","14":"product-type-simple"},"acf":[],"brands":[{"id":2231,"name":"Two Little Fishies","slug":"two-little-fishies"}],"_links":{"self":[{"href":"https:\/\/www.seaflowerstore.com\/de\/wp-json\/wp\/v2\/product\/87789","targetHints":{"allow":["GET"]}}],"collection":[{"href":"https:\/\/www.seaflowerstore.com\/de\/wp-json\/wp\/v2\/product"}],"about":[{"href":"https:\/\/www.seaflowerstore.com\/de\/wp-json\/wp\/v2\/types\/product"}],"wp:featuredmedia":[{"embeddable":true,"href":"https:\/\/www.seaflowerstore.com\/de\/wp-json\/wp\/v2\/media\/78962"}],"wp:attachment":[{"href":"https:\/\/www.seaflowerstore.com\/de\/wp-json\/wp\/v2\/media?parent=87789"}],"wp:term":[{"taxonomy":"pwb-brand","embeddable":true,"href":"https:\/\/www.seaflowerstore.com\/de\/wp-json\/wp\/v2\/pwb-brand?post=87789"},{"taxonomy":"product_cat","embeddable":true,"href":"https:\/\/www.seaflowerstore.com\/de\/wp-json\/wp\/v2\/product_cat?post=87789"},{"taxonomy":"product_tag","embeddable":true,"href":"https:\/\/www.seaflowerstore.com\/de\/wp-json\/wp\/v2\/product_tag?post=87789"}],"curies":[{"name":"wp","href":"https:\/\/api.w.org\/{rel}","templated":true}]}}