{"id":87791,"date":"2016-04-03T15:34:43","date_gmt":"2016-04-03T13:34:43","guid":{"rendered":"https:\/\/www.seaflowerstore.com\/nl\/aquastik-grey-4oz-114g\/"},"modified":"2024-03-20T16:36:19","modified_gmt":"2024-03-20T15:36:19","slug":"aquastik-grey-4oz-114g","status":"publish","type":"product","link":"https:\/\/www.seaflowerstore.com\/de\/aquastik-grey-4oz-114g\/","title":{"rendered":"Aquastik grey (4oz) 114g"},"content":{"rendered":"<h2>Aquastik grey (4oz) 114g<\/h2>\n<ul>\n<li>Tonartiger Epoxidkitt f\u00fcr Aquarien, der sich sauber auftragen l\u00e4sst<\/li>\n<li>Ungiftiger Epoxidkitt, ideal f\u00fcr Aquascaping-Aquarien<\/li>\n<li>Perfekt f\u00fcr die Korallenvermehrung \u2013 befestigt Korallenfragmente an lebenden Steinen oder St\u00f6pseln<\/li>\n<\/ul>\n<p>AquaStik Epoxy Putty von Two Little Fishies ist ein vielseitiger Epoxidkitt, der sich ideal zum Befestigen verschiedener Aquascaping-Elemente eignet. Dieses ungiftige Epoxid verbindet Korallen, lebende Steine, Gorgonien, Pflanzen und andere Materialien effektiv miteinander oder direkt mit Glas. Die einzigartige rote Farbe passt zu Korallenalgen, w\u00e4hrend die graue Farbe nahtlos mit lebenden Steinen verschmilzt. Sobald es vollst\u00e4ndig ausgeh\u00e4rtet ist, k\u00f6nnen Sie es bohren, schleifen oder s\u00e4gen. AquaStik Epoxy Putty haftet an Holz, Beton, Keramik, Acryl, Metall und Fiberglas. Es l\u00e4sst sich in nur einer Minute mischen, h\u00e4rtet in zwanzig Minuten aus und h\u00e4rtet in 24 Stunden vollst\u00e4ndig aus. Es eignet sich f\u00fcr Meer- und S\u00fc\u00dfwasseraquarien, Teiche, Paludarien und Habitate f\u00fcr Reptilien und Kleintiere.<\/p>\n<p><strong>Gebrauchsanweisung:<\/strong><\/p>\n<ul>\n<li>Ziehen Sie die Plastikverpackung soweit ab, dass Sie die ben\u00f6tigte Menge AquaStik abdrehen oder abschneiden k\u00f6nnen.<\/li>\n<li>Zum Mischen kneten Sie den Kitt etwa eine Minute lang mit den Fingern, bis Sie eine einheitliche Farbe erhalten (wenn Sie empfindliche Haut haben, k\u00f6nnen Sie ruhig Handschuhe tragen). Dr\u00fccken Sie die Mischung an und halten Sie sie zwei Minuten lang an Ort und Stelle.<\/li>\n<li>Tragen Sie das Epoxidharz innerhalb von zwei Minuten nach dem Mischen auf die Oberfl\u00e4che auf. Die Verarbeitungszeit betr\u00e4gt etwa f\u00fcnf Minuten. In diesem Stadium weist das gemischte Epoxidharz noch keine hohe Bindungsfestigkeit auf, h\u00e4rtet jedoch nach zwanzig Minuten aus und ist in 24 Stunden vollst\u00e4ndig ausgeh\u00e4rtet.<\/li>\n<li>Bewahren Sie nicht gemischte Teile zur sp\u00e4teren Verwendung wieder in der Tube auf.<\/li>\n<\/ul>\n<p><strong>Hinweis:<\/strong> Die Verwendung gro\u00dfer Mengen Epoxidharz kann vor\u00fcbergehend zu \u00fcberm\u00e4\u00dfiger Schaumbildung im Eiwei\u00dfabsch\u00e4umer f\u00fchren. Es wird empfohlen, den Absch\u00e4umer nach der Verwendung 36 Stunden lang auszuschalten.<\/p>\n<p>F\u00fcr zus\u00e4tzliche strukturelle Bindungen k\u00f6nnen Sie Kunststoffst\u00e4be verwenden. Bitte schneiden Sie \u00fcbersch\u00fcssiges Epoxidharz nicht ab, da dies die Verbindung schw\u00e4chen kann. Korallenalgen bedecken bald freiliegendes Epoxidharz und Korallen wachsen \u00fcber das Epoxidharz, wodurch eine zus\u00e4tzliche Bindung entsteht.<\/p>\n<p>Wenn Sie fragmentierte Zweige von Acropora und anderen Steinkorallen befestigen, umgeben Sie die Basis mit Epoxidharz und dr\u00fccken Sie sie in ein Loch im Felsen. Sie k\u00f6nnen einen Zahnstocher oder einen Plastikstab verwenden, der in die Basis gesteckt wird, um zus\u00e4tzlichen Halt zu bieten, insbesondere bei gr\u00f6\u00dferen St\u00fccken oder Weichkorallen.<\/p>\n<p>F\u00fcr Gorgonien: Wenn eine Basis vorhanden ist, platzieren Sie Epoxidharz darunter und dr\u00fccken Sie die Basis in eine tiefe Vertiefung im Stein. Halten Sie sie zwei Minuten lang mit der Hand fest. Sie k\u00f6nnen Gummib\u00e4nder, Plastikkabelbinder, Monofilamentschnur oder eine Klemmvorrichtung verwenden, um gr\u00f6\u00dfere St\u00fccke zu sichern, bis das Epoxidharz aush\u00e4rtet. Entfernen Sie die Klemme oder schneiden Sie die tempor\u00e4ren B\u00e4nder nach 24 Stunden ab. Wenn die Gorgonie keine Basis hat, entfernen Sie etwa einen Zoll lebendes Gewebe vom Holzskelett am unteren Ende des Stiels. Bedecken Sie den freiliegenden Teil mit ausreichend Epoxidharz, damit das Exemplar beim Einstecken in ein Loch im Stein fest an seinem Platz bleibt. Dr\u00fccken Sie das \u00fcbersch\u00fcssige Epoxidharz in das Loch und um den Stiel herum, um zus\u00e4tzliche Sicherheit zu gew\u00e4hrleisten. Kunststoff-Zahnstocherscheiben k\u00f6nnen mit dem Epoxid in das Loch geklemmt werden, um besonders gro\u00dfe Exemplare festzuhalten.<\/p>\n<p>F\u00fcr S\u00fc\u00dfwasseraquarien und Paludarien mit Pflanzen kann AquaStik Javafarn, Javamoos, Bolbitis, Riccia, Anubias-Arten und andere Pflanzen effektiv an Holz und Steinen befestigen.<\/p>\n<p><strong>Allgemeine Informationen:<\/strong> AquaStik funktioniert gut auf trockenen, feuchten oder nassen Oberfl\u00e4chen und kann unter Wasser aush\u00e4rten. Es ist ungiftig f\u00fcr Fische, Wirbellose, Wasserpflanzen, Reptilien und Kleintiere. Dieses Produkt eignet sich hervorragend zum Befestigen von lebenden Steinen, Steinkorallen, Gorgonien, Wasserpflanzen und verschiedenen Aquascaping-Elementen. Es haftet an Holz, Beton, Keramik, Acryl, Metallen und Fiberglas. AquaStik kann gebohrt, geschliffen, ges\u00e4gt und bearbeitet werden, was es f\u00fcr Reparaturen n\u00fctzlich macht. Es ist von Hand knetbar, h\u00e4rtet schnell aus und hat keinen starken Geruch. Es l\u00e4sst sich in einer Minute mischen und h\u00e4rtet in zwanzig Minuten aus. Es erreicht seine volle Festigkeit in 24 Stunden. Das Stickformat vermeidet Abfall und sorgt f\u00fcr die richtigen Proportionen, w\u00e4hrend seine tonartige Konsistenz eine saubere Anwendung erm\u00f6glicht, die keine Werkzeuge erfordert. AquaStik ist perfekt f\u00fcr den Einsatz in Meer- und S\u00fc\u00dfwasseraquarien, Teichen, Paludarien und Lebensr\u00e4umen f\u00fcr Reptilien und Kleintiere geeignet.<\/p>\n","protected":false},"excerpt":{"rendered":"<p>Aquastik grey Clay-like aquarium epoxy Great for coral propagation &#8211; secures coral frags to live rock or plugs<\/p>\n","protected":false},"featured_media":78958,"template":"","meta":[],"pwb-brand":[2231],"product_cat":[1405],"product_tag":[],"class_list":{"0":"post-87791","1":"product","2":"type-product","3":"status-publish","4":"has-post-thumbnail","6":"pwb-brand-two-little-fishies","7":"product_cat-korallenkleber-versiegelungsmittel","9":"first","10":"instock","11":"taxable","12":"shipping-taxable","13":"purchasable","14":"product-type-simple"},"acf":[],"brands":[{"id":2231,"name":"Two Little Fishies","slug":"two-little-fishies"}],"_links":{"self":[{"href":"https:\/\/www.seaflowerstore.com\/de\/wp-json\/wp\/v2\/product\/87791","targetHints":{"allow":["GET"]}}],"collection":[{"href":"https:\/\/www.seaflowerstore.com\/de\/wp-json\/wp\/v2\/product"}],"about":[{"href":"https:\/\/www.seaflowerstore.com\/de\/wp-json\/wp\/v2\/types\/product"}],"wp:featuredmedia":[{"embeddable":true,"href":"https:\/\/www.seaflowerstore.com\/de\/wp-json\/wp\/v2\/media\/78958"}],"wp:attachment":[{"href":"https:\/\/www.seaflowerstore.com\/de\/wp-json\/wp\/v2\/media?parent=87791"}],"wp:term":[{"taxonomy":"pwb-brand","embeddable":true,"href":"https:\/\/www.seaflowerstore.com\/de\/wp-json\/wp\/v2\/pwb-brand?post=87791"},{"taxonomy":"product_cat","embeddable":true,"href":"https:\/\/www.seaflowerstore.com\/de\/wp-json\/wp\/v2\/product_cat?post=87791"},{"taxonomy":"product_tag","embeddable":true,"href":"https:\/\/www.seaflowerstore.com\/de\/wp-json\/wp\/v2\/product_tag?post=87791"}],"curies":[{"name":"wp","href":"https:\/\/api.w.org\/{rel}","templated":true}]}}