{"id":87792,"date":"2016-04-03T15:33:29","date_gmt":"2016-04-03T13:33:29","guid":{"rendered":"https:\/\/www.seaflowerstore.com\/nl\/aquastik-red-4oz-114g\/"},"modified":"2024-03-20T16:36:18","modified_gmt":"2024-03-20T15:36:18","slug":"aquastik-red-4oz-114g","status":"publish","type":"product","link":"https:\/\/www.seaflowerstore.com\/de\/aquastik-red-4oz-114g\/","title":{"rendered":"Aquastik red (4oz) 114g"},"content":{"rendered":"<h2>Aquastik red (4oz) 114g Clay-like aquarium epoxy putty for no-mess application<\/h2>\n<p><strong>Aquastik<\/strong> ist ein fantastischer tonartiger Epoxidkitt f\u00fcr Aquarien, der f\u00fcr eine saubere Anwendung entwickelt wurde. Hier sind einige seiner wichtigsten Eigenschaften:<\/p>\n<ul>\n<li>Ungiftiger Epoxidkitt, der sich hervorragend f\u00fcr Aquascaping-Aquarien eignet<\/li>\n<li>Ideal f\u00fcr die Korallenvermehrung, zum Befestigen von Korallenfragmenten an lebendem Gestein oder an St\u00f6pseln<\/li>\n<\/ul>\n<p>Was die Verwendung betrifft, ist AquaStik Epoxy Putty von Two Little Fishies eine vielseitige L\u00f6sung zum Befestigen verschiedener Aquascaping-Elemente. Dieses ungiftige Epoxid verbindet effektiv Korallen, lebendes Gestein, Gorgonien, Pflanzen und mehr, entweder aneinander oder direkt an Glas. Die einzigartige rote Farbe harmoniert wunderbar mit Korallenalgen, w\u00e4hrend die graue Farbe lebendes Gestein perfekt erg\u00e4nzt. Sie k\u00f6nnen es bohren, schleifen oder s\u00e4gen, nachdem es vollst\u00e4ndig ausgeh\u00e4rtet ist.<\/p>\n<p>AquaStik Epoxy Putty haftet an einer Vielzahl von Materialien, darunter Holz, Beton, Keramik, Acryl, Metall und Fiberglas. Es l\u00e4sst sich in nur einer Minute mischen, h\u00e4rtet in 20 Minuten aus und ist innerhalb von 24 Stunden vollst\u00e4ndig ausgeh\u00e4rtet. Es eignet sich f\u00fcr den Einsatz in Meer- und S\u00fc\u00dfwasseraquarien, Teichen, Paludarien sowie Reptilien- und Kleintiergehegen.<\/p>\n<ul>\n<li>Ziehen Sie die Plastikverpackung ab, um die erforderliche Menge AquaStik abzudrehen oder abzuschneiden.<\/li>\n<li>Zum Mischen etwa eine Minute lang mit den Fingern kneten, bis eine gleichm\u00e4\u00dfige Farbe entsteht (bei empfindlicher Haut sind Handschuhe empfehlenswert). Dr\u00fccken und halten Sie es 2 Minuten lang an Ort und Stelle.<\/li>\n<li>Tragen Sie es innerhalb von 2 Minuten nach dem Mischen auf die Oberfl\u00e4che auf. Die Verarbeitungszeit betr\u00e4gt etwa 5 Minuten, da das gemischte Epoxidharz in diesem Stadium noch keine starke Bindungskraft aufweist, aber nach 20 Minuten aush\u00e4rtet und in 24 Stunden vollst\u00e4ndig aush\u00e4rtet.<\/li>\n<li>Jeder nicht gemischte Teil kann zur sp\u00e4teren Verwendung wieder in das R\u00f6hrchen gegeben werden.<\/li>\n<\/ul>\n<p><strong>Hinweis:<\/strong> Die Verwendung gro\u00dfer Mengen kann vor\u00fcbergehend dazu f\u00fchren, dass Ihr Eiwei\u00dfabsch\u00e4umer \u00fcberm\u00e4\u00dfig sch\u00e4umt. Es ist ratsam, den Absch\u00e4umer nach Gebrauch 36 Stunden lang auszuschalten.<\/p>\n<p>Sie k\u00f6nnen strukturelle Bindungen durch die Verwendung von Kunststoffst\u00e4ben verbessern. Vermeiden Sie es, \u00fcbersch\u00fcssiges Epoxidharz abzuschneiden, da dies die Verbindung schw\u00e4chen kann. Keine Sorge, Korallenalgen werden freiliegendes Epoxidharz bald bedecken und Korallen werden auch dar\u00fcber wachsen und eine zus\u00e4tzliche Verbindung bilden.<\/p>\n<p>Wenn Sie fragmentierte Zweige von Acropora und anderen Steinkorallen befestigen, umgeben Sie die Basis mit Epoxidharz und dr\u00fccken Sie sie in ein Loch im Felsen. Ein in die Basis gesteckter Zahnstocher oder Plastikstab oder ein Stift k\u00f6nnen gr\u00f6\u00dferen St\u00fccken oder Weichkorallen zus\u00e4tzlichen Halt bieten.<\/p>\n<p>Wenn bei Gorgonien eine Basis vorhanden ist, tragen Sie Epoxidharz darunter auf und dr\u00fccken Sie die Basis in eine tiefe Vertiefung im Gestein, wobei Sie sie dort 2 Minuten lang mit der Hand festhalten. Sie k\u00f6nnen Gummib\u00e4nder, Plastikkabelbinder, Monofilamentschnur oder eine Klemmvorrichtung verwenden, um gr\u00f6\u00dfere St\u00fccke an Ort und Stelle zu halten, bis das Epoxidharz aush\u00e4rtet. Nach 24 Stunden k\u00f6nnen Sie die Klemme entfernen oder die tempor\u00e4ren B\u00e4nder durchschneiden. Wenn die Gorgonie keine Basis hat, entfernen Sie etwa 2,5 cm lebendes Gewebe vom Holzskelett an der Unterseite des Stiels. Bedecken Sie den freiliegenden Teil mit ausreichend Epoxidharz, damit das Exemplar beim Einstecken in ein Loch im Gestein fest sitzt. Dr\u00fccken Sie das \u00fcbersch\u00fcssige Epoxidharz in das Loch und um den Stiel herum, um zus\u00e4tzliche Sicherheit zu gew\u00e4hrleisten. Zahnstocherscheiben aus Kunststoff k\u00f6nnen verwendet werden, um besonders gro\u00dfe Exemplare an Ort und Stelle zu halten.<\/p>\n<p>F\u00fcr S\u00fc\u00dfwasseraquarien und Paludarien mit Pflanzen kann AquaStik verwendet werden, um verschiedene Pflanzen wie Javafarn, Javamoos, Bolbitis, Riccia, Anubias-Arten und andere an Holz und Steinen zu befestigen.<\/p>\n<p><strong>Allgemeine Informationen:<\/strong> AquaStik funktioniert gut auf trockenen, feuchten oder nassen Oberfl\u00e4chen und kann unter Wasser aush\u00e4rten. Es ist ungiftig f\u00fcr Fische, Wirbellose, Wasserpflanzen, Reptilien und Kleintiere. Dieses Produkt eignet sich hervorragend zum Befestigen von lebenden Steinen, Steinkorallen, Gorgonien, Wasserpflanzen und anderen Aquascaping-Elementen. Es haftet an Holz, Beton, Keramik, Acryl, Metallen und Fiberglas. AquaStik kann gebohrt, geschliffen, ges\u00e4gt und bearbeitet werden, was es f\u00fcr Reparaturen n\u00fctzlich macht. Es ist von Hand knetbar und h\u00e4rtet schnell aus, ohne starken Geruch. Es l\u00e4sst sich in 1 Minute mischen und h\u00e4rtet in 20 Minuten aus. Die volle Festigkeit wird in 24 Stunden erreicht. Das Stickformat hilft, Abfall oder falsche Dosierung zu vermeiden, und seine tonartige Konsistenz erm\u00f6glicht eine saubere Anwendung ohne Werkzeug. Es eignet sich perfekt f\u00fcr den Einsatz in Meer- und S\u00fc\u00dfwasseraquarien, Teichen, Paludarien und Lebensr\u00e4umen f\u00fcr Reptilien und Kleintiere.<\/p>\n","protected":false},"excerpt":{"rendered":"<p>Aquastik red (4oz) 114g Clay-like aquarium epoxy putty for no-mess application<\/p>\n","protected":false},"featured_media":78957,"template":"","meta":[],"pwb-brand":[2231],"product_cat":[1405],"product_tag":[],"class_list":{"0":"post-87792","1":"product","2":"type-product","3":"status-publish","4":"has-post-thumbnail","6":"pwb-brand-two-little-fishies","7":"product_cat-korallenkleber-versiegelungsmittel","9":"first","10":"instock","11":"taxable","12":"shipping-taxable","13":"purchasable","14":"product-type-simple"},"acf":[],"brands":[{"id":2231,"name":"Two Little Fishies","slug":"two-little-fishies"}],"_links":{"self":[{"href":"https:\/\/www.seaflowerstore.com\/de\/wp-json\/wp\/v2\/product\/87792","targetHints":{"allow":["GET"]}}],"collection":[{"href":"https:\/\/www.seaflowerstore.com\/de\/wp-json\/wp\/v2\/product"}],"about":[{"href":"https:\/\/www.seaflowerstore.com\/de\/wp-json\/wp\/v2\/types\/product"}],"wp:featuredmedia":[{"embeddable":true,"href":"https:\/\/www.seaflowerstore.com\/de\/wp-json\/wp\/v2\/media\/78957"}],"wp:attachment":[{"href":"https:\/\/www.seaflowerstore.com\/de\/wp-json\/wp\/v2\/media?parent=87792"}],"wp:term":[{"taxonomy":"pwb-brand","embeddable":true,"href":"https:\/\/www.seaflowerstore.com\/de\/wp-json\/wp\/v2\/pwb-brand?post=87792"},{"taxonomy":"product_cat","embeddable":true,"href":"https:\/\/www.seaflowerstore.com\/de\/wp-json\/wp\/v2\/product_cat?post=87792"},{"taxonomy":"product_tag","embeddable":true,"href":"https:\/\/www.seaflowerstore.com\/de\/wp-json\/wp\/v2\/product_tag?post=87792"}],"curies":[{"name":"wp","href":"https:\/\/api.w.org\/{rel}","templated":true}]}}