{"id":87793,"date":"2016-04-03T15:30:13","date_gmt":"2016-04-03T13:30:13","guid":{"rendered":"https:\/\/www.seaflowerstore.com\/nl\/aquastik-red-567g\/"},"modified":"2024-03-20T16:36:17","modified_gmt":"2024-03-20T15:36:17","slug":"aquastik-red-567g","status":"publish","type":"product","link":"https:\/\/www.seaflowerstore.com\/de\/aquastik-red-567g\/","title":{"rendered":"Aquastik red 56,7g"},"content":{"rendered":"<h2>Aquastik red (2oz) 56,7g<\/h2>\n<ul>\n<li>Tonartiger Epoxidkitt f\u00fcr Aquarien, der sich sauber auftragen l\u00e4sst<\/li>\n<li>Ungiftiger Epoxidkitt, ideal f\u00fcr Aquascaping-Aquarien<\/li>\n<li>Ideal f\u00fcr die Korallenvermehrung \u2013 befestigt Korallenfragmente an lebenden Steinen oder St\u00f6pseln<\/li>\n<\/ul>\n<p>AquaStik Epoxy Putty von Two Little Fishies ist ein vielseitiger Epoxidkitt, der zum Befestigen verschiedener Aquascaping-Elemente entwickelt wurde. Dieses ungiftige Epoxid eignet sich perfekt zum Verkleben von Korallen, lebenden Steinen, Gorgonien, Pflanzen und anderen Materialien entweder aneinander oder direkt an Glas. Die einzigartige rote Farbe harmoniert gut mit Korallenalgen, w\u00e4hrend die graue Version nahtlos zu lebenden Steinen passt.<\/p>\n<p>Nachdem AquaStik Epoxy Putty vollst\u00e4ndig ausgeh\u00e4rtet ist, kann es gebohrt, geschliffen oder sogar ges\u00e4gt werden. Es haftet auf vielen Oberfl\u00e4chen, darunter Holz, Beton, Keramik, Acryl, Metall und Fiberglas. Sie k\u00f6nnen es in nur einer Minute mischen und es h\u00e4rtet in 20 Minuten aus, wobei es in 24 Stunden vollst\u00e4ndig ausgeh\u00e4rtet ist. AquaStik eignet sich sowohl f\u00fcr Meer- als auch S\u00fc\u00dfwasseraquarien, Teiche, Paludarien sowie Habitate f\u00fcr Reptilien und Kleintiere.<\/p>\n<p><strong>Gebrauchsanweisung:<\/strong><\/p>\n<ul>\n<li>Ziehen Sie die Plastikverpackung weit genug ab, um die ben\u00f6tigte Menge AquaStik herauszudrehen oder abzuschneiden.<\/li>\n<li>Zum Mischen kneten Sie den Kitt etwa eine Minute lang mit den Fingern, bis er eine einheitliche Farbe erreicht (bei empfindlicher Haut k\u00f6nnen Handschuhe getragen werden).<\/li>\n<li>Dr\u00fccken Sie den Kitt an und halten Sie ihn 2 Minuten lang an Ort und Stelle.<\/li>\n<li>Es ist wichtig, ihn innerhalb von 2 Minuten nach dem Mischen auf die Oberfl\u00e4che aufzutragen. Sie haben etwa 5 Minuten Arbeitszeit.<\/li>\n<li>Obwohl das gemischte Epoxidharz anfangs keine hohe Bindungsfestigkeit aufweist, h\u00e4rtet es nach 20 Minuten aus und ist in 24 Stunden vollst\u00e4ndig ausgeh\u00e4rtet.<\/li>\n<li>Bewahren Sie nicht gemischte Teile zur sp\u00e4teren Verwendung wieder in der Tube auf.<\/li>\n<\/ul>\n<p><strong>Hinweis:<\/strong> Die Verwendung gro\u00dfer Mengen kann vor\u00fcbergehend dazu f\u00fchren, dass Ihr Eiwei\u00dfabsch\u00e4umer \u00fcberm\u00e4\u00dfig sch\u00e4umt. Es ist daher ratsam, den Absch\u00e4umer nach der Verwendung 36 Stunden lang auszuschalten.<\/p>\n<p>Zum Verbessern der strukturellen Bindungen sollten Sie Kunststoffst\u00e4be verwenden. Schneiden Sie kein \u00fcbersch\u00fcssiges Epoxidharz ab, da dies die Verbindung schw\u00e4chen kann. Mit der Zeit bedecken Korallenalgen das freiliegende Epoxidharz und Korallen wachsen dar\u00fcber, wodurch eine st\u00e4rkere Verbindung entsteht.<\/p>\n<p>Um fragmentierte Zweige von Acropora und anderen Steinkorallen zu befestigen, umgeben Sie die Basis mit Epoxidharz und dr\u00fccken Sie sie in ein Loch im Felsen. Sie k\u00f6nnen einen Zahnstocher oder einen Plastikstab verwenden, der in die Basis gesteckt wird, um zus\u00e4tzlichen Halt zu bieten, insbesondere bei gr\u00f6\u00dferen St\u00fccken oder Weichkorallen.<\/p>\n<p><strong>F\u00fcr Gorgonien:<\/strong> Wenn eine Basis vorhanden ist, platzieren Sie Epoxidharz darunter und dr\u00fccken Sie die Basis in eine tiefe Vertiefung im Gestein, wobei Sie sie 2 Minuten lang an Ort und Stelle halten. Sie k\u00f6nnen Gummib\u00e4nder, Plastikkabelbinder, Monofilamentschnur oder eine Klemmvorrichtung verwenden, um gro\u00dfe St\u00fccke zu sichern, bis das Epoxidharz aush\u00e4rtet. Entfernen Sie die Klemme oder schneiden Sie die tempor\u00e4ren B\u00e4nder nach 24 Stunden ab. Wenn die Gorgonie keine Basis hat, entfernen Sie etwa 2,5 cm lebendes Gewebe vom Holzskelett am unteren Ende des Stiels. Bedecken Sie den freiliegenden Bereich mit ausreichend Epoxidharz, damit er fest sitzt, wenn er in ein Loch im Gestein gesteckt wird. Wenn Sie das \u00fcbersch\u00fcssige Epoxidharz in das Loch und um den Stiel herum dr\u00fccken, hilft das, ihn zu sichern. Zahnstocherscheiben aus Kunststoff k\u00f6nnen auch verwendet werden, um besonders gro\u00dfe Exemplare zu st\u00fctzen.<\/p>\n<p><strong>F\u00fcr S\u00fc\u00dfwasseraquarien und Paludarien mit Pflanzen:<\/strong> AquaStik kann verwendet werden, um Javafarn, Javamoos, Bolbitis, Riccia, Anubias-Arten und andere Pflanzen an Holz und Steinen zu befestigen.<\/p>\n<p><strong>Allgemeine Informationen:<\/strong><\/p>\n<p>AquaStik funktioniert auf trockenen, feuchten oder nassen Oberfl\u00e4chen und kann unter Wasser aush\u00e4rten. Es ist ungiftig f\u00fcr Fische, Wirbellose, Wasserpflanzen, Reptilien und Kleintiere. Dieses Produkt eignet sich hervorragend zum Befestigen von lebenden Steinen, Steinkorallen, Gorgonien, Wasserpflanzen und verschiedenen Aquascaping-Elementen. Es haftet gut an Holz, Beton, Keramik, Acryl, Metallen und Fiberglas. AquaStik kann gebohrt, geschliffen, ges\u00e4gt und bearbeitet werden, was es f\u00fcr Reparaturen n\u00fctzlich macht. Es l\u00e4sst sich leicht mit der Hand kneten und h\u00e4rtet schnell und ohne starken Geruch aus. Mit einer Mischzeit von nur einer Minute und einer Aush\u00e4rtungszeit von 20 Minuten erreicht es in 24 Stunden seine volle Festigkeit. Durch das Stickformat werden Abfall und falsche Dosierung vermieden. Die tonartige Konsistenz erm\u00f6glicht eine saubere Anwendung, f\u00fcr die keine Werkzeuge erforderlich sind.<\/p>\n","protected":false},"excerpt":{"rendered":"<p>AquaStik Epoxy Putty from Two Little Fishies is a multipurpose epoxy putty excellent for attaching aquascaping items.<\/p>\n","protected":false},"featured_media":78956,"template":"","meta":[],"pwb-brand":[2231],"product_cat":[1488],"product_tag":[],"class_list":{"0":"post-87793","1":"product","2":"type-product","3":"status-publish","4":"has-post-thumbnail","6":"pwb-brand-two-little-fishies","7":"product_cat-pflege","9":"first","10":"instock","11":"taxable","12":"shipping-taxable","13":"purchasable","14":"product-type-simple"},"acf":[],"brands":[{"id":2231,"name":"Two Little Fishies","slug":"two-little-fishies"}],"_links":{"self":[{"href":"https:\/\/www.seaflowerstore.com\/de\/wp-json\/wp\/v2\/product\/87793","targetHints":{"allow":["GET"]}}],"collection":[{"href":"https:\/\/www.seaflowerstore.com\/de\/wp-json\/wp\/v2\/product"}],"about":[{"href":"https:\/\/www.seaflowerstore.com\/de\/wp-json\/wp\/v2\/types\/product"}],"wp:featuredmedia":[{"embeddable":true,"href":"https:\/\/www.seaflowerstore.com\/de\/wp-json\/wp\/v2\/media\/78956"}],"wp:attachment":[{"href":"https:\/\/www.seaflowerstore.com\/de\/wp-json\/wp\/v2\/media?parent=87793"}],"wp:term":[{"taxonomy":"pwb-brand","embeddable":true,"href":"https:\/\/www.seaflowerstore.com\/de\/wp-json\/wp\/v2\/pwb-brand?post=87793"},{"taxonomy":"product_cat","embeddable":true,"href":"https:\/\/www.seaflowerstore.com\/de\/wp-json\/wp\/v2\/product_cat?post=87793"},{"taxonomy":"product_tag","embeddable":true,"href":"https:\/\/www.seaflowerstore.com\/de\/wp-json\/wp\/v2\/product_tag?post=87793"}],"curies":[{"name":"wp","href":"https:\/\/api.w.org\/{rel}","templated":true}]}}