{"id":87795,"date":"2016-04-03T14:22:53","date_gmt":"2016-04-03T12:22:53","guid":{"rendered":"https:\/\/www.seaflowerstore.com\/nl\/coraffix-gel-07oz-20g\/"},"modified":"2024-03-20T16:36:15","modified_gmt":"2024-03-20T15:36:15","slug":"coraffix-gel-07oz-20g","status":"publish","type":"product","link":"https:\/\/www.seaflowerstore.com\/de\/coraffix-gel-07oz-20g\/","title":{"rendered":"CorAffix Gel (0,7oz) 20g"},"content":{"rendered":"<h2>CorAffix Gel (0,7oz) 20g<\/h2>\n<p><strong>CorAffix Cyanacrylatkleber<\/strong> ist die perfekte L\u00f6sung f\u00fcr alle Ihre Aquascaping-Anforderungen. Seine honigartige Viskosit\u00e4t erm\u00f6glicht eine einfache Anwendung ohne Tropfen oder ein unordentliches Finish. CorAffix bleibt flexibel und schafft eine starke und dennoch belastbare Verbindung, wodurch es sich ideal zum Befestigen von Steinkorallen, Gorgonien und anderen sessilen Wirbellosen an lebendem Gestein in Ihrem Riffaquarium eignet. Sie k\u00f6nnen Ihre Ergebnisse verbessern, indem Sie es zusammen mit <strong>AquaStik Epoxy Putty<\/strong> verwenden, das hilft, eine bessere Verbindung zwischen lebendem Gestein und Ihrer neu befestigten Koralle herzustellen. Und das Beste: Es h\u00e4rtet in nur 20 Sekunden aus.<\/p>\n<p>CorAffix Gel ist eine ausgezeichnete Wahl zum Befestigen von Korallenfragmenten an Stopfen. Seine dicke Gelkonsistenz macht es super praktisch, um Bruchst\u00fccke von Steinkorallen, Zoanthiden und einigen Weichkorallen an Stopfen oder Basen zu befestigen.<\/p>\n<p><strong>F\u00fcr \u201eBruchst\u00fccke\u201c:<\/strong><\/p>\n<ul>\n<li>Geben Sie einen Tropfen CorAffix auf einen Basisstein oder Korallenstopfen.<\/li>\n<li>Dr\u00fccken Sie das Bruchst\u00fcck darauf und befeuchten Sie es mit Meerwasser, um das Aush\u00e4rten zu beschleunigen.<\/li>\n<li>Es h\u00e4rtet innerhalb von 20 Sekunden aus.<\/li>\n<\/ul>\n<p><strong>F\u00fcr Aquascaping:<\/strong><\/p>\n<ul>\n<li>F\u00fchren Sie die Flasche nicht unter Wasser ein.<\/li>\n<li>Geben Sie einen Tropfen CorAffix auf die Unterseite einer Koralle \u00fcber Wasser und f\u00fchren Sie die Koralle schnell in Meerwasser ein, um eine Haut zu bilden.<\/li>\n<li>Wiederholen Sie diesen Vorgang und bilden Sie Schichten, bis Sie genug f\u00fcr eine sichere Befestigung haben.<\/li>\n<li>Dr\u00fccken Sie die Koralle in Position unter Wasser, damit sich CorAffix zwischen der Koralle und dem Befestigungspunkt verteilen kann.<\/li>\n<li>Halten Sie es 30 Sekunden lang an Ort und Stelle. Wenn keine sichere Verbindung entsteht, tragen Sie eine weitere Schicht CorAffix auf und versuchen Sie es erneut.<\/li>\n<\/ul>\n<p><strong>Enth\u00e4lt:<\/strong> Ethylcyanacrylatester<\/p>\n<p><strong>Allgemeine Informationen:<\/strong> CorAffix ist eine Ethylcyanacrylat-Bindemasse mit einer honig\u00e4hnlichen Viskosit\u00e4t. Sie eignet sich hervorragend zum Befestigen von Steinkorallen, Gorgonien und anderen sessilen Wirbellosen in nat\u00fcrlichen Positionen auf lebendem Gestein in Aquarien. Sie ist auch n\u00fctzlich zum Befestigen von Korallenfragmenten in der Korallenzucht. F\u00fcr gr\u00f6\u00dfere Korallenk\u00f6pfe verwenden Sie es mit <strong>AquaStik Epoxy Putty<\/strong> (#400695, #400609). Tragen Sie zun\u00e4chst frisch gemischtes AquaStik auf lebendem Gestein auf. Dr\u00fccken Sie dann die Korallenbasis in den AquaStik und entfernen Sie die Koralle, sodass ein Abdruck der Korallenbasis im AquaStik zur\u00fcckbleibt. Lassen Sie den AquaStik 20 Minuten lang aush\u00e4rten. Tragen Sie anschlie\u00dfend CorAffix auf die Korallenbasis auf und dr\u00fccken Sie es in den im AquaStik hinterlassenen Abdruck. Dadurch entsteht in nur 20 Sekunden eine sichere Verbindung.<\/p>\n<p><strong>Hinweis:<\/strong> Bitte bewahren Sie dieses Produkt au\u00dferhalb der Reichweite von Kindern und Haustieren auf. Es wird empfohlen, bei der Verwendung von CorAffix eine Schutzbrille und Handschuhe zu tragen. Dieses Produkt kann Haut, Augen und Mund verkleben. Bei Hautkontakt mehrere Minuten lang mit Seifenwasser waschen.<\/p>\n","protected":false},"excerpt":{"rendered":"<p>CorAffix Gel (0,7oz) 20g Adhesive\u00a0is perfect for all your aquascaping<\/p>\n","protected":false},"featured_media":78953,"template":"","meta":[],"pwb-brand":[2231],"product_cat":[1405],"product_tag":[],"class_list":{"0":"post-87795","1":"product","2":"type-product","3":"status-publish","4":"has-post-thumbnail","6":"pwb-brand-two-little-fishies","7":"product_cat-korallenkleber-versiegelungsmittel","9":"first","10":"instock","11":"taxable","12":"shipping-taxable","13":"purchasable","14":"product-type-simple"},"acf":[],"brands":[{"id":2231,"name":"Two Little Fishies","slug":"two-little-fishies"}],"_links":{"self":[{"href":"https:\/\/www.seaflowerstore.com\/de\/wp-json\/wp\/v2\/product\/87795","targetHints":{"allow":["GET"]}}],"collection":[{"href":"https:\/\/www.seaflowerstore.com\/de\/wp-json\/wp\/v2\/product"}],"about":[{"href":"https:\/\/www.seaflowerstore.com\/de\/wp-json\/wp\/v2\/types\/product"}],"wp:featuredmedia":[{"embeddable":true,"href":"https:\/\/www.seaflowerstore.com\/de\/wp-json\/wp\/v2\/media\/78953"}],"wp:attachment":[{"href":"https:\/\/www.seaflowerstore.com\/de\/wp-json\/wp\/v2\/media?parent=87795"}],"wp:term":[{"taxonomy":"pwb-brand","embeddable":true,"href":"https:\/\/www.seaflowerstore.com\/de\/wp-json\/wp\/v2\/pwb-brand?post=87795"},{"taxonomy":"product_cat","embeddable":true,"href":"https:\/\/www.seaflowerstore.com\/de\/wp-json\/wp\/v2\/product_cat?post=87795"},{"taxonomy":"product_tag","embeddable":true,"href":"https:\/\/www.seaflowerstore.com\/de\/wp-json\/wp\/v2\/product_tag?post=87795"}],"curies":[{"name":"wp","href":"https:\/\/api.w.org\/{rel}","templated":true}]}}