{"id":87796,"date":"2016-04-03T14:21:32","date_gmt":"2016-04-03T12:21:32","guid":{"rendered":"https:\/\/www.seaflowerstore.com\/nl\/coraffix-2oz-567g\/"},"modified":"2024-03-20T16:36:13","modified_gmt":"2024-03-20T15:36:13","slug":"coraffix-2oz-567g","status":"publish","type":"product","link":"https:\/\/www.seaflowerstore.com\/de\/coraffix-2oz-567g\/","title":{"rendered":"CorAffix (2oz) 56,7g"},"content":{"rendered":"<h2>CorAffix (2oz) 56,7g<\/h2>\n<p><strong>Two Little Fishies CorAffix (2oz) 56,7g<\/strong> ist die ideale L\u00f6sung f\u00fcr all Ihre Aquascaping-Projekte. Dieser Cyanacrylat-Kleber hat eine honigartige Konsistenz, sodass er sich leicht auftragen l\u00e4sst, ohne dass er tropft oder klebrig wird. CorAffix bleibt flexibel und bildet gleichzeitig eine sehr starke und belastbare Verbindung, wodurch es sich perfekt zum Befestigen von Steinkorallen, Gorgonien und anderen sessilen Wirbellosen an lebendem Gestein in Riffaquarien eignet.<\/p>\n<h2>Anleitung<\/h2>\n<p><strong>F\u00fcr \u201eFragmente\u201c:<\/strong> Geben Sie einfach eine kleine Menge CorAffix auf einen Basisstein oder einen Korallenpfropfen. Dr\u00fccken Sie das Fragment darauf und befeuchten Sie es mit Meerwasser, um den Aush\u00e4rtungsprozess zu beschleunigen. Es h\u00e4rtet in etwa 20 Sekunden aus.<\/p>\n<p><strong>F\u00fcr Aquascaping:<\/strong> Bitte setzen Sie die Flasche nicht unter Wasser ein. Tragen Sie einen Tropfen CorAffix auf die Unterseite einer Koralle \u00fcber Wasser auf und legen Sie die Koralle dann schnell in Meerwasser, um eine Haut zu bilden. Wiederholen Sie diesen Vorgang und bilden Sie Schichten, bis Sie genug f\u00fcr eine sichere Befestigung haben. Sobald Sie die Koralle unter Wasser in Position gedr\u00fcckt haben, verteilt sich das CorAffix zwischen der Koralle und ihrem Befestigungspunkt. Halten Sie es 30 Sekunden lang an Ort und Stelle. Wenn die Verbindung nicht sicher ist, tragen Sie einfach eine weitere Schicht CorAffix auf und versuchen Sie es erneut.<\/p>\n<h2>Enth\u00e4lt:<\/h2>\n<p>Ethylcyanacrylatester<\/p>\n<h2>Allgemeine Informationen<\/h2>\n<p>CorAffix ist eine Ethylcyanacrylat-Bindeverbindung mit einer Viskosit\u00e4t \u00e4hnlich der von Honig. Verwenden Sie es, um Steinkorallen, Gorgonien und andere sesshafte Wirbellose in ihrer nat\u00fcrlichen Position auf lebendem Gestein in Aquarien zu befestigen. Es ist auch wirksam zum Befestigen von Korallenfragmenten in der Korallenzucht. F\u00fcr gr\u00f6\u00dfere Korallenk\u00f6pfe kombinieren Sie es mit AquaStik Epoxy Putty (#400695, #400609). Tragen Sie zun\u00e4chst frisch gemischtes AquaStik auf das lebende Gestein auf. Dr\u00fccken Sie die Korallenbasis in den AquaStik und entfernen Sie dann die Koralle, sodass ein Abdruck der Basis entsteht. Lassen Sie den AquaStik 20 Minuten lang aush\u00e4rten. Tragen Sie anschlie\u00dfend CorAffix auf die Korallenbasis auf und dr\u00fccken Sie es in den im AquaStik hinterlassenen Abdruck, um in nur 20 Sekunden eine sichere Verbindung herzustellen.<\/p>\n<h2>Sicherheitshinweis:<\/h2>\n<p>Bitte bewahren Sie dieses Produkt au\u00dferhalb der Reichweite von Kindern und Haustieren auf. Es ist wichtig, bei der Verwendung von CorAffix eine Schutzbrille und Handschuhe zu tragen, da es Haut, Augen und Mund verkleben kann. Bei Hautkontakt mehrere Minuten lang mit Seifenwasser waschen.<\/p>\n","protected":false},"excerpt":{"rendered":"<p>Two Little Fishies CorAffix (2oz) 56,7g\u00a0is perfect for all your aquascaping needs<\/p>\n","protected":false},"featured_media":78952,"template":"","meta":[],"pwb-brand":[2231],"product_cat":[1405],"product_tag":[],"class_list":{"0":"post-87796","1":"product","2":"type-product","3":"status-publish","4":"has-post-thumbnail","6":"pwb-brand-two-little-fishies","7":"product_cat-korallenkleber-versiegelungsmittel","9":"first","10":"instock","11":"taxable","12":"shipping-taxable","13":"purchasable","14":"product-type-simple"},"acf":[],"brands":[{"id":2231,"name":"Two Little Fishies","slug":"two-little-fishies"}],"_links":{"self":[{"href":"https:\/\/www.seaflowerstore.com\/de\/wp-json\/wp\/v2\/product\/87796","targetHints":{"allow":["GET"]}}],"collection":[{"href":"https:\/\/www.seaflowerstore.com\/de\/wp-json\/wp\/v2\/product"}],"about":[{"href":"https:\/\/www.seaflowerstore.com\/de\/wp-json\/wp\/v2\/types\/product"}],"wp:featuredmedia":[{"embeddable":true,"href":"https:\/\/www.seaflowerstore.com\/de\/wp-json\/wp\/v2\/media\/78952"}],"wp:attachment":[{"href":"https:\/\/www.seaflowerstore.com\/de\/wp-json\/wp\/v2\/media?parent=87796"}],"wp:term":[{"taxonomy":"pwb-brand","embeddable":true,"href":"https:\/\/www.seaflowerstore.com\/de\/wp-json\/wp\/v2\/pwb-brand?post=87796"},{"taxonomy":"product_cat","embeddable":true,"href":"https:\/\/www.seaflowerstore.com\/de\/wp-json\/wp\/v2\/product_cat?post=87796"},{"taxonomy":"product_tag","embeddable":true,"href":"https:\/\/www.seaflowerstore.com\/de\/wp-json\/wp\/v2\/product_tag?post=87796"}],"curies":[{"name":"wp","href":"https:\/\/api.w.org\/{rel}","templated":true}]}}