{"id":87797,"date":"2016-04-03T13:55:56","date_gmt":"2016-04-03T11:55:56","guid":{"rendered":"https:\/\/www.seaflowerstore.com\/nl\/c-balance-946-ml\/"},"modified":"2026-01-03T22:45:44","modified_gmt":"2026-01-03T21:45:44","slug":"c-balance-946-ml","status":"publish","type":"product","link":"https:\/\/www.seaflowerstore.com\/de\/c-balance-946-ml\/","title":{"rendered":"C-Balance 946 mL"},"content":{"rendered":"<h2>C-Balance 946 mL<\/h2>\n<p><strong>C-Balance von Two Little Fishies<\/strong> ist ein zweiteiliges System zur Aufrechterhaltung des Kalzium- und Alkalinit\u00e4tsniveaus in Meerwasseraquarien. Dieses Produkt hilft dabei, Kalzium-, Magnesium- und Strontiumionen an die nat\u00fcrlichen Meerwasserverh\u00e4ltnisse anzupassen und so eine ausgewogene Ionenumgebung zu gew\u00e4hrleisten. Es vereinfacht die Auff\u00fcllung von Kalzium und Alkalinit\u00e4t und hilft dabei, diese Niveaus in perfekter Harmonie zu halten, um optimale Bedingungen f\u00fcr das Wachstum von Steinkorallen und Korallenalgen zu schaffen. C-Balance ist in zwei 500-ml- (16 oz) oder 946-ml- (32 oz) Flaschen sowie als Konzentrat in zwei 3785-ml- (1 gal) Flaschen erh\u00e4ltlich. Die 16-oz-Flasche reicht f\u00fcr 1.900 Gallonen, die 32-oz-Flasche f\u00fcr 3.800 Gallonen und das 1-Gallonen-Konzentrat reicht f\u00fcr bis zu 15.222 Gallonen.<\/p>\n<p><strong>Gebrauchsanweisung<\/strong><br \/>F\u00fcgen Sie mit den mitgelieferten Messkappen gleiche Mengen von Teil A und Teil B separat in das Aquarium ein. Achten Sie darauf, die Messkappen zwischen den Dosierungen mit Wasser auszusp\u00fclen. Es ist wichtig, die Teile A und B nicht miteinander oder mit anderen Erg\u00e4nzungsmitteln in Dosierbeh\u00e4ltern zu vermischen. Je nach Verkalkungsgrad m\u00fcssen Sie C-Balance m\u00f6glicherweise t\u00e4glich oder nur ein paar Mal pro Woche hinzuf\u00fcgen. Die erforderliche Dosierung basiert auf der Alkalinit\u00e4t, die zwischen 2,5 und 3,5 meq\/l (7-10 dKH) gehalten werden sollte. \u00dcberwachen Sie dies unbedingt mit einem zuverl\u00e4ssigen Testkit.<\/p>\n<p><strong>Dosierung<\/strong><br \/>Beginnen Sie mit 5 ml (1 Teel\u00f6ffel) jedes Teils pro 75 l (20 Gallonen) Aquarienkapazit\u00e4t pro Tag. Gie\u00dfen Sie die L\u00f6sung in einen starken Str\u00f6mungsstrahl, damit sie sich schnell verteilt. Bitte beachten Sie, dass Teil B vor\u00fcbergehend eine Tr\u00fcbung verursachen kann.<\/p>\n<p><strong>Maximale Dosis<\/strong><br \/>Die maximale Dosis betr\u00e4gt 1 ml pro Gallone (3,8 l) pro Tag, was einer Erh\u00f6hung der Gesamtalkalit\u00e4t um 0,5 mval\/l entspricht. Das \u00dcberschreiten dieser maximalen Dosis kann den pH-Wert vor\u00fcbergehend zu sehr ansteigen lassen. Es ist ratsam, die maximale Dosis auf mindestens zwei Dosen aufzuteilen, um einen schnellen pH-Anstieg zu vermeiden.<\/p>\n<p><strong>Niederschlag von Teil B<\/strong><br \/>Wenn Teil B Temperaturen unter Raumtemperatur ausgesetzt wird, kann es zu Niederschl\u00e4gen kommen. Die Kristalle l\u00f6sen sich wieder in die L\u00f6sung auf, sobald die Temperatur 24 \u00b0C (75 \u00b0F) \u00fcberschreitet. Bitte lagern Sie es bei \u00fcber 15 \u00b0C (60 \u00b0F).<\/p>\n<p><strong>Warnung<\/strong><br \/>Kontakt mit Augen, Haut und Mund vermeiden. Dieses Produkt kann mittelschwere bis schwere Augenreizungen oder Hornhautverletzungen verursachen, deren Heilung einige Zeit in Anspruch nehmen kann. Wiederholter Kontakt kann zu R\u00f6tungen und trockener, rissiger Haut f\u00fchren. Lagern Sie dieses Produkt fern von S\u00e4uren und Metallen. Bei Augen- oder Hautkontakt sp\u00fclen Sie die Stelle 15 Minuten lang mit Wasser und suchen Sie einen Arzt auf, wenn die Reizung anh\u00e4lt.<\/p>\n<p>Au\u00dferhalb der Reichweite von Kindern aufbewahren. Dieses Produkt ist nur f\u00fcr den Gebrauch im Aquarium bestimmt und nicht f\u00fcr den menschlichen Verzehr oder f\u00fcr die Verwendung mit Fischen oder anderen Tieren, die f\u00fcr den menschlichen Verzehr gez\u00fcchtet werden.<\/p>\n<p><strong>Zutaten Teil A<\/strong><br \/>Calciumchlorid, Magnesiumchlorid, Calciumbromid, Strontiumchlorid, Lithiumchlorid, Rubidiumchlorid, Nickelchlorid, Chromchlorid, Zinkchlorid, Kupferchlorid, C\u00e4siumchlorid, Eisenchlorid, Manganchlorid, Kobaltchlorid.<\/p>\n<p><strong>Zutaten Teil B<\/strong><br \/>Natriumbicarbonat, Natriumcarbonat, Natriumsulfat, Kaliumbicarbonat, Natriummetaborat, Natriumfluorid, Kaliumiodid, Natriumselenat, Natriumvanadat, Natriumwolframat.<\/p>\n<p><img loading=\"lazy\" decoding=\"async\" src=\"https:\/\/www.seaflowerstore.com\/nl\/wp-content\/uploads\/content\/logo_2fishies_2.gif\" alt=\"Two Little Fishies\" width=\"72\" height=\"42\" hspace=\"2\" vspace=\"2\" border=\"0\" align=\"right\" title=\"Zwei kleine Fischchen\"><\/p>\n","protected":false},"excerpt":{"rendered":"<p>.<\/p>\n","protected":false},"featured_media":78951,"template":"","meta":[],"pwb-brand":[2231],"product_cat":[1391],"product_tag":[],"class_list":{"0":"post-87797","1":"product","2":"type-product","3":"status-publish","4":"has-post-thumbnail","6":"pwb-brand-two-little-fishies","7":"product_cat-ergaenzungen","9":"first","10":"instock","11":"taxable","12":"shipping-taxable","13":"purchasable","14":"product-type-simple"},"acf":[],"brands":[{"id":2231,"name":"Two Little Fishies","slug":"two-little-fishies"}],"_links":{"self":[{"href":"https:\/\/www.seaflowerstore.com\/de\/wp-json\/wp\/v2\/product\/87797","targetHints":{"allow":["GET"]}}],"collection":[{"href":"https:\/\/www.seaflowerstore.com\/de\/wp-json\/wp\/v2\/product"}],"about":[{"href":"https:\/\/www.seaflowerstore.com\/de\/wp-json\/wp\/v2\/types\/product"}],"wp:featuredmedia":[{"embeddable":true,"href":"https:\/\/www.seaflowerstore.com\/de\/wp-json\/wp\/v2\/media\/78951"}],"wp:attachment":[{"href":"https:\/\/www.seaflowerstore.com\/de\/wp-json\/wp\/v2\/media?parent=87797"}],"wp:term":[{"taxonomy":"pwb-brand","embeddable":true,"href":"https:\/\/www.seaflowerstore.com\/de\/wp-json\/wp\/v2\/pwb-brand?post=87797"},{"taxonomy":"product_cat","embeddable":true,"href":"https:\/\/www.seaflowerstore.com\/de\/wp-json\/wp\/v2\/product_cat?post=87797"},{"taxonomy":"product_tag","embeddable":true,"href":"https:\/\/www.seaflowerstore.com\/de\/wp-json\/wp\/v2\/product_tag?post=87797"}],"curies":[{"name":"wp","href":"https:\/\/api.w.org\/{rel}","templated":true}]}}