{"id":87798,"date":"2016-04-03T13:54:36","date_gmt":"2016-04-03T11:54:36","guid":{"rendered":"https:\/\/www.seaflowerstore.com\/nl\/c-balance-3785-l\/"},"modified":"2024-03-20T16:36:07","modified_gmt":"2024-03-20T15:36:07","slug":"c-balance-3785-l","status":"publish","type":"product","link":"https:\/\/www.seaflowerstore.com\/de\/c-balance-3785-l\/","title":{"rendered":"C-Balance 3,785 L"},"content":{"rendered":"<h2>C-Balance 3,785 L<\/h2>\n<p><strong>Erg\u00e4nzt Kalzium, Karbonatalkalinit\u00e4t und Salze in Meerwasseraquarien.<\/strong><\/p>\n<p><strong>Kann als Alternative zu Kalkwasser oder als Erg\u00e4nzung dazu verwendet werden.<\/strong><\/p>\n<p><strong>Enth\u00e4lt wichtige Spurenelemente.<\/strong><\/p>\n<p><img loading=\"lazy\" decoding=\"async\" src=\"https:\/\/www.seaflowerstore.com\/nl\/wp-content\/uploads\/content\/logo_2fishies_2.gif\" alt=\"Two Little Fishies\" width=\"72\" height=\"42\" hspace=\"2\" vspace=\"2\" border=\"0\" align=\"right\" title=\"Two Little Fishies\">C-Balance von Two Little Fishies ist ein zweiteiliges System zur Aufrechterhaltung von Kalzium und Alkalit\u00e4t. Es passt Kalzium-, Magnesium- und Strontiumionen an die nat\u00fcrlichen Meerwasserverh\u00e4ltnisse an und erreicht so einen ausgeglichenen ionischen Rest. Mit diesem Produkt k\u00f6nnen Sie Kalzium und Alkalinit\u00e4t ganz einfach wieder auff\u00fcllen und sicherstellen, dass sie in perfekter Harmonie bleiben, um optimales Wachstum von Steinkorallen und Korallenalgen zu erm\u00f6glichen. Es ist in zwei Gr\u00f6\u00dfen erh\u00e4ltlich: 500 ml (16 oz) oder 946 ml (32 oz) Flaschen oder als Konzentrat in zwei 3785 ml (1 Gallone) Flaschen. Die 16 oz Flasche reicht f\u00fcr 1.900 Gallonen, die 32 oz Flasche f\u00fcr 3.800 Gallonen und das 1 Gallonen Konzentrat f\u00fcr 15.222 Gallonen.<\/p>\n<p><strong>Gebrauchsanweisung:<\/strong><br \/>Geben Sie mit den mitgelieferten Messkappen gleiche Mengen von Teil A und Teil B separat in das Aquarium. Achten Sie darauf, die Messkappen zwischen den Dosierungen mit Wasser auszusp\u00fclen. Es ist wichtig, die Teile A und B nicht miteinander oder mit anderen Erg\u00e4nzungsmitteln in den Dosierbeh\u00e4ltern zu vermischen. Je nach Verkalkungsgrad m\u00fcssen Sie C-Balance t\u00e4glich oder nur einige Male pro Woche hinzuf\u00fcgen. Die erforderliche Dosierung basiert auf der Alkalinit\u00e4t, die zwischen 2,5 und 3,5 meq\/l (7-10 dKH) gehalten werden sollte. Es ist ratsam, dies mit einem zuverl\u00e4ssigen Testkit zu \u00fcberwachen.<\/p>\n<p><strong>Dosierung:<\/strong><br \/>Beginnen Sie mit 5 ml (1 Teel\u00f6ffel) jedes Teils pro 75 l (20 Gallonen) Aquarienkapazit\u00e4t pro Tag. Gie\u00dfen Sie die L\u00f6sung in einen starken Str\u00f6mungsstrom, damit sie sich schnell verteilt. Bitte beachten Sie, dass Teil B vor\u00fcbergehend eine Tr\u00fcbung verursachen kann.<\/p>\n<p><strong>Maximaldosis:<\/strong><br \/>Die Maximaldosis betr\u00e4gt 1 ml pro Gallone (3,8 l) pro Tag, was einer Erh\u00f6hung der Gesamtalkalinit\u00e4t um 0,5 meq\/l entspricht. Das \u00dcberschreiten dieser Maximaldosis kann den pH-Wert vor\u00fcbergehend zu sehr ansteigen lassen. Es ist ratsam, die maximale Dosis auf mindestens zwei Dosen aufzuteilen, um einen schnellen Anstieg des pH-Werts zu verhindern.<\/p>\n<p><strong>Ausf\u00e4llung von Teil B:<\/strong><br \/>Wenn Teil B Temperaturen unter Raumtemperatur ausgesetzt wird, kann es zu Ausf\u00e4llungen kommen. Die Kristalle l\u00f6sen sich wieder auf, wenn die Temperatur 24 \u00b0C (75 \u00b0F) \u00fcbersteigt. Bitte bei \u00fcber 15 \u00b0C (60 \u00b0F) lagern.<\/p>\n<p><strong>Warnung:<\/strong><br \/>Kontakt mit Augen, Haut und Mund vermeiden. Dieses Produkt kann mittelschwere bis schwere Augenreizungen oder Hornhautverletzungen verursachen, deren Heilung einige Zeit in Anspruch nehmen kann. Wiederholter Kontakt kann zu R\u00f6tungen und trockener, rissiger Haut f\u00fchren. Von S\u00e4uren und Metallen fernhalten. Erste Hilfe: Bei Augen- oder Hautkontakt 15 Minuten lang mit Wasser sp\u00fclen. Bei anhaltender Reizung einen Arzt aufsuchen.<\/p>\n<p>Au\u00dferhalb der Reichweite von Kindern aufbewahren. Dieses Produkt ist nur f\u00fcr den Gebrauch im Aquarium bestimmt. Es ist nicht f\u00fcr den menschlichen Verzehr oder die Verwendung mit Fischen oder anderen Tieren bestimmt, die f\u00fcr den menschlichen Verzehr gez\u00fcchtet werden.<\/p>\n<p><strong>Inhaltsstoffe Teil A:<\/strong><br \/>Calciumchlorid, Magnesiumchlorid, Calciumbromid, Strontiumchlorid, Lithiumchlorid, Rubidiumchlorid, Nickelchlorid, Chromchlorid, Zinkchlorid, Kupferchlorid, C\u00e4siumchlorid, Eisenchlorid, Manganchlorid, Kobaltchlorid.<\/p>\n<p><strong>Inhaltsstoffe Teil B:<\/strong><br \/>Natriumbicarbonat, Natriumcarbonat, Natriumsulfat, Kaliumbicarbonat, Natriummetaborat, Natriumfluorid, Kaliumiodid, Natriumselenat, Natriumvanadat, Natriumwolframat.<\/p>\n","protected":false},"excerpt":{"rendered":"<p>.<\/p>\n","protected":false},"featured_media":78949,"template":"","meta":[],"pwb-brand":[2231],"product_cat":[1391],"product_tag":[],"class_list":{"0":"post-87798","1":"product","2":"type-product","3":"status-publish","4":"has-post-thumbnail","6":"pwb-brand-two-little-fishies","7":"product_cat-ergaenzungen","9":"first","10":"instock","11":"taxable","12":"shipping-taxable","13":"purchasable","14":"product-type-simple"},"acf":[],"brands":[{"id":2231,"name":"Two Little Fishies","slug":"two-little-fishies"}],"_links":{"self":[{"href":"https:\/\/www.seaflowerstore.com\/de\/wp-json\/wp\/v2\/product\/87798","targetHints":{"allow":["GET"]}}],"collection":[{"href":"https:\/\/www.seaflowerstore.com\/de\/wp-json\/wp\/v2\/product"}],"about":[{"href":"https:\/\/www.seaflowerstore.com\/de\/wp-json\/wp\/v2\/types\/product"}],"wp:featuredmedia":[{"embeddable":true,"href":"https:\/\/www.seaflowerstore.com\/de\/wp-json\/wp\/v2\/media\/78949"}],"wp:attachment":[{"href":"https:\/\/www.seaflowerstore.com\/de\/wp-json\/wp\/v2\/media?parent=87798"}],"wp:term":[{"taxonomy":"pwb-brand","embeddable":true,"href":"https:\/\/www.seaflowerstore.com\/de\/wp-json\/wp\/v2\/pwb-brand?post=87798"},{"taxonomy":"product_cat","embeddable":true,"href":"https:\/\/www.seaflowerstore.com\/de\/wp-json\/wp\/v2\/product_cat?post=87798"},{"taxonomy":"product_tag","embeddable":true,"href":"https:\/\/www.seaflowerstore.com\/de\/wp-json\/wp\/v2\/product_tag?post=87798"}],"curies":[{"name":"wp","href":"https:\/\/api.w.org\/{rel}","templated":true}]}}