{"id":87799,"date":"2016-04-03T13:49:01","date_gmt":"2016-04-03T11:49:01","guid":{"rendered":"https:\/\/www.seaflowerstore.com\/nl\/c-balance-500-ml\/"},"modified":"2024-03-20T16:36:05","modified_gmt":"2024-03-20T15:36:05","slug":"c-balance-500-ml","status":"publish","type":"product","link":"https:\/\/www.seaflowerstore.com\/de\/c-balance-500-ml\/","title":{"rendered":"C-Balance 500 mL"},"content":{"rendered":"<h2>C-Balance 500 mL<\/h2>\n<p><strong>C-Balance 500 ml<\/strong><\/p>\n<ul>\n<li><strong>Erg\u00e4nzt Kalzium, Karbonatalkalinit\u00e4t und Salze in Meerwasseraquarien<\/strong><\/li>\n<li><strong>Kann als Alternative oder Erg\u00e4nzung zu Kalkwasser verwendet werden<\/strong><\/li>\n<li><strong>Enth\u00e4lt wichtige Spurenelemente<\/strong><\/li>\n<\/ul>\n<p>\n<img loading=\"lazy\" decoding=\"async\" src=\"https:\/\/www.seaflowerstore.com\/nl\/wp-content\/uploads\/content\/logo_2fishies_2.gif\" alt=\"Two Little Fishies\" width=\"72\" height=\"42\" hspace=\"2\" vspace=\"2\" border=\"0\" align=\"right\" title=\"Two Little Fishies\"><br \/>\nC-Balance von Two Little Fishies ist ein zweiteiliges System zur Aufrechterhaltung von Kalzium und Alkalinit\u00e4t. Es passt Calcium-, Magnesium- und Strontiumionen an die nat\u00fcrlichen Verh\u00e4ltnisse im Meerwasser an und hilft Ihnen so, einen ausgeglichenen Ionenr\u00fcckstand zu erzielen. Mit diesem Produkt k\u00f6nnen Sie Calcium und Alkalinit\u00e4t ganz einfach wieder auff\u00fcllen und in perfekter Harmonie halten, was f\u00fcr das Wachstum von Steinkorallen und Kalkalgen unerl\u00e4sslich ist. Es ist in zwei 500-ml- (16 oz) oder 946-ml- (32 oz) Flaschen oder als Konzentrat in zwei 3785-ml- (1 gal) Flaschen erh\u00e4ltlich. Die 16-oz-Flasche kann bis zu 1.900 Gallonen behandeln, die 32-oz-Flasche bis zu 3.800 Gallonen und das 1-Gallonen-Konzentrat kann bis zu 15.222 Gallonen behandeln.\n<\/p>\n<p><strong>Gebrauchsanweisung<\/strong><br \/>Geben Sie mit den mitgelieferten Messkappen gleiche Mengen von Teil A und B separat in Ihr Aquarium. Denken Sie daran, die Messkappen zwischen den Dosen mit Wasser auszusp\u00fclen. Mischen Sie Teil A und B nicht miteinander oder mit anderen Erg\u00e4nzungsmitteln in Dosierbeh\u00e4ltern. Je nach Verkalkungsgrad m\u00fcssen Sie C-Balance m\u00f6glicherweise t\u00e4glich oder nur einige Male pro Woche hinzuf\u00fcgen. Die erforderliche Dosierung basiert auf der Aufrechterhaltung einer Alkalinit\u00e4t zwischen 2,5 und 3,5 meq\/l (7-10 dKH). Es ist wichtig, dies mit einem zuverl\u00e4ssigen Testkit zu \u00fcberwachen.<\/p>\n<p><strong>Dosierung<\/strong><br \/>Beginnen Sie mit 5 ml (1 Teel\u00f6ffel) jedes Teils pro 75 l (20 Gallonen) Aquariumkapazit\u00e4t pro Tag. Gie\u00dfen Sie es in einen starken Str\u00f6mungsstrom, um es schnell zu verteilen. Bitte beachten Sie, dass Teil B vor\u00fcbergehend eine Tr\u00fcbung verursachen kann.<\/p>\n<p><strong>Maximaldosis<\/strong><br \/>Die empfohlene H\u00f6chstdosis betr\u00e4gt 1 ml pro Gallone (3,8 l) pro Tag, was einer Erh\u00f6hung der Gesamtalkalit\u00e4t um 0,5 meq\/l entspricht. Eine \u00dcberschreitung dieser Dosis kann den pH-Wert vor\u00fcbergehend zu sehr ansteigen lassen. Es ist ratsam, die maximale Dosierung auf mindestens zwei Dosen aufzuteilen, um einen schnellen pH-Anstieg zu verhindern.<\/p>\n<p><strong>Ausf\u00e4llung von Teil B<\/strong><br \/>Wenn Teil B Temperaturen unter Raumtemperatur ausgesetzt wird, kann es zu Ausf\u00e4llungen kommen. Die Kristalle l\u00f6sen sich jedoch bei Temperaturen \u00fcber 24 \u00b0C (75 \u00b0F) wieder auf. Lagern Sie es daher bitte bei Temperaturen \u00fcber 15 \u00b0C (60 \u00b0F).<\/p>\n<p><strong>Warnung<\/strong><br \/>Kontakt mit Augen, Haut und Mund vermeiden. Dieses Produkt kann mittelschwere bis schwere Augenreizungen oder Hornhautverletzungen verursachen, deren Heilung einige Zeit in Anspruch nehmen kann. Wiederholter Kontakt kann zu R\u00f6tungen und trockener, rissiger Haut f\u00fchren. Bewahren Sie dieses Produkt fern von S\u00e4uren und Metallen auf. Bei Kontakt: 15 Minuten lang mit Wasser sp\u00fclen und bei anhaltender Reizung einen Arzt aufsuchen.<\/p>\n<p>Bewahren Sie dieses Produkt au\u00dferhalb der Reichweite von Kindern auf. Es ist nur f\u00fcr den Einsatz im Aquarium bestimmt und nicht f\u00fcr den menschlichen Verzehr bestimmt. Nicht mit Fischen oder anderen Tieren verwenden, die f\u00fcr den menschlichen Verzehr gez\u00fcchtet werden.<\/p>\n<p><strong>Inhaltsstoffe Teil A<\/strong><br \/>Calciumchlorid, Magnesiumchlorid, Calciumbromid, Strontiumchlorid, Lithiumchlorid, Rubidiumchlorid, Nickelchlorid, Chromchlorid, Zinkchlorid, Kupferchlorid, C\u00e4siumchlorid, Eisenchlorid, Manganchlorid, Kobaltchlorid.<\/p>\n<p><strong>Inhaltsstoffe Teil B<\/strong><br \/>Natriumbicarbonat, Natriumcarbonat, Natriumsulfat, Kaliumbicarbonat, Natriummetaborat, Natriumfluorid, Kaliumiodid, Natriumselenat, Natriumvanadat, Natriumwolframat.<\/p>\n","protected":false},"excerpt":{"rendered":"<p>.<\/p>\n","protected":false},"featured_media":78947,"template":"","meta":[],"pwb-brand":[2231],"product_cat":[1391],"product_tag":[],"class_list":{"0":"post-87799","1":"product","2":"type-product","3":"status-publish","4":"has-post-thumbnail","6":"pwb-brand-two-little-fishies","7":"product_cat-ergaenzungen","9":"first","10":"instock","11":"taxable","12":"shipping-taxable","13":"purchasable","14":"product-type-simple"},"acf":[],"brands":[{"id":2231,"name":"Two Little Fishies","slug":"two-little-fishies"}],"_links":{"self":[{"href":"https:\/\/www.seaflowerstore.com\/de\/wp-json\/wp\/v2\/product\/87799","targetHints":{"allow":["GET"]}}],"collection":[{"href":"https:\/\/www.seaflowerstore.com\/de\/wp-json\/wp\/v2\/product"}],"about":[{"href":"https:\/\/www.seaflowerstore.com\/de\/wp-json\/wp\/v2\/types\/product"}],"wp:featuredmedia":[{"embeddable":true,"href":"https:\/\/www.seaflowerstore.com\/de\/wp-json\/wp\/v2\/media\/78947"}],"wp:attachment":[{"href":"https:\/\/www.seaflowerstore.com\/de\/wp-json\/wp\/v2\/media?parent=87799"}],"wp:term":[{"taxonomy":"pwb-brand","embeddable":true,"href":"https:\/\/www.seaflowerstore.com\/de\/wp-json\/wp\/v2\/pwb-brand?post=87799"},{"taxonomy":"product_cat","embeddable":true,"href":"https:\/\/www.seaflowerstore.com\/de\/wp-json\/wp\/v2\/product_cat?post=87799"},{"taxonomy":"product_tag","embeddable":true,"href":"https:\/\/www.seaflowerstore.com\/de\/wp-json\/wp\/v2\/product_tag?post=87799"}],"curies":[{"name":"wp","href":"https:\/\/api.w.org\/{rel}","templated":true}]}}