{"id":87803,"date":"2016-04-02T08:27:14","date_gmt":"2016-04-02T06:27:14","guid":{"rendered":"https:\/\/www.seaflowerstore.com\/nl\/algae-a-problem-solver-guide\/"},"modified":"2024-03-20T16:35:58","modified_gmt":"2024-03-20T15:35:58","slug":"algae-a-problem-solver-guide","status":"publish","type":"product","link":"https:\/\/www.seaflowerstore.com\/de\/algae-a-problem-solver-guide\/","title":{"rendered":"Algae: A Problem Solver Guide"},"content":{"rendered":"<h2>Algae: A Problem Solver Guide identifies algae that becomes &#8222;problematic&#8220; in seawater aquariums<\/h2>\n<p>Dieses Taschenbuch ist Ihre erste Anlaufstelle, wenn Sie die Algenarten identifizieren m\u00f6chten, die in Aquarien Probleme verursachen k\u00f6nnen. Mit mehr als 180 lebendigen, vollfarbigen Fotos, darunter einige, die unter dem Mikroskop aufgenommen wurden, entdecken Sie wichtige Erkennungsmerkmale verschiedener Algen.<\/p>\n<p>Das Buch enth\u00e4lt informative Kapitel, die die physikalischen, chemischen und biologischen Anforderungen von Algen erkl\u00e4ren. Sie finden ausf\u00fchrliche Empfehlungen zur Bek\u00e4mpfung des Algenwachstums, darunter:<\/p>\n<ul>\n<li>Effektive Methoden, um rote Schmieralgen ein f\u00fcr alle Mal zu beseitigen<\/li>\n<li>Strategien, um zu verhindern, dass gr\u00fcne Haaralgen Ihr Aquarium ruinieren<\/li>\n<li>M\u00f6glichkeiten, eine Dinoflagellatenbl\u00fcte zu verhindern<\/li>\n<li>Bek\u00e4mpfungstechniken f\u00fcr Kieselalgen<\/li>\n<li>Neue Pflanzenfresser zur Bek\u00e4mpfung von Bryopsis und anderen Haaralgen<\/li>\n<li>Pflanzenfresser, die Valonia fressen<\/li>\n<\/ul>\n<p><strong>Autor:<\/strong> Julian Sprung<\/p>\n<p><strong>Copyright:<\/strong> 2002<\/p>\n<p><strong>Seiten:<\/strong> 80<\/p>\n<p><strong>Fotos:<\/strong> \u00dcber 180 Farbfotos auf fast jeder Seite<\/p>\n","protected":false},"excerpt":{"rendered":"<p>Algae: A Problem Solver Guide identifies algae that becomes &#8222;problematic&#8220; in seawater aquariums<\/p>\n","protected":false},"featured_media":78941,"template":"","meta":[],"pwb-brand":[2231],"product_cat":[1534],"product_tag":[],"class_list":{"0":"post-87803","1":"product","2":"type-product","3":"status-publish","4":"has-post-thumbnail","6":"pwb-brand-two-little-fishies","7":"product_cat-verschiedene","9":"first","10":"outofstock","11":"taxable","12":"shipping-taxable","13":"purchasable","14":"product-type-simple"},"acf":[],"brands":[{"id":2231,"name":"Two Little Fishies","slug":"two-little-fishies"}],"_links":{"self":[{"href":"https:\/\/www.seaflowerstore.com\/de\/wp-json\/wp\/v2\/product\/87803","targetHints":{"allow":["GET"]}}],"collection":[{"href":"https:\/\/www.seaflowerstore.com\/de\/wp-json\/wp\/v2\/product"}],"about":[{"href":"https:\/\/www.seaflowerstore.com\/de\/wp-json\/wp\/v2\/types\/product"}],"wp:featuredmedia":[{"embeddable":true,"href":"https:\/\/www.seaflowerstore.com\/de\/wp-json\/wp\/v2\/media\/78941"}],"wp:attachment":[{"href":"https:\/\/www.seaflowerstore.com\/de\/wp-json\/wp\/v2\/media?parent=87803"}],"wp:term":[{"taxonomy":"pwb-brand","embeddable":true,"href":"https:\/\/www.seaflowerstore.com\/de\/wp-json\/wp\/v2\/pwb-brand?post=87803"},{"taxonomy":"product_cat","embeddable":true,"href":"https:\/\/www.seaflowerstore.com\/de\/wp-json\/wp\/v2\/product_cat?post=87803"},{"taxonomy":"product_tag","embeddable":true,"href":"https:\/\/www.seaflowerstore.com\/de\/wp-json\/wp\/v2\/product_tag?post=87803"}],"curies":[{"name":"wp","href":"https:\/\/api.w.org\/{rel}","templated":true}]}}