{"id":87804,"date":"2016-04-01T18:38:43","date_gmt":"2016-04-01T16:38:43","guid":{"rendered":"https:\/\/www.seaflowerstore.com\/nl\/julians-thing-multi-use-tool\/"},"modified":"2026-01-31T10:16:49","modified_gmt":"2026-01-31T09:16:49","slug":"julians-thing-multi-use-tool","status":"publish","type":"product","link":"https:\/\/www.seaflowerstore.com\/de\/julians-thing-multi-use-tool\/","title":{"rendered":"Julians Thing multi use tool"},"content":{"rendered":"<h2>Julians Thing multi use tool handy when feeding corals<\/h2>\n<p>Julian\u2019s Thing\u00ae ist ein innovatives Mehrzweckger\u00e4t, das f\u00fcr verschiedene F\u00fctterungsaufgaben im Wasser entwickelt wurde. Sie k\u00f6nnen es f\u00fcr Folgendes verwenden:<\/p>\n<ul>\n<li>F\u00fcttern von Korallen<\/li>\n<li>F\u00fcttern von Anemonen<\/li>\n<li>F\u00fcttern von Zoanthiden<\/li>\n<li>F\u00fcttern von Seepferdchen und anderen scheuen oder langsamen Fischen<\/li>\n<\/ul>\n<p>Au\u00dferdem eignet sich dieses Werkzeug gut zum Auftragen von L\u00f6sungen auf Aiptasia und Manjao-Anemonen. Es kann auch kleine Ablagerungen absaugen oder D\u00fcsen zum Reinigen von Sand verwenden. Das Design ist derzeit von Julian Sprung zum Patent angemeldet.<\/p>\n","protected":false},"excerpt":{"rendered":"<p>Julians Thing multi use tool handy when feeding corals<\/p>\n","protected":false},"featured_media":78940,"template":"","meta":[],"pwb-brand":[2231],"product_cat":[1424],"product_tag":[],"class_list":{"0":"post-87804","1":"product","2":"type-product","3":"status-publish","4":"has-post-thumbnail","6":"pwb-brand-two-little-fishies","7":"product_cat-futter","9":"first","10":"instock","11":"taxable","12":"shipping-taxable","13":"purchasable","14":"product-type-simple"},"acf":[],"brands":[{"id":2231,"name":"Two Little Fishies","slug":"two-little-fishies"}],"_links":{"self":[{"href":"https:\/\/www.seaflowerstore.com\/de\/wp-json\/wp\/v2\/product\/87804","targetHints":{"allow":["GET"]}}],"collection":[{"href":"https:\/\/www.seaflowerstore.com\/de\/wp-json\/wp\/v2\/product"}],"about":[{"href":"https:\/\/www.seaflowerstore.com\/de\/wp-json\/wp\/v2\/types\/product"}],"wp:featuredmedia":[{"embeddable":true,"href":"https:\/\/www.seaflowerstore.com\/de\/wp-json\/wp\/v2\/media\/78940"}],"wp:attachment":[{"href":"https:\/\/www.seaflowerstore.com\/de\/wp-json\/wp\/v2\/media?parent=87804"}],"wp:term":[{"taxonomy":"pwb-brand","embeddable":true,"href":"https:\/\/www.seaflowerstore.com\/de\/wp-json\/wp\/v2\/pwb-brand?post=87804"},{"taxonomy":"product_cat","embeddable":true,"href":"https:\/\/www.seaflowerstore.com\/de\/wp-json\/wp\/v2\/product_cat?post=87804"},{"taxonomy":"product_tag","embeddable":true,"href":"https:\/\/www.seaflowerstore.com\/de\/wp-json\/wp\/v2\/product_tag?post=87804"}],"curies":[{"name":"wp","href":"https:\/\/api.w.org\/{rel}","templated":true}]}}