{"id":87805,"date":"2016-04-01T18:04:35","date_gmt":"2016-04-01T16:04:35","guid":{"rendered":"https:\/\/www.seaflowerstore.com\/nl\/acropower-amino-acids-3785-ml\/"},"modified":"2026-04-19T17:08:01","modified_gmt":"2026-04-19T15:08:01","slug":"acropower-amino-acids-3785-ml","status":"publish","type":"product","link":"https:\/\/www.seaflowerstore.com\/de\/acropower-amino-acids-3785-ml\/","title":{"rendered":"Acropower Amino Acids &#8211; 3785 ml"},"content":{"rendered":"<h2>Acropower Amino Acids &#8211; 3785 ml<\/h2>\n<p><strong>Acropower Aminos\u00e4uren 3785 ml<\/strong> enth\u00e4lt hochwertige Aminos\u00e4uren, die f\u00fcr alle Korallen von Vorteil sind.<\/p>\n<p>AcroPower liefert die essentiellen Aminos\u00e4uren, die Korallen zum Aufbau ihrer Skelettstrukturen ben\u00f6tigen. Genau wie andere Nesseltiere besitzen Korallen die einzigartige F\u00e4higkeit, gel\u00f6ste Aminos\u00e4uren \u00fcber ihre gesamte Oberfl\u00e4che aufzunehmen.<\/p>\n<p>In geschlossenen Aquarien, die Eiwei\u00dfabsch\u00e4umung und andere Filtermethoden mit ultraniedrigem N\u00e4hrstoffgehalt (ULN) verwenden, werden Aminos\u00e4uren verbraucht. Dieser Verbrauch kann sich negativ auf die Gesundheit der Korallen auswirken. Die Verwendung von AcroPower kann jedoch innerhalb weniger Tage zu leuchtenderen Farben bei Korallen f\u00fchren, da es die Ausdehnung ihrer Wachstumsr\u00e4nder f\u00f6rdert.<\/p>\n<p>Weitere Informationen finden Sie in diesem <a href=\"https:\/\/reefbuilders.com\/2013\/12\/05\/acropower-review\/\" target=\"_blank\" rel=\"noopener noreferrer nofollow\">Testbericht<\/a>.<\/p>\n","protected":false},"excerpt":{"rendered":"<p>Acropower Amino Acids 3785 ml contains very high-quality amino acids good for all corals<\/p>\n","protected":false},"featured_media":78939,"template":"","meta":[],"pwb-brand":[2231],"product_cat":[1391],"product_tag":[],"class_list":{"0":"post-87805","1":"product","2":"type-product","3":"status-publish","4":"has-post-thumbnail","6":"pwb-brand-two-little-fishies","7":"product_cat-ergaenzungen","9":"first","10":"instock","11":"sale","12":"taxable","13":"shipping-taxable","14":"purchasable","15":"product-type-simple"},"acf":[],"brands":[{"id":2231,"name":"Two Little Fishies","slug":"two-little-fishies"}],"_links":{"self":[{"href":"https:\/\/www.seaflowerstore.com\/de\/wp-json\/wp\/v2\/product\/87805","targetHints":{"allow":["GET"]}}],"collection":[{"href":"https:\/\/www.seaflowerstore.com\/de\/wp-json\/wp\/v2\/product"}],"about":[{"href":"https:\/\/www.seaflowerstore.com\/de\/wp-json\/wp\/v2\/types\/product"}],"wp:featuredmedia":[{"embeddable":true,"href":"https:\/\/www.seaflowerstore.com\/de\/wp-json\/wp\/v2\/media\/78939"}],"wp:attachment":[{"href":"https:\/\/www.seaflowerstore.com\/de\/wp-json\/wp\/v2\/media?parent=87805"}],"wp:term":[{"taxonomy":"pwb-brand","embeddable":true,"href":"https:\/\/www.seaflowerstore.com\/de\/wp-json\/wp\/v2\/pwb-brand?post=87805"},{"taxonomy":"product_cat","embeddable":true,"href":"https:\/\/www.seaflowerstore.com\/de\/wp-json\/wp\/v2\/product_cat?post=87805"},{"taxonomy":"product_tag","embeddable":true,"href":"https:\/\/www.seaflowerstore.com\/de\/wp-json\/wp\/v2\/product_tag?post=87805"}],"curies":[{"name":"wp","href":"https:\/\/api.w.org\/{rel}","templated":true}]}}