{"id":87806,"date":"2016-04-01T18:03:26","date_gmt":"2016-04-01T16:03:26","guid":{"rendered":"https:\/\/www.seaflowerstore.com\/nl\/acropower-amino-acids-1000-ml\/"},"modified":"2026-01-04T12:09:53","modified_gmt":"2026-01-04T11:09:53","slug":"acropower-amino-acids-1000-ml","status":"publish","type":"product","link":"https:\/\/www.seaflowerstore.com\/de\/acropower-amino-acids-1000-ml\/","title":{"rendered":"Acropower Amino Acids &#8211; 1000 ml"},"content":{"rendered":"<h2>Acropower Amino Acids &#8211; 1000 ml<\/h2>\n<p><strong>Acropower Aminos\u00e4uren 1000 ml<\/strong> bietet hochwertige Aminos\u00e4uren, die f\u00fcr die Gesundheit aller Korallen unerl\u00e4sslich sind.<\/p>\n<p>AcroPower liefert die Aminos\u00e4uren, die Korallen zum Aufbau ihrer Skelettstrukturen ben\u00f6tigen. \u00c4hnlich wie andere Nesseltiere besitzen Korallen die einzigartige F\u00e4higkeit, gel\u00f6ste Aminos\u00e4uren \u00fcber ihre gesamte Oberfl\u00e4che aufzunehmen.<\/p>\n<p>In geschlossenen Aquarien, die Eiwei\u00dfabsch\u00e4umung und andere Filtermethoden mit ultraniedrigem N\u00e4hrstoffgehalt (ULN) verwenden, k\u00f6nnen Aminos\u00e4uren erheblich ersch\u00f6pft sein. Diese Aminos\u00e4uren sind f\u00fcr die Gesundheit der Korallen von entscheidender Bedeutung.<\/p>\n<p>Wenn Sie AcroPower verwenden, stellen Sie m\u00f6glicherweise fest, dass Ihre Korallen innerhalb weniger Tage lebendiger werden, da sich ihre Wachstumsr\u00e4nder vergr\u00f6\u00dfern.<\/p>\n<p>Weitere Informationen finden Sie in dieser <a href=\"https:\/\/reefbuilders.com\/2013\/12\/05\/acropower-review\/\" target=\"_blank\" rel=\"noopener noreferrer nofollow\">Bewertung<\/a>.<\/p>\n","protected":false},"excerpt":{"rendered":"<p>Acropower Amino Acids 1000 ml contains very high-quality amino acids good for all corals<\/p>\n","protected":false},"featured_media":78937,"template":"","meta":[],"pwb-brand":[2231],"product_cat":[1391],"product_tag":[],"class_list":{"0":"post-87806","1":"product","2":"type-product","3":"status-publish","4":"has-post-thumbnail","6":"pwb-brand-two-little-fishies","7":"product_cat-ergaenzungen","9":"first","10":"instock","11":"taxable","12":"shipping-taxable","13":"purchasable","14":"product-type-simple"},"acf":[],"brands":[{"id":2231,"name":"Two Little Fishies","slug":"two-little-fishies"}],"_links":{"self":[{"href":"https:\/\/www.seaflowerstore.com\/de\/wp-json\/wp\/v2\/product\/87806","targetHints":{"allow":["GET"]}}],"collection":[{"href":"https:\/\/www.seaflowerstore.com\/de\/wp-json\/wp\/v2\/product"}],"about":[{"href":"https:\/\/www.seaflowerstore.com\/de\/wp-json\/wp\/v2\/types\/product"}],"wp:featuredmedia":[{"embeddable":true,"href":"https:\/\/www.seaflowerstore.com\/de\/wp-json\/wp\/v2\/media\/78937"}],"wp:attachment":[{"href":"https:\/\/www.seaflowerstore.com\/de\/wp-json\/wp\/v2\/media?parent=87806"}],"wp:term":[{"taxonomy":"pwb-brand","embeddable":true,"href":"https:\/\/www.seaflowerstore.com\/de\/wp-json\/wp\/v2\/pwb-brand?post=87806"},{"taxonomy":"product_cat","embeddable":true,"href":"https:\/\/www.seaflowerstore.com\/de\/wp-json\/wp\/v2\/product_cat?post=87806"},{"taxonomy":"product_tag","embeddable":true,"href":"https:\/\/www.seaflowerstore.com\/de\/wp-json\/wp\/v2\/product_tag?post=87806"}],"curies":[{"name":"wp","href":"https:\/\/api.w.org\/{rel}","templated":true}]}}