{"id":87807,"date":"2016-04-01T18:01:05","date_gmt":"2016-04-01T16:01:05","guid":{"rendered":"https:\/\/www.seaflowerstore.com\/nl\/acropower-amino-acids-250-ml\/"},"modified":"2024-03-20T16:35:54","modified_gmt":"2024-03-20T15:35:54","slug":"acropower-amino-acids-250-ml","status":"publish","type":"product","link":"https:\/\/www.seaflowerstore.com\/de\/acropower-amino-acids-250-ml\/","title":{"rendered":"Acropower Amino Acids &#8211; 250 ml"},"content":{"rendered":"<h2>Acropower Amino Acids &#8211; 250 ml contains very high-quality amino acids<\/h2>\n<p><strong>AcroPower<\/strong> liefert essentielle Aminos\u00e4uren, die Korallen zum Aufbau ihrer Skelettstrukturen ben\u00f6tigen. Wie andere Nesseltiere besitzen Korallen die einzigartige F\u00e4higkeit, gel\u00f6ste Aminos\u00e4uren \u00fcber ihre gesamte Oberfl\u00e4che aufzunehmen.<\/p>\n<p>In geschlossenen Aquariensystemen, die Eiwei\u00dfabsch\u00e4umung und andere <strong>ULN<\/strong>-Filtertechniken (Ultra-Low Nutrient) verwenden, k\u00f6nnen Aminos\u00e4uren ersch\u00f6pft werden. Dieser Abbau ist kritisch, da diese Aminos\u00e4uren f\u00fcr die Erhaltung der Korallengesundheit unerl\u00e4sslich sind.<\/p>\n<p>Durch die Verwendung von AcroPower werden Sie feststellen, dass Korallen dank der Verl\u00e4ngerung ihrer Wachstumsr\u00e4nder innerhalb weniger Tage lebendiger und farbenfroher werden.<\/p>\n<p>Weitere Informationen finden Sie in diesem <a href=\"https:\/\/reefbuilders.com\/2013\/12\/05\/acropower-review\/\" target=\"_blank\" rel=\"noopener noreferrer nofollow\">Testbericht<\/a>.<\/p>\n","protected":false},"excerpt":{"rendered":"<p>Acropower Amino Acids 250 ml contains very high-quality amino acids good for all sorts of corals<\/p>\n","protected":false},"featured_media":78935,"template":"","meta":[],"pwb-brand":[2231],"product_cat":[1391],"product_tag":[],"class_list":{"0":"post-87807","1":"product","2":"type-product","3":"status-publish","4":"has-post-thumbnail","6":"pwb-brand-two-little-fishies","7":"product_cat-ergaenzungen","9":"first","10":"instock","11":"taxable","12":"shipping-taxable","13":"purchasable","14":"product-type-simple"},"acf":[],"brands":[{"id":2231,"name":"Two Little Fishies","slug":"two-little-fishies"}],"_links":{"self":[{"href":"https:\/\/www.seaflowerstore.com\/de\/wp-json\/wp\/v2\/product\/87807","targetHints":{"allow":["GET"]}}],"collection":[{"href":"https:\/\/www.seaflowerstore.com\/de\/wp-json\/wp\/v2\/product"}],"about":[{"href":"https:\/\/www.seaflowerstore.com\/de\/wp-json\/wp\/v2\/types\/product"}],"wp:featuredmedia":[{"embeddable":true,"href":"https:\/\/www.seaflowerstore.com\/de\/wp-json\/wp\/v2\/media\/78935"}],"wp:attachment":[{"href":"https:\/\/www.seaflowerstore.com\/de\/wp-json\/wp\/v2\/media?parent=87807"}],"wp:term":[{"taxonomy":"pwb-brand","embeddable":true,"href":"https:\/\/www.seaflowerstore.com\/de\/wp-json\/wp\/v2\/pwb-brand?post=87807"},{"taxonomy":"product_cat","embeddable":true,"href":"https:\/\/www.seaflowerstore.com\/de\/wp-json\/wp\/v2\/product_cat?post=87807"},{"taxonomy":"product_tag","embeddable":true,"href":"https:\/\/www.seaflowerstore.com\/de\/wp-json\/wp\/v2\/product_tag?post=87807"}],"curies":[{"name":"wp","href":"https:\/\/api.w.org\/{rel}","templated":true}]}}