{"id":87808,"date":"2016-03-21T14:31:36","date_gmt":"2016-03-21T13:31:36","guid":{"rendered":"https:\/\/www.seaflowerstore.com\/nl\/tunze-6040-nanostream-controller\/"},"modified":"2025-07-12T13:20:30","modified_gmt":"2025-07-12T11:20:30","slug":"tunze-6040-nanostream-controller-new","status":"publish","type":"product","link":"https:\/\/www.seaflowerstore.com\/de\/tunze-6040-nanostream-controller-new\/","title":{"rendered":"Tunze 6040 Nanostream + controller (new)"},"content":{"rendered":"<h2>Tunze Nanostream 6040 Str\u00f6mungspumpe f\u00fcr Aquarien von 20 bis 500 Litern<\/h2>\n<p>Die Turbelle nanostream ist eine elektronisch einstellbare Umw\u00e4lzpumpe mit dem &#8222;Hub Edition&#8220; Controller. Mit einem kugelf\u00f6rmigen Propeller und einem kompakten Design sorgt sie f\u00fcr eine effiziente Wasserbewegung in Aquarien und Beh\u00e4ltern, was sie zur idealen Wahl f\u00fcr verschiedene Anwendungen macht.<\/p>\n<h3>Mehr \u00fcber die NANOSTREAM 6040<\/h3>\n<p>Die NANOSTREAM 6040 Pumpe pr\u00e4sentiert ein neues Konzept in der Umw\u00e4lztechnik. Sie ist \u00e4u\u00dferst unauff\u00e4llig, da sie hinter der Dekoration und nicht unter der Wasseroberfl\u00e4che positioniert wird, und zudem sehr kompakt. Der verstellbare zirkulare Reflektor lenkt den Wasserstrom zur Oberseite des Aquariums und optimiert so die Zirkulation.<\/p>\n<p>Der &#8222;silence&#8220; Magnet-Halter erm\u00f6glicht eine einfache Positionierung im Aquarium und gew\u00e4hrleistet einen besonders leisen Betrieb. Dar\u00fcber hinaus minimiert das &#8222;selbstreinigende&#8220; System den Wartungsaufwand und sorgt f\u00fcr eine benutzerfreundliche Handhabung.<\/p>\n<h3>TUNZE HUB EDITION<\/h3>\n<p>Die TUNZE HUB Edition Pumpen verf\u00fcgen \u00fcber eine fortschrittliche elektronische Steuerung \u00fcber den Turbelle\u00ae Controller 7020, einschlie\u00dflich einer Fish Care Funktion. Dieses System erlaubt eine pr\u00e4zise Anpassung der Durchflussrate und eine nahtlose Integration mit dem TUNZE HUB. Diese cloudbasierte L\u00f6sung bietet eine intuitive Steuerung und Regelung von TUNZE Ger\u00e4ten sowie von Produkten anderer Marken \u00fcber WiFi und das Internet. Eine integrierte Echtzeituhr verhindert Zeitabweichungen bei Stromausf\u00e4llen und erh\u00f6ht die Zuverl\u00e4ssigkeit.<\/p>\n<h3>Turbelle nanostream 6040 Spezifikationen<\/h3>\n<p>Die Turbelle nanostream 6040 ist eine kompakte und vielseitige Umw\u00e4lzpumpe, ideal f\u00fcr Aquarien von 20 bis 500 Litern. Sie l\u00e4sst sich diskret hinter der Dekoration platzieren und bewahrt so eine harmonische \u00c4sthetik, die sich perfekt f\u00fcr Aquascaping eignet. Der breite Wasserauslass kann dank eines Durchflusslenkers und eines Magnet-Halters pr\u00e4zise in 3D eingestellt werden.<\/p>\n<p>Das Silence-System sorgt daf\u00fcr, dass die Pumpe keine Vibrationen auf das Aquariumglas \u00fcbertr\u00e4gt, was sie zu einem der leisesten Modelle auf dem Markt macht. Diese variabel regelbare Pumpe arbeitet mit 12 V Gleichstrom und enth\u00e4lt die Fish Care Funktion, die alle 20 Sekunden eine Propellerbewegung aktiviert, um w\u00e4hrend inaktiver Zeiten die Wasserqualit\u00e4t zu erhalten.<\/p>\n<h3>Hochwertiges und langlebiges Kabel<\/h3>\n<p>Die Pumpe verf\u00fcgt \u00fcber ein speziell f\u00fcr anspruchsvolle Aquarianer entwickeltes Hochleistungskabel. Es bietet hervorragende Widerstandsf\u00e4higkeit gegen Abrieb, Salzwasser und mechanische St\u00f6\u00dfe und versteift sich im Wasser nicht wie PVC-Modelle. Die hochkontrastierende Zwischenschicht erm\u00f6glicht eine schnelle Erkennung m\u00f6glicher Sch\u00e4den. Dieses Kabel wird in Bayern von MEDI Kabel hergestellt und garantiert Zuverl\u00e4ssigkeit.<\/p>\n<h3>Wichtige Merkmale und Spezifikationen<\/h3>\n<ul>\n<li>Geeignet f\u00fcr Aquarien von 20 bis 500 Litern<\/li>\n<li>Durchflussrate: 200 bis ca. 4500 Liter pro Stunde<\/li>\n<li>Stromverbrauch: 1,5 bis 13 Watt<\/li>\n<li>Kabell\u00e4nge: 3 Meter<\/li>\n<li>Abmessungen ohne Lenker: 65 x 65 x 65 mm<\/li>\n<li>Auslassdurchmesser: 40 mm<\/li>\n<li>Magnet-Halter Silence f\u00fcr Glas bis zu 15 mm St\u00e4rke<\/li>\n<\/ul>\n<p>Erneut setzt TUNZE mit der innovativen 6040 Hub Edition Umw\u00e4lzpumpe Ma\u00dfst\u00e4be und kombiniert modernste Technologie, ein kompaktes Design und unvergleichliche Leistung.<\/p>\n","protected":false},"excerpt":{"rendered":"<p>Tunze Nanostream 6040 Str\u00f6mungspumpe f\u00fcr Aquarien von 20 bis 500 Litern<\/p>\n","protected":false},"featured_media":124539,"template":"","meta":[],"pwb-brand":[2123],"product_cat":[1388],"product_tag":[],"class_list":{"0":"post-87808","1":"product","2":"type-product","3":"status-publish","4":"has-post-thumbnail","6":"pwb-brand-tunze","7":"product_cat-stroemungspumpen","9":"first","10":"outofstock","11":"taxable","12":"shipping-taxable","13":"purchasable","14":"product-type-simple"},"acf":[],"brands":[{"id":2123,"name":"Tunze","slug":"tunze"}],"_links":{"self":[{"href":"https:\/\/www.seaflowerstore.com\/de\/wp-json\/wp\/v2\/product\/87808","targetHints":{"allow":["GET"]}}],"collection":[{"href":"https:\/\/www.seaflowerstore.com\/de\/wp-json\/wp\/v2\/product"}],"about":[{"href":"https:\/\/www.seaflowerstore.com\/de\/wp-json\/wp\/v2\/types\/product"}],"wp:featuredmedia":[{"embeddable":true,"href":"https:\/\/www.seaflowerstore.com\/de\/wp-json\/wp\/v2\/media\/124539"}],"wp:attachment":[{"href":"https:\/\/www.seaflowerstore.com\/de\/wp-json\/wp\/v2\/media?parent=87808"}],"wp:term":[{"taxonomy":"pwb-brand","embeddable":true,"href":"https:\/\/www.seaflowerstore.com\/de\/wp-json\/wp\/v2\/pwb-brand?post=87808"},{"taxonomy":"product_cat","embeddable":true,"href":"https:\/\/www.seaflowerstore.com\/de\/wp-json\/wp\/v2\/product_cat?post=87808"},{"taxonomy":"product_tag","embeddable":true,"href":"https:\/\/www.seaflowerstore.com\/de\/wp-json\/wp\/v2\/product_tag?post=87808"}],"curies":[{"name":"wp","href":"https:\/\/api.w.org\/{rel}","templated":true}]}}