{"id":87809,"date":"2016-03-21T13:54:11","date_gmt":"2016-03-21T12:54:11","guid":{"rendered":"https:\/\/www.seaflowerstore.com\/nl\/salifert-oxygen-test-kit\/"},"modified":"2025-09-03T20:33:24","modified_gmt":"2025-09-03T18:33:24","slug":"salifert-oxygen-test-kit","status":"publish","type":"product","link":"https:\/\/www.seaflowerstore.com\/de\/salifert-oxygen-test-kit\/","title":{"rendered":"Salifert Oxygen Test Kit"},"content":{"rendered":"<h2>Salifert Oxygen Test Kit<\/h2>\n<p>Das Salifert Sauerstofftestkit bietet eine professionelle L\u00f6sung zur Messung des Sauerstoffgehalts in Ihrem Aquarium mit einem Bereich von <strong>2 &#8211; 14 ppm<\/strong>. Dieses Kit reicht f\u00fcr etwa <strong>50 Tests<\/strong>.<\/p>\n<p>Sauerstoff ist f\u00fcr alle Lebensformen von entscheidender Bedeutung und besonders wichtig f\u00fcr Korallen und Meeresfische, die bei einem Sauerstoffgehalt nahe der S\u00e4ttigung gedeihen. Dies ist besonders relevant aufgrund der geringen L\u00f6slichkeit von Sauerstoff in Salzwasser, normalerweise etwa <strong>5-7 ppm<\/strong>.<\/p>\n","protected":false},"excerpt":{"rendered":"<p>Salifert Oxygen Test Kit is a Professional oxygen test with a range of 2 &#8211; 14 ppm in your saltwater aquarium<\/p>\n","protected":false},"featured_media":78931,"template":"","meta":[],"pwb-brand":[2141],"product_cat":[1675,1400,741],"product_tag":[],"class_list":{"0":"post-87809","1":"product","2":"type-product","3":"status-publish","4":"has-post-thumbnail","6":"pwb-brand-salifert","7":"product_cat-salifert-de","8":"product_cat-tester","9":"product_cat-brands","11":"first","12":"instock","13":"taxable","14":"shipping-taxable","15":"purchasable","16":"product-type-simple"},"acf":[],"brands":[{"id":2141,"name":"Salifert","slug":"salifert"}],"_links":{"self":[{"href":"https:\/\/www.seaflowerstore.com\/de\/wp-json\/wp\/v2\/product\/87809","targetHints":{"allow":["GET"]}}],"collection":[{"href":"https:\/\/www.seaflowerstore.com\/de\/wp-json\/wp\/v2\/product"}],"about":[{"href":"https:\/\/www.seaflowerstore.com\/de\/wp-json\/wp\/v2\/types\/product"}],"wp:featuredmedia":[{"embeddable":true,"href":"https:\/\/www.seaflowerstore.com\/de\/wp-json\/wp\/v2\/media\/78931"}],"wp:attachment":[{"href":"https:\/\/www.seaflowerstore.com\/de\/wp-json\/wp\/v2\/media?parent=87809"}],"wp:term":[{"taxonomy":"pwb-brand","embeddable":true,"href":"https:\/\/www.seaflowerstore.com\/de\/wp-json\/wp\/v2\/pwb-brand?post=87809"},{"taxonomy":"product_cat","embeddable":true,"href":"https:\/\/www.seaflowerstore.com\/de\/wp-json\/wp\/v2\/product_cat?post=87809"},{"taxonomy":"product_tag","embeddable":true,"href":"https:\/\/www.seaflowerstore.com\/de\/wp-json\/wp\/v2\/product_tag?post=87809"}],"curies":[{"name":"wp","href":"https:\/\/api.w.org\/{rel}","templated":true}]}}