{"id":87811,"date":"2016-03-16T17:15:06","date_gmt":"2016-03-16T16:15:06","guid":{"rendered":"https:\/\/www.seaflowerstore.com\/nl\/aqua-medic-spare-bulb-helix-max-11-watt\/"},"modified":"2025-01-26T14:27:57","modified_gmt":"2025-01-26T13:27:57","slug":"aqua-medic-spare-bulb-helix-max-11-watt","status":"publish","type":"product","link":"https:\/\/www.seaflowerstore.com\/de\/aqua-medic-spare-bulb-helix-max-11-watt\/","title":{"rendered":"Aqua Medic Spare bulb Helix Max 11 Watt"},"content":{"rendered":"<h2>Aqua Medic Spare bulb Helix Max 11 Watt<\/h2>\n<p><strong>Wichtige Vorsichtsma\u00dfnahme:<\/strong> Bitte ziehen Sie Latexhandschuhe an, bevor Sie die Lampe oder die Quarzh\u00fclle entfernen. Die \u00d6le und Fette Ihrer Haut k\u00f6nnen die UV-Lampe und die H\u00fclle besch\u00e4digen.<\/p>\n<p><strong>** Eine UV-Lampe ist ein empfindlicher Versandartikel. Wir verpacken sie sorgf\u00e4ltig, k\u00f6nnen jedoch nicht f\u00fcr Bruch oder nicht funktionierende Artikel verantwortlich gemacht werden. **<\/strong><\/p>\n","protected":false},"excerpt":{"rendered":"<p>Aqua Medic reserve 11 Watt Helix Max lamp must be replaced 1a2x per year. Radiated UV light decreases quickly<\/p>\n","protected":false},"featured_media":78928,"template":"","meta":[],"pwb-brand":[2149],"product_cat":[1421,1537,1439,741],"product_tag":[],"class_list":{"0":"post-87811","1":"product","2":"type-product","3":"status-publish","4":"has-post-thumbnail","6":"pwb-brand-aqua-medic","7":"product_cat-aqua-medic-de","8":"product_cat-aquarientechnik","9":"product_cat-uvc-lampe-de","10":"product_cat-brands","12":"first","13":"instock","14":"taxable","15":"shipping-taxable","16":"purchasable","17":"product-type-simple"},"acf":[],"brands":[{"id":2149,"name":"Aqua Medic","slug":"aqua-medic"}],"_links":{"self":[{"href":"https:\/\/www.seaflowerstore.com\/de\/wp-json\/wp\/v2\/product\/87811","targetHints":{"allow":["GET"]}}],"collection":[{"href":"https:\/\/www.seaflowerstore.com\/de\/wp-json\/wp\/v2\/product"}],"about":[{"href":"https:\/\/www.seaflowerstore.com\/de\/wp-json\/wp\/v2\/types\/product"}],"wp:featuredmedia":[{"embeddable":true,"href":"https:\/\/www.seaflowerstore.com\/de\/wp-json\/wp\/v2\/media\/78928"}],"wp:attachment":[{"href":"https:\/\/www.seaflowerstore.com\/de\/wp-json\/wp\/v2\/media?parent=87811"}],"wp:term":[{"taxonomy":"pwb-brand","embeddable":true,"href":"https:\/\/www.seaflowerstore.com\/de\/wp-json\/wp\/v2\/pwb-brand?post=87811"},{"taxonomy":"product_cat","embeddable":true,"href":"https:\/\/www.seaflowerstore.com\/de\/wp-json\/wp\/v2\/product_cat?post=87811"},{"taxonomy":"product_tag","embeddable":true,"href":"https:\/\/www.seaflowerstore.com\/de\/wp-json\/wp\/v2\/product_tag?post=87811"}],"curies":[{"name":"wp","href":"https:\/\/api.w.org\/{rel}","templated":true}]}}