{"id":87815,"date":"2016-03-01T18:01:50","date_gmt":"2016-03-01T17:01:50","guid":{"rendered":"https:\/\/www.seaflowerstore.com\/nl\/hanna-hi764-25-nitriet-ulr-reagent-25x\/"},"modified":"2026-01-06T09:15:00","modified_gmt":"2026-01-06T08:15:00","slug":"hanna-hi764-25-nitriet-ulr-reagent-25x","status":"publish","type":"product","link":"https:\/\/www.seaflowerstore.com\/de\/hanna-hi764-25-nitriet-ulr-reagent-25x\/","title":{"rendered":"Hanna HI764-25 Nitriet ULR reagent (25x)"},"content":{"rendered":"<h2>Hanna HI764-25 Nitriet ULR reagent (25x)<\/h2>\n<p>Das HI764-25 ist ein Satz hochleistungsf\u00e4higer, vordosierter Reagenzien, mit denen Benutzer mit ihrem Nitrite Ultra Low Range Checker\u00ae HC schnelle und pr\u00e4zise Messungen durchf\u00fchren k\u00f6nnen. Diese Reagenzien arbeiten mit der Diazotierungsmethode, bei der eine Reaktion zwischen Nitrit und dem Reagenz stattfindet, die zu einer rosa T\u00f6nung der Probe f\u00fchrt.<\/p>\n<p>Zur Verwendung f\u00fcgen Sie einfach das P\u00e4ckchen mit dem HI764-25-Reagenz zu Ihrer Probe hinzu. Die Reaktion findet statt und das HI764 misst die Konzentration anhand der erzeugten Farbe. Die Ergebnisse werden in Teilen pro Milliarde (ppb) Nitrit angezeigt.<\/p>\n<p>Diese Reagenzien sind speziell f\u00fcr Proben konzipiert, die voraussichtlich einen Nitritkonzentrationsbereich von 0 bis 200 ppb aufweisen.<\/p>\n","protected":false},"excerpt":{"rendered":"<p>The HI764-25 are the replacement reagents for the HI764 Nitrite Ultra Low Range Checker<\/p>\n","protected":false},"featured_media":84241,"template":"","meta":[],"pwb-brand":[2229],"product_cat":[1400],"product_tag":[],"class_list":{"0":"post-87815","1":"product","2":"type-product","3":"status-publish","4":"has-post-thumbnail","6":"pwb-brand-hanna-instruments","7":"product_cat-tester","9":"first","10":"instock","11":"taxable","12":"shipping-taxable","13":"purchasable","14":"product-type-simple"},"acf":[],"brands":[{"id":2229,"name":"Hanna Instruments","slug":"hanna-instruments"}],"_links":{"self":[{"href":"https:\/\/www.seaflowerstore.com\/de\/wp-json\/wp\/v2\/product\/87815","targetHints":{"allow":["GET"]}}],"collection":[{"href":"https:\/\/www.seaflowerstore.com\/de\/wp-json\/wp\/v2\/product"}],"about":[{"href":"https:\/\/www.seaflowerstore.com\/de\/wp-json\/wp\/v2\/types\/product"}],"wp:featuredmedia":[{"embeddable":true,"href":"https:\/\/www.seaflowerstore.com\/de\/wp-json\/wp\/v2\/media\/84241"}],"wp:attachment":[{"href":"https:\/\/www.seaflowerstore.com\/de\/wp-json\/wp\/v2\/media?parent=87815"}],"wp:term":[{"taxonomy":"pwb-brand","embeddable":true,"href":"https:\/\/www.seaflowerstore.com\/de\/wp-json\/wp\/v2\/pwb-brand?post=87815"},{"taxonomy":"product_cat","embeddable":true,"href":"https:\/\/www.seaflowerstore.com\/de\/wp-json\/wp\/v2\/product_cat?post=87815"},{"taxonomy":"product_tag","embeddable":true,"href":"https:\/\/www.seaflowerstore.com\/de\/wp-json\/wp\/v2\/product_tag?post=87815"}],"curies":[{"name":"wp","href":"https:\/\/api.w.org\/{rel}","templated":true}]}}