{"id":87820,"date":"2016-02-15T11:30:31","date_gmt":"2016-02-15T10:30:31","guid":{"rendered":"https:\/\/www.seaflowerstore.com\/nl\/pab-cable-2mtr-profilux\/"},"modified":"2024-03-20T16:35:33","modified_gmt":"2024-03-20T15:35:33","slug":"pab-cable-2mtr-profilux","status":"publish","type":"product","link":"https:\/\/www.seaflowerstore.com\/de\/pab-cable-2mtr-profilux\/","title":{"rendered":"PAB cable 2mtr (profilux)"},"content":{"rendered":"<h2> PAB Cable with a length of 2 meters <\/h2>\n<p>Dieses Kabel ist f\u00fcr den Anschluss von ProfiLux-Aquatic-Bus (PAB)-Ger\u00e4ten konzipiert. Es ist eine zuverl\u00e4ssige L\u00f6sung, um sicherzustellen, dass Ihre Ger\u00e4te effektiv kommunizieren.<\/p>\n","protected":false},"excerpt":{"rendered":"<p>PAB- Cable for connecting and connecting ProfiLux-Aquatic-Bus (PAB) devices<\/p>\n","protected":false},"featured_media":78907,"template":"","meta":[],"pwb-brand":[2157],"product_cat":[1537],"product_tag":[],"class_list":{"0":"post-87820","1":"product","2":"type-product","3":"status-publish","4":"has-post-thumbnail","6":"pwb-brand-ghl","7":"product_cat-aquarientechnik","9":"first","10":"instock","11":"taxable","12":"shipping-taxable","13":"purchasable","14":"product-type-simple"},"acf":[],"brands":[{"id":2157,"name":"GHL","slug":"ghl"}],"_links":{"self":[{"href":"https:\/\/www.seaflowerstore.com\/de\/wp-json\/wp\/v2\/product\/87820","targetHints":{"allow":["GET"]}}],"collection":[{"href":"https:\/\/www.seaflowerstore.com\/de\/wp-json\/wp\/v2\/product"}],"about":[{"href":"https:\/\/www.seaflowerstore.com\/de\/wp-json\/wp\/v2\/types\/product"}],"wp:featuredmedia":[{"embeddable":true,"href":"https:\/\/www.seaflowerstore.com\/de\/wp-json\/wp\/v2\/media\/78907"}],"wp:attachment":[{"href":"https:\/\/www.seaflowerstore.com\/de\/wp-json\/wp\/v2\/media?parent=87820"}],"wp:term":[{"taxonomy":"pwb-brand","embeddable":true,"href":"https:\/\/www.seaflowerstore.com\/de\/wp-json\/wp\/v2\/pwb-brand?post=87820"},{"taxonomy":"product_cat","embeddable":true,"href":"https:\/\/www.seaflowerstore.com\/de\/wp-json\/wp\/v2\/product_cat?post=87820"},{"taxonomy":"product_tag","embeddable":true,"href":"https:\/\/www.seaflowerstore.com\/de\/wp-json\/wp\/v2\/product_tag?post=87820"}],"curies":[{"name":"wp","href":"https:\/\/api.w.org\/{rel}","templated":true}]}}