{"id":87829,"date":"2016-02-08T09:07:10","date_gmt":"2016-02-08T08:07:10","guid":{"rendered":"https:\/\/www.seaflowerstore.com\/nl\/cuvette-hanna-pocket-checker-zonder-schroefdop\/"},"modified":"2025-03-02T18:41:02","modified_gmt":"2025-03-02T17:41:02","slug":"cuvette-hanna-pocket-checker","status":"publish","type":"product","link":"https:\/\/www.seaflowerstore.com\/de\/cuvette-hanna-pocket-checker\/","title":{"rendered":"Cuvette Hanna pocket checker"},"content":{"rendered":"<h2>Cuvette Hanna pocket checker<\/h2>\n<p><strong>Glask\u00fcvette<\/strong> ist f\u00fcr genaue Ergebnisse unerl\u00e4sslich. Es ist sehr wichtig, eine saubere und nicht verf\u00e4rbte K\u00fcvette zu verwenden. Bitte reinigen Sie sie sofort nach Gebrauch beispielsweise mit Osmosewasser und einem Mikrofasertuch.<\/p>\n","protected":false},"excerpt":{"rendered":"<p>Very important to use a clean and not discolored cuvette<\/p>\n","protected":false},"featured_media":78889,"template":"","meta":[],"pwb-brand":[2229],"product_cat":[1400],"product_tag":[],"class_list":{"0":"post-87829","1":"product","2":"type-product","3":"status-publish","4":"has-post-thumbnail","6":"pwb-brand-hanna-instruments","7":"product_cat-tester","9":"first","10":"instock","11":"taxable","12":"shipping-taxable","13":"purchasable","14":"product-type-simple"},"acf":[],"brands":[{"id":2229,"name":"Hanna Instruments","slug":"hanna-instruments"}],"_links":{"self":[{"href":"https:\/\/www.seaflowerstore.com\/de\/wp-json\/wp\/v2\/product\/87829","targetHints":{"allow":["GET"]}}],"collection":[{"href":"https:\/\/www.seaflowerstore.com\/de\/wp-json\/wp\/v2\/product"}],"about":[{"href":"https:\/\/www.seaflowerstore.com\/de\/wp-json\/wp\/v2\/types\/product"}],"wp:featuredmedia":[{"embeddable":true,"href":"https:\/\/www.seaflowerstore.com\/de\/wp-json\/wp\/v2\/media\/78889"}],"wp:attachment":[{"href":"https:\/\/www.seaflowerstore.com\/de\/wp-json\/wp\/v2\/media?parent=87829"}],"wp:term":[{"taxonomy":"pwb-brand","embeddable":true,"href":"https:\/\/www.seaflowerstore.com\/de\/wp-json\/wp\/v2\/pwb-brand?post=87829"},{"taxonomy":"product_cat","embeddable":true,"href":"https:\/\/www.seaflowerstore.com\/de\/wp-json\/wp\/v2\/product_cat?post=87829"},{"taxonomy":"product_tag","embeddable":true,"href":"https:\/\/www.seaflowerstore.com\/de\/wp-json\/wp\/v2\/product_tag?post=87829"}],"curies":[{"name":"wp","href":"https:\/\/api.w.org\/{rel}","templated":true}]}}